{"id":831212,"date":"2026-04-16T06:28:03","date_gmt":"2026-04-16T04:28:03","guid":{"rendered":"https:\/\/lucacastelli.com\/prodotto\/crazy-vest-avenger-light\/"},"modified":"2026-04-16T06:28:03","modified_gmt":"2026-04-16T04:28:03","slug":"crazy-vest-avenger-light","status":"publish","type":"product","link":"https:\/\/lucacastelli.com\/fr\/produit\/crazy-vest-avenger-light\/","title":{"rendered":"CRAZY VEST AVENGER LIGHT"},"content":{"rendered":"<p>Description du produit<\/p>\n<p>Le Vest Avenger est l&#8217;\u00e9volution de l&#8217;une des pi\u00e8ces les plus embl\u00e9matiques de CRAZY : un gilet technique hybride con\u00e7u pour les activit\u00e9s en montagne de moyenne \u00e0 haute intensit\u00e9. Le design a \u00e9t\u00e9 actualis\u00e9 avec un style plus \u00e9pur\u00e9 et moderne, tout en conservant l&#8217;identit\u00e9 technique du mod\u00e8le. <\/p>\n<p>Con\u00e7u pour offrir une chaleur mod\u00e9r\u00e9e et une protection compl\u00e8te contre le vent, il est id\u00e9al comme couche polyvalente lors d&#8217;activit\u00e9s dynamiques.<\/p>\n<p>R\u00e9alis\u00e9 en tissu Endurance Light avec traitement DWR (d\u00e9perlant), il garantit une protection contre l&#8217;humidit\u00e9 l\u00e9g\u00e8re et les conditions variables. Le mat\u00e9riau bi-\u00e9lastique assure une excellente libert\u00e9 de mouvement, tandis que sa r\u00e9sistance le rend parfait m\u00eame pour des utilisations intensives. <\/p>\n<p>Le col montant ajust\u00e9 et la construction technique compl\u00e8tent une pi\u00e8ce fonctionnelle, pratique et performante.<\/p>\n<p>Caract\u00e9ristiques principales<br \/>\nTissu technique Endurance Light r\u00e9sistant et bi-\u00e9lastique<br \/>\nTraitement DWR pour une meilleure d\u00e9perlance<br \/>\nProtection efficace contre le vent<br \/>\nCol montant ajust\u00e9 pour un meilleur confort thermique<br \/>\nZip frontale enti\u00e8rement s\u00e9parable avec rabat de protection<br \/>\nDeux poches lat\u00e9rales et poche poitrine avec fermeture zip<br \/>\nCoutures plates en couleur contrast\u00e9e<br \/>\nLogos et d\u00e9tails r\u00e9fl\u00e9chissants pour une meilleure visibilit\u00e9<br \/>\nBas avec bord \u00e9lastique pour un ajustement optimal<br \/>\nId\u00e9al pour<br \/>\nTrekking et activit\u00e9s outdoor \u00e0 haute intensit\u00e9<br \/>\nUtilisation comme couche interm\u00e9diaire ou externe l\u00e9g\u00e8re<br \/>\nConditions m\u00e9t\u00e9o variables<\/p>\n","protected":false},"excerpt":{"rendered":"<p>Description du produit Le Vest Avenger est l&#8217;\u00e9volution de l&#8217;une des pi\u00e8ces les plus embl\u00e9matiques de CRAZY : un gilet<\/p>\n","protected":false},"featured_media":831214,"template":"","meta":{"_seopress_robots_primary_cat":"none","_seopress_titles_title":"","_seopress_titles_desc":"","_seopress_robots_index":""},"product_brand":[3413],"product_cat":[21,189,190],"product_tag":[],"class_list":{"0":"post-831212","1":"product","2":"type-product","3":"status-publish","4":"has-post-thumbnail","6":"product_brand-crazy","7":"product_cat-abbigliamento","8":"product_cat-abbigliamento-per-il-tempo-libero","9":"product_cat-abbigliamento-da-uomo","10":"sws-gruppo-abb-libero-fr","11":"sws-conto-ricavi-merci-rivendita-abbigliamento-fr","12":"sws-gruppo-iva-iva81-fr","14":"first","15":"instock","16":"sale","17":"shipping-taxable","18":"product-type-variable","19":"has-default-attributes"},"_links":{"self":[{"href":"https:\/\/lucacastelli.com\/fr\/wp-json\/wp\/v2\/product\/831212","targetHints":{"allow":["GET"]}}],"collection":[{"href":"https:\/\/lucacastelli.com\/fr\/wp-json\/wp\/v2\/product"}],"about":[{"href":"https:\/\/lucacastelli.com\/fr\/wp-json\/wp\/v2\/types\/product"}],"wp:featuredmedia":[{"embeddable":true,"href":"https:\/\/lucacastelli.com\/fr\/wp-json\/wp\/v2\/media\/831214"}],"wp:attachment":[{"href":"https:\/\/lucacastelli.com\/fr\/wp-json\/wp\/v2\/media?parent=831212"}],"wp:term":[{"taxonomy":"product_brand","embeddable":true,"href":"https:\/\/lucacastelli.com\/fr\/wp-json\/wp\/v2\/product_brand?post=831212"},{"taxonomy":"product_cat","embeddable":true,"href":"https:\/\/lucacastelli.com\/fr\/wp-json\/wp\/v2\/product_cat?post=831212"},{"taxonomy":"product_tag","embeddable":true,"href":"https:\/\/lucacastelli.com\/fr\/wp-json\/wp\/v2\/product_tag?post=831212"}],"curies":[{"name":"wp","href":"https:\/\/api.w.org\/{rel}","templated":true}]}}