{"id":831192,"date":"2026-04-16T07:22:05","date_gmt":"2026-04-16T05:22:05","guid":{"rendered":"https:\/\/lucacastelli.com\/prodotto\/crazy-pant-traverse-man\/"},"modified":"2026-04-16T07:22:05","modified_gmt":"2026-04-16T05:22:05","slug":"crazy-pant-traverse-man","status":"publish","type":"product","link":"https:\/\/lucacastelli.com\/fr\/produit\/crazy-pant-traverse-man\/","title":{"rendered":"CRAZY PANT TRAVERSE MAN"},"content":{"rendered":"<p>Description du produit<\/p>\n<p>Le Pant Traverse est con\u00e7u pour le trekking l\u00e9ger et les randonn\u00e9es en moyenne montagne, offrant un \u00e9quilibre parfait entre confort, protection et polyvalence.<\/p>\n<p>Gr\u00e2ce \u00e0 son design \u00e9pur\u00e9 et moderne, il convient aussi bien aux activit\u00e9s outdoor qu&#8217;\u00e0 l&#8217;utilisation quotidienne. La construction en tissu Lite-Guard garantit l\u00e9g\u00e8ret\u00e9 et excellente compacit\u00e9, sans renoncer \u00e0 la protection et au confort thermique. <\/p>\n<p>La coupe est \u00e9tudi\u00e9e pour accompagner chaque mouvement, avec taille \u00e9lastiqu\u00e9e et bas r\u00e9glable, tandis que les diff\u00e9rentes poches assurent praticit\u00e9 durant les randonn\u00e9es.<\/p>\n<p>Caract\u00e9ristiques principales<br \/>\nTissu technique Lite-Guard l\u00e9ger, r\u00e9sistant et compact<br \/>\nBande \u00e9lastique \u00e0 la taille pour plus de confort<br \/>\nFermeture par zip et boutons-pression ultraplats<br \/>\nPoches mains ouvertes<br \/>\nPoche sur la cuisse droite avec fermeture zip<br \/>\nPoche sur la cuisse gauche avec bord \u00e9lastique<br \/>\nBas de jambe r\u00e9glable avec cordon \u00e9lastique<br \/>\nCoutures en couleur contrast\u00e9e<br \/>\nLogos r\u00e9fl\u00e9chissants pour une meilleure visibilit\u00e9<br \/>\nId\u00e9al pour<br \/>\nTrekking l\u00e9ger et randonn\u00e9es<br \/>\nActivit\u00e9s outdoor en moyenne montagne<br \/>\nUtilisation polyvalente quotidienne<\/p>\n","protected":false},"excerpt":{"rendered":"<p>Description du produit Le Pant Traverse est con\u00e7u pour le trekking l\u00e9ger et les randonn\u00e9es en moyenne montagne, offrant un<\/p>\n","protected":false},"featured_media":831196,"template":"","meta":{"_seopress_robots_primary_cat":"none","_seopress_titles_title":"","_seopress_titles_desc":"","_seopress_robots_index":""},"product_brand":[3413],"product_cat":[21,189,190],"product_tag":[],"class_list":{"0":"post-831192","1":"product","2":"type-product","3":"status-publish","4":"has-post-thumbnail","6":"product_brand-crazy","7":"product_cat-abbigliamento","8":"product_cat-abbigliamento-per-il-tempo-libero","9":"product_cat-abbigliamento-da-uomo","10":"sws-gruppo-abb-libero-fr","11":"sws-conto-ricavi-merci-rivendita-abbigliamento-fr","12":"sws-gruppo-iva-iva81-fr","14":"first","15":"instock","16":"sale","17":"shipping-taxable","18":"purchasable","19":"product-type-variable","20":"has-default-attributes"},"_links":{"self":[{"href":"https:\/\/lucacastelli.com\/fr\/wp-json\/wp\/v2\/product\/831192","targetHints":{"allow":["GET"]}}],"collection":[{"href":"https:\/\/lucacastelli.com\/fr\/wp-json\/wp\/v2\/product"}],"about":[{"href":"https:\/\/lucacastelli.com\/fr\/wp-json\/wp\/v2\/types\/product"}],"wp:featuredmedia":[{"embeddable":true,"href":"https:\/\/lucacastelli.com\/fr\/wp-json\/wp\/v2\/media\/831196"}],"wp:attachment":[{"href":"https:\/\/lucacastelli.com\/fr\/wp-json\/wp\/v2\/media?parent=831192"}],"wp:term":[{"taxonomy":"product_brand","embeddable":true,"href":"https:\/\/lucacastelli.com\/fr\/wp-json\/wp\/v2\/product_brand?post=831192"},{"taxonomy":"product_cat","embeddable":true,"href":"https:\/\/lucacastelli.com\/fr\/wp-json\/wp\/v2\/product_cat?post=831192"},{"taxonomy":"product_tag","embeddable":true,"href":"https:\/\/lucacastelli.com\/fr\/wp-json\/wp\/v2\/product_tag?post=831192"}],"curies":[{"name":"wp","href":"https:\/\/api.w.org\/{rel}","templated":true}]}}