{"id":831191,"date":"2026-04-16T06:20:34","date_gmt":"2026-04-16T04:20:34","guid":{"rendered":"https:\/\/lucacastelli.com\/prodotto\/crazy-veste-avenger-light\/"},"modified":"2026-04-16T06:20:34","modified_gmt":"2026-04-16T04:20:34","slug":"crazy-veste-avenger-light","status":"publish","type":"product","link":"https:\/\/lucacastelli.com\/fr\/produit\/crazy-veste-avenger-light\/","title":{"rendered":"CRAZY VESTE AVENGER LIGHT"},"content":{"rendered":"<p>Description du produit<\/p>\n<p>La veste Avenger repr\u00e9sente l\u2019\u00e9volution de l\u2019une des pi\u00e8ces les plus embl\u00e9matiques de la collection CRAZY, d\u00e9sormais actualis\u00e9e avec un design encore plus \u00e9pur\u00e9 et moderne.<\/p>\n<p>Con\u00e7ue pour offrir une chaleur mod\u00e9r\u00e9e et une protection totale contre le vent, elle est le choix id\u00e9al pour les activit\u00e9s de plein air et un usage quotidien \u00e0 la mi-saison.<\/p>\n<p>Enti\u00e8rement r\u00e9alis\u00e9e en tissu Endurance Light, elle allie l\u00e9g\u00e8ret\u00e9, r\u00e9sistance et confort. Le traitement DWR (d\u00e9perlant) prot\u00e8ge de l\u2019humidit\u00e9 l\u00e9g\u00e8re, tandis que la structure bi-extensible garantit une libert\u00e9 de mouvement maximale, m\u00eame dans les conditions les plus dynamiques. <\/p>\n<p>Caract\u00e9ristiques principales<br \/>\nTissu technique Endurance Light l\u00e9ger, r\u00e9sistant et bi-extensible<br \/>\nTraitement DWR pour une d\u00e9perlance accrue<br \/>\nProtezione efficace contre le vent<br \/>\nCapuche ergonomique avec bord \u00e9lastique<br \/>\nZip frontal int\u00e9gral avec rabat de protection<br \/>\nPoches lat\u00e9rales et poche poitrine avec d\u00e9tails r\u00e9fl\u00e9chissants<br \/>\nCoutures plates de couleur contrast\u00e9e<br \/>\nLogos r\u00e9fl\u00e9chissants pour une meilleure visibilit\u00e9<br \/>\nBas avec bord \u00e9lastique<br \/>\nId\u00e9al pour<br \/>\nTrekking et activit\u00e9s de plein air<br \/>\nUsage quotidien \u00e0 la mi-saison<br \/>\nProtection contre le vent et les conditions variables<\/p>\n","protected":false},"excerpt":{"rendered":"<p>Description du produit La veste Avenger repr\u00e9sente l\u2019\u00e9volution de l\u2019une des pi\u00e8ces les plus embl\u00e9matiques de la collection CRAZY, d\u00e9sormais<\/p>\n","protected":false},"featured_media":831194,"template":"","meta":{"_seopress_robots_primary_cat":"none","_seopress_titles_title":"","_seopress_titles_desc":"","_seopress_robots_index":""},"product_brand":[3413],"product_cat":[21,189,190],"product_tag":[],"class_list":{"0":"post-831191","1":"product","2":"type-product","3":"status-publish","4":"has-post-thumbnail","6":"product_brand-crazy","7":"product_cat-abbigliamento","8":"product_cat-abbigliamento-per-il-tempo-libero","9":"product_cat-abbigliamento-da-uomo","10":"sws-gruppo-abb-libero-fr","11":"sws-conto-ricavi-merci-rivendita-abbigliamento-fr","12":"sws-gruppo-iva-iva81-fr","14":"first","15":"instock","16":"sale","17":"shipping-taxable","18":"product-type-variable","19":"has-default-attributes"},"_links":{"self":[{"href":"https:\/\/lucacastelli.com\/fr\/wp-json\/wp\/v2\/product\/831191","targetHints":{"allow":["GET"]}}],"collection":[{"href":"https:\/\/lucacastelli.com\/fr\/wp-json\/wp\/v2\/product"}],"about":[{"href":"https:\/\/lucacastelli.com\/fr\/wp-json\/wp\/v2\/types\/product"}],"wp:featuredmedia":[{"embeddable":true,"href":"https:\/\/lucacastelli.com\/fr\/wp-json\/wp\/v2\/media\/831194"}],"wp:attachment":[{"href":"https:\/\/lucacastelli.com\/fr\/wp-json\/wp\/v2\/media?parent=831191"}],"wp:term":[{"taxonomy":"product_brand","embeddable":true,"href":"https:\/\/lucacastelli.com\/fr\/wp-json\/wp\/v2\/product_brand?post=831191"},{"taxonomy":"product_cat","embeddable":true,"href":"https:\/\/lucacastelli.com\/fr\/wp-json\/wp\/v2\/product_cat?post=831191"},{"taxonomy":"product_tag","embeddable":true,"href":"https:\/\/lucacastelli.com\/fr\/wp-json\/wp\/v2\/product_tag?post=831191"}],"curies":[{"name":"wp","href":"https:\/\/api.w.org\/{rel}","templated":true}]}}