{"id":831171,"date":"2026-04-16T06:56:40","date_gmt":"2026-04-16T04:56:40","guid":{"rendered":"https:\/\/lucacastelli.com\/prodotto\/crazy-short-acceleration\/"},"modified":"2026-04-16T06:56:40","modified_gmt":"2026-04-16T04:56:40","slug":"crazy-short-acceleration","status":"publish","type":"product","link":"https:\/\/lucacastelli.com\/fr\/produit\/crazy-short-acceleration\/","title":{"rendered":"CRAZY SHORT ACCELERATION"},"content":{"rendered":"<p>Description du produit<\/p>\n<p>Les Short Fast &amp; Light sont con\u00e7us pour offrir des performances \u00e9lev\u00e9es dans les activit\u00e9s outdoor les plus dynamiques. Gr\u00e2ce \u00e0 leur coupe athl\u00e9tique, ils sont id\u00e9aux pour le trekking rapide, la randonn\u00e9e et les sports \u00e0 haute intensit\u00e9, o\u00f9 l\u00e9g\u00e8ret\u00e9 et libert\u00e9 de mouvement font la diff\u00e9rence. <\/p>\n<p>La nouvelle ceinture \u00e9lastique, am\u00e9lior\u00e9e par rapport aux versions pr\u00e9c\u00e9dentes, garantit un ajustement stable et confortable, avec r\u00e9glage par cordon interne.<\/p>\n<p>La structure technique combine des mat\u00e9riaux performants : le tissu Stretch Series, ultra l\u00e9ger et \u00e9lastique \u00e0 l&#8217;arri\u00e8re, assure une mobilit\u00e9 maximale, tandis que le Lite-Guard \u00e0 l&#8217;avant offre une r\u00e9sistance accrue dans les zones les plus expos\u00e9es.<\/p>\n<p>Caract\u00e9ristiques principales<br \/>\nConstruction technique avec tissus Stretch Series (\u00e9lasticit\u00e9) et Lite-Guard (r\u00e9sistance)<br \/>\nCeinture \u00e9lastique avec r\u00e9glage par cordon interne<br \/>\nOurlet coll\u00e9 pour plus de confort et r\u00e9duction des frottements<br \/>\nPoches lat\u00e9rales las\u00e9r\u00e9es avec fermetures \u00e9clair coll\u00e9es<br \/>\nPoche sur cuisse droite avec fermeture \u00e9clair<br \/>\nLogos r\u00e9fl\u00e9chissants pour une meilleure visibilit\u00e9<br \/>\nCoutures en couleur contrast\u00e9e<br \/>\nCoupe athl\u00e9tique pour activit\u00e9s \u00e0 haute intensit\u00e9<br \/>\nId\u00e9al pour<br \/>\nTrekking rapide et randonn\u00e9e technique<br \/>\nActivit\u00e9s outdoor \u00e0 haute intensit\u00e9<br \/>\nUtilisation estivale avec respirabilit\u00e9 et confort maximaux<\/p>\n","protected":false},"excerpt":{"rendered":"<p>Description du produit Les Short Fast &amp; Light sont con\u00e7us pour offrir des performances \u00e9lev\u00e9es dans les activit\u00e9s outdoor les<\/p>\n","protected":false},"featured_media":831172,"template":"","meta":{"_seopress_robots_primary_cat":"none","_seopress_titles_title":"","_seopress_titles_desc":"","_seopress_robots_index":""},"product_brand":[3413],"product_cat":[21,189,190],"product_tag":[],"class_list":{"0":"post-831171","1":"product","2":"type-product","3":"status-publish","4":"has-post-thumbnail","6":"product_brand-crazy","7":"product_cat-abbigliamento","8":"product_cat-abbigliamento-per-il-tempo-libero","9":"product_cat-abbigliamento-da-uomo","10":"sws-gruppo-abb-libero-fr","11":"sws-conto-ricavi-merci-rivendita-abbigliamento-fr","12":"sws-gruppo-iva-iva81-fr","14":"first","15":"instock","16":"sale","17":"shipping-taxable","18":"product-type-variable","19":"has-default-attributes"},"_links":{"self":[{"href":"https:\/\/lucacastelli.com\/fr\/wp-json\/wp\/v2\/product\/831171","targetHints":{"allow":["GET"]}}],"collection":[{"href":"https:\/\/lucacastelli.com\/fr\/wp-json\/wp\/v2\/product"}],"about":[{"href":"https:\/\/lucacastelli.com\/fr\/wp-json\/wp\/v2\/types\/product"}],"wp:featuredmedia":[{"embeddable":true,"href":"https:\/\/lucacastelli.com\/fr\/wp-json\/wp\/v2\/media\/831172"}],"wp:attachment":[{"href":"https:\/\/lucacastelli.com\/fr\/wp-json\/wp\/v2\/media?parent=831171"}],"wp:term":[{"taxonomy":"product_brand","embeddable":true,"href":"https:\/\/lucacastelli.com\/fr\/wp-json\/wp\/v2\/product_brand?post=831171"},{"taxonomy":"product_cat","embeddable":true,"href":"https:\/\/lucacastelli.com\/fr\/wp-json\/wp\/v2\/product_cat?post=831171"},{"taxonomy":"product_tag","embeddable":true,"href":"https:\/\/lucacastelli.com\/fr\/wp-json\/wp\/v2\/product_tag?post=831171"}],"curies":[{"name":"wp","href":"https:\/\/api.w.org\/{rel}","templated":true}]}}