{"id":831060,"date":"2025-08-08T13:48:57","date_gmt":"2025-08-08T11:48:57","guid":{"rendered":"https:\/\/lucacastelli.com\/prodotto\/milwaukee-perforateur-pour-forage-au-plafond-avec-aspiration-integree-16-mm-m18-fuel-2\/"},"modified":"2025-08-08T13:48:57","modified_gmt":"2025-08-08T11:48:57","slug":"milwaukee-perforateur-pour-forage-au-plafond-avec-aspiration-integree-16-mm-m18-fuel-2","status":"publish","type":"product","link":"https:\/\/lucacastelli.com\/fr\/produit\/milwaukee-perforateur-pour-forage-au-plafond-avec-aspiration-integree-16-mm-m18-fuel-2\/","title":{"rendered":"MILWAUKEE Perforateur pour forage au plafond avec aspiration int\u00e9gr\u00e9e 16 mm M18 FUEL\u2122"},"content":{"rendered":"<p>M18FHAFOH16-0\/SDS-PLUS<br \/>\nLe premier perforateur avec aspiration int\u00e9gr\u00e9e existant ; Filtre HEPA avec efficacit\u00e9 de collecte des poussi\u00e8res de 99,97 % (particules inf\u00e9rieures \u00e0 0,3 micron) ; Le syst\u00e8me AUTOSTOP\u2122 arr\u00eate automatiquement l\u2019outil en cas de mouvements brusques pour prot\u00e9ger l\u2019utilisateur ; Optimis\u00e9 pour le forage au plafond ; M\u00e9canisme de nettoyage automatique du filtre AUTOPULSE\u2122 int\u00e9gr\u00e9 directement dans l\u2019outil, augmentant la circulation de l\u2019air et la dur\u00e9e de vie du filtre ; Syst\u00e8me anti-vibration (AVS) pour minimiser la fatigue de l\u2019utilisateur et l\u2019exposition aux vibrations. \u00c9quip\u00e9 \u00e9galement d\u2019une poign\u00e9e lat\u00e9rale anti-vibrations ; Le bac \u00e0 poussi\u00e8re translucide permet \u00e0 l\u2019utilisateur de voir le niveau actuel de poussi\u00e8re \u00e0 l\u2019int\u00e9rieur et quand le bac est plein ; Le syst\u00e8me ONE-KEY\u2122 Tracking &amp; Security offre gratuitement un service de suivi et de gestion d\u2019inventaire bas\u00e9 sur le cloud, avec \u00e9galement des fonctionnalit\u00e9s de verrouillage \u00e0 distance ; La technologie FUEL\u2122 red\u00e9finit les outils \u00e9lectriques sans fil. Le moteur brushless, l\u2019\u00e9lectronique REDLINK PLUS\u2122 et la batterie REDLITHIUM\u2122 offrent des performances et une durabilit\u00e9 sup\u00e9rieures ; Le pare-poussi\u00e8re flexible augmente le confort et l\u2019efficacit\u00e9 de l\u2019utilisateur, surtout lors de forages en hauteur entre des tuyaux et dans des espaces restreints ; Fonctionne avec toutes les batteries M18\u2122 MILWAUKEE\u00ae  <\/p>\n<p>4933493531<br \/>\n4058546484026<\/p>\n","protected":false},"excerpt":{"rendered":"<p>M18FHAFOH16-0\/SDS-PLUS<\/p>\n","protected":false},"featured_media":599507,"template":"","meta":{"_seopress_robots_primary_cat":"","_seopress_titles_title":"","_seopress_titles_desc":"","_seopress_robots_index":""},"product_brand":[3407],"product_cat":[29,514,549],"product_tag":[3270],"class_list":{"0":"post-831060","1":"product","2":"type-product","3":"status-publish","4":"has-post-thumbnail","6":"product_brand-milwaukee","7":"product_cat-macchinari","8":"product_cat-altri-dispositivi","9":"product_cat-trapani-e-avvitatori","10":"product_tag-import-milwau","11":"sws-conto-ricavi-merci-rivendita-macchinari-fr","12":"sws-gruppo-iva-iva81-fr","14":"first","15":"onbackorder","16":"sale","17":"shipping-taxable","18":"purchasable","19":"product-type-simple"},"_links":{"self":[{"href":"https:\/\/lucacastelli.com\/fr\/wp-json\/wp\/v2\/product\/831060","targetHints":{"allow":["GET"]}}],"collection":[{"href":"https:\/\/lucacastelli.com\/fr\/wp-json\/wp\/v2\/product"}],"about":[{"href":"https:\/\/lucacastelli.com\/fr\/wp-json\/wp\/v2\/types\/product"}],"wp:featuredmedia":[{"embeddable":true,"href":"https:\/\/lucacastelli.com\/fr\/wp-json\/wp\/v2\/media\/599507"}],"wp:attachment":[{"href":"https:\/\/lucacastelli.com\/fr\/wp-json\/wp\/v2\/media?parent=831060"}],"wp:term":[{"taxonomy":"product_brand","embeddable":true,"href":"https:\/\/lucacastelli.com\/fr\/wp-json\/wp\/v2\/product_brand?post=831060"},{"taxonomy":"product_cat","embeddable":true,"href":"https:\/\/lucacastelli.com\/fr\/wp-json\/wp\/v2\/product_cat?post=831060"},{"taxonomy":"product_tag","embeddable":true,"href":"https:\/\/lucacastelli.com\/fr\/wp-json\/wp\/v2\/product_tag?post=831060"}],"curies":[{"name":"wp","href":"https:\/\/api.w.org\/{rel}","templated":true}]}}