{"id":831054,"date":"2025-08-08T13:48:42","date_gmt":"2025-08-08T11:48:42","guid":{"rendered":"https:\/\/lucacastelli.com\/prodotto\/milwaukee-perforateur-sds-plus-trois-modes-avec-capacite-de-percage-jusqua-26-mm-2\/"},"modified":"2025-08-08T13:48:42","modified_gmt":"2025-08-08T11:48:42","slug":"milwaukee-perforateur-sds-plus-trois-modes-avec-capacite-de-percage-jusqua-26-mm-2","status":"publish","type":"product","link":"https:\/\/lucacastelli.com\/fr\/produit\/milwaukee-perforateur-sds-plus-trois-modes-avec-capacite-de-percage-jusqua-26-mm-2\/","title":{"rendered":"MILWAUKEE Perforateur SDS-PLUS trois modes avec capacit\u00e9 de per\u00e7age jusqu&#8217;\u00e0 26 mm"},"content":{"rendered":"<p>PH 26T\/PERFORATEURS<br \/>\nPerforateur puissant, robuste et compact pour applications de per\u00e7age dans la ma\u00e7onnerie et le b\u00e9ton;Frappe maximale de 2,4 J avec percussions par minute de gamme \u00e9lev\u00e9e;Moteur puissant de 800 W m\u00eame pour les applications les plus exigeantes;Optimis\u00e9 pour trous de 6 \u00e0 16 mm;Embrayage de s\u00e9curit\u00e9 pour la protection de l&#8217;op\u00e9rateur en cas de blocage du foret;Fourni avec c\u00e2ble de 4 m\u00e8tres<\/p>\n<p>4933464580<br \/>\n4058546225254<\/p>\n","protected":false},"excerpt":{"rendered":"<p>PH 26T\/PERFORATEURS<\/p>\n","protected":false},"featured_media":573589,"template":"","meta":{"_seopress_robots_primary_cat":"","_seopress_titles_title":"","_seopress_titles_desc":"","_seopress_robots_index":""},"product_brand":[3407],"product_cat":[29,514,549],"product_tag":[3270],"class_list":{"0":"post-831054","1":"product","2":"type-product","3":"status-publish","4":"has-post-thumbnail","6":"product_brand-milwaukee","7":"product_cat-macchinari","8":"product_cat-altri-dispositivi","9":"product_cat-trapani-e-avvitatori","10":"product_tag-import-milwau","11":"sws-conto-ricavi-merci-rivendita-macchinari-fr","12":"sws-gruppo-iva-iva81-fr","14":"first","15":"onbackorder","16":"sale","17":"shipping-taxable","18":"purchasable","19":"product-type-simple"},"_links":{"self":[{"href":"https:\/\/lucacastelli.com\/fr\/wp-json\/wp\/v2\/product\/831054","targetHints":{"allow":["GET"]}}],"collection":[{"href":"https:\/\/lucacastelli.com\/fr\/wp-json\/wp\/v2\/product"}],"about":[{"href":"https:\/\/lucacastelli.com\/fr\/wp-json\/wp\/v2\/types\/product"}],"wp:featuredmedia":[{"embeddable":true,"href":"https:\/\/lucacastelli.com\/fr\/wp-json\/wp\/v2\/media\/573589"}],"wp:attachment":[{"href":"https:\/\/lucacastelli.com\/fr\/wp-json\/wp\/v2\/media?parent=831054"}],"wp:term":[{"taxonomy":"product_brand","embeddable":true,"href":"https:\/\/lucacastelli.com\/fr\/wp-json\/wp\/v2\/product_brand?post=831054"},{"taxonomy":"product_cat","embeddable":true,"href":"https:\/\/lucacastelli.com\/fr\/wp-json\/wp\/v2\/product_cat?post=831054"},{"taxonomy":"product_tag","embeddable":true,"href":"https:\/\/lucacastelli.com\/fr\/wp-json\/wp\/v2\/product_tag?post=831054"}],"curies":[{"name":"wp","href":"https:\/\/api.w.org\/{rel}","templated":true}]}}