{"id":831051,"date":"2025-08-08T13:48:45","date_gmt":"2025-08-08T11:48:45","guid":{"rendered":"https:\/\/lucacastelli.com\/prodotto\/milwaukee-perforateur-sds-plus-32-mm-en-ligne-m18-fuel-avec-one-key\/"},"modified":"2025-08-08T13:48:45","modified_gmt":"2025-08-08T11:48:45","slug":"milwaukee-perforateur-sds-plus-32-mm-en-ligne-m18-fuel-avec-one-key","status":"publish","type":"product","link":"https:\/\/lucacastelli.com\/fr\/produit\/milwaukee-perforateur-sds-plus-32-mm-en-ligne-m18-fuel-avec-one-key\/","title":{"rendered":"MILWAUKEE Perforateur SDS-Plus 32 mm en ligne M18 FUEL\u2122 avec ONE-KEY\u2122"},"content":{"rendered":"<p>Perforateur SDS-Plus 32 mm en ligne M18 FUEL\u2122 avec ONE-KEY\u2122<br \/>\nM18 FHACOD32-0 \/SDS-PLUS et SDS-MAX<br \/>\nPoign\u00e9e en D avec design l\u00e9ger et ergonomique pour un confort maximal de l&#8217;utilisateur ; Le m\u00e9canisme puissant et le moteur sans balais fournissent une force d&#8217;impact de 4,9 J ; 4 modes de fonctionnement : perforateur, burinage, rotation et position neutre pour l&#8217;orientation du burin ; Poign\u00e9e lat\u00e9rale anti-vibration ; Syst\u00e8me AUTOSTOP\u2122, arr\u00eate l&#8217;outil pour prot\u00e9ger l&#8217;utilisateur en cas de rotations brusques ; Le syst\u00e8me ONE-KEY\u2122 Tracking &amp; Security offre gratuitement un service de suivi et de gestion d&#8217;inventaire bas\u00e9 sur le cloud, disposant \u00e9galement de fonctionnalit\u00e9s de verrouillage \u00e0 distance ; Compatible avec aspirateur M18 FDDEL32 ; L&#8217;\u00e9lectronique REDLINK PLUS\u2122 prot\u00e8ge l&#8217;outil et la batterie contre la surcharge, garantissant une dur\u00e9e de vie sup\u00e9rieure dans les applications intensives ; La batterie REDLITHIUM\u2122 garantit une construction avanc\u00e9e du pack batterie, pour offrir une autonomie sup\u00e9rieure et des performances constantes dans le temps ; La technologie FUEL\u2122 red\u00e9finit les outils \u00e9lectroportatifs sans fil. Le moteur brushless, l&#8217;\u00e9lectronique REDLINK PLUS\u2122 et le pack batterie REDLITHIUM\u2122 offrent des performances et une durabilit\u00e9 sup\u00e9rieures <\/p>\n<p>4933492141<br \/>\n4058546415082<\/p>\n","protected":false},"excerpt":{"rendered":"<p>M18 FHACOD32-0 \/SDS-PLUS et SDS-MAX<\/p>\n","protected":false},"featured_media":592769,"template":"","meta":{"_seopress_robots_primary_cat":"","_seopress_titles_title":"","_seopress_titles_desc":"","_seopress_robots_index":""},"product_brand":[3407],"product_cat":[29,514,549],"product_tag":[3270],"class_list":{"0":"post-831051","1":"product","2":"type-product","3":"status-publish","4":"has-post-thumbnail","6":"product_brand-milwaukee","7":"product_cat-macchinari","8":"product_cat-altri-dispositivi","9":"product_cat-trapani-e-avvitatori","10":"product_tag-import-milwau","11":"sws-conto-ricavi-merci-rivendita-macchinari-fr","12":"sws-gruppo-iva-iva81-fr","14":"first","15":"onbackorder","16":"sale","17":"shipping-taxable","18":"purchasable","19":"product-type-simple"},"_links":{"self":[{"href":"https:\/\/lucacastelli.com\/fr\/wp-json\/wp\/v2\/product\/831051","targetHints":{"allow":["GET"]}}],"collection":[{"href":"https:\/\/lucacastelli.com\/fr\/wp-json\/wp\/v2\/product"}],"about":[{"href":"https:\/\/lucacastelli.com\/fr\/wp-json\/wp\/v2\/types\/product"}],"wp:featuredmedia":[{"embeddable":true,"href":"https:\/\/lucacastelli.com\/fr\/wp-json\/wp\/v2\/media\/592769"}],"wp:attachment":[{"href":"https:\/\/lucacastelli.com\/fr\/wp-json\/wp\/v2\/media?parent=831051"}],"wp:term":[{"taxonomy":"product_brand","embeddable":true,"href":"https:\/\/lucacastelli.com\/fr\/wp-json\/wp\/v2\/product_brand?post=831051"},{"taxonomy":"product_cat","embeddable":true,"href":"https:\/\/lucacastelli.com\/fr\/wp-json\/wp\/v2\/product_cat?post=831051"},{"taxonomy":"product_tag","embeddable":true,"href":"https:\/\/lucacastelli.com\/fr\/wp-json\/wp\/v2\/product_tag?post=831051"}],"curies":[{"name":"wp","href":"https:\/\/api.w.org\/{rel}","templated":true}]}}