{"id":831048,"date":"2025-08-08T12:06:49","date_gmt":"2025-08-08T10:06:49","guid":{"rendered":"https:\/\/lucacastelli.com\/prodotto\/milwaukee-coupe-cables-125-mm-m18-force-logic-2\/"},"modified":"2025-08-08T12:06:49","modified_gmt":"2025-08-08T10:06:49","slug":"milwaukee-coupe-cables-125-mm-m18-force-logic-2","status":"publish","type":"product","link":"https:\/\/lucacastelli.com\/fr\/produit\/milwaukee-coupe-cables-125-mm-m18-force-logic-2\/","title":{"rendered":"MILWAUKEE Coupe-c\u00e2bles 125 mm M18\u2122 FORCE LOGIC\u2122"},"content":{"rendered":"<p>M18 HCC125-801C\/COUPE-C\u00c2BLES<br \/>\nLe coupe-c\u00e2bles avec d\u00e9marrage \u00e0 distance FORCE LOGIC\u2122 coupe l\u2019aluminium, le cuivre et les c\u00e2bles arm\u00e9s jusqu\u2019\u00e0 125 mm de diam\u00e8tre ; Poign\u00e9e lat\u00e9rale r\u00e9glable, design en ligne et anneau pour l\u2019accrocher aux c\u00e2bles et aux crochets ; Le syst\u00e8me de fermeture Quick Lock permet aux utilisateurs d\u2019ouvrir et de fermer facilement le crochet sans probl\u00e8me d\u2019alignement ; Permet de s\u00e9parer les c\u00e2bles afin de faciliter la coupe ; La batterie est prot\u00e9g\u00e9e par une coque rendant la machine certifi\u00e9e IP54, r\u00e9sistante \u00e0 la poussi\u00e8re et \u00e0 l\u2019humidit\u00e9 ; Remplacement facile de la lame \u00e0 vue, \u00e9vitant les temps morts ; La t\u00eate pivotante \u00e0 180 degr\u00e9s facilite l\u2019alignement de la machine avec les c\u00e2bles \u00e0 couper ; Le syst\u00e8me ONE-KEY\u2122 Tracking &amp; Security offre gratuitement un service de suivi et de gestion d\u2019inventaire bas\u00e9 sur le cloud, avec des fonctionnalit\u00e9s de verrouillage \u00e0 distance et de rapports d\u2019application ; Le moteur brushless, l\u2019\u00e9lectronique REDLINK PLUS\u2122 et la batterie REDLITHIUM\u2122 offrent des performances et une durabilit\u00e9 sup\u00e9rieures ; Fonctionne avec toutes les batteries M18\u2122 MILWAUKEE\u00ae<\/p>\n<p>4933492419<br \/>\n4058546417864<\/p>\n","protected":false},"excerpt":{"rendered":"<p>M18 HCC125-801C\/COUPE-C\u00c2BLES<\/p>\n","protected":false},"featured_media":583589,"template":"","meta":{"_seopress_robots_primary_cat":"","_seopress_titles_title":"","_seopress_titles_desc":"","_seopress_robots_index":""},"product_brand":[3658],"product_cat":[5532,167,1453],"product_tag":[3273],"class_list":{"0":"post-831048","1":"product","2":"type-product","3":"status-publish","4":"has-post-thumbnail","6":"product_brand-milwaukee-fr","7":"product_cat-diverses-machines-milwaukee","8":"product_cat-machines","9":"product_cat-autres-appareils","10":"product_tag-import-milwau-fr","11":"sws-conto-ricavi-merci-rivendita-macchinari-fr","12":"sws-gruppo-iva-iva81-fr","14":"first","15":"onbackorder","16":"sale","17":"shipping-taxable","18":"purchasable","19":"product-type-simple"},"_links":{"self":[{"href":"https:\/\/lucacastelli.com\/fr\/wp-json\/wp\/v2\/product\/831048","targetHints":{"allow":["GET"]}}],"collection":[{"href":"https:\/\/lucacastelli.com\/fr\/wp-json\/wp\/v2\/product"}],"about":[{"href":"https:\/\/lucacastelli.com\/fr\/wp-json\/wp\/v2\/types\/product"}],"wp:featuredmedia":[{"embeddable":true,"href":"https:\/\/lucacastelli.com\/fr\/wp-json\/wp\/v2\/media\/583589"}],"wp:attachment":[{"href":"https:\/\/lucacastelli.com\/fr\/wp-json\/wp\/v2\/media?parent=831048"}],"wp:term":[{"taxonomy":"product_brand","embeddable":true,"href":"https:\/\/lucacastelli.com\/fr\/wp-json\/wp\/v2\/product_brand?post=831048"},{"taxonomy":"product_cat","embeddable":true,"href":"https:\/\/lucacastelli.com\/fr\/wp-json\/wp\/v2\/product_cat?post=831048"},{"taxonomy":"product_tag","embeddable":true,"href":"https:\/\/lucacastelli.com\/fr\/wp-json\/wp\/v2\/product_tag?post=831048"}],"curies":[{"name":"wp","href":"https:\/\/api.w.org\/{rel}","templated":true}]}}