{"id":831045,"date":"2025-08-08T13:48:40","date_gmt":"2025-08-08T11:48:40","guid":{"rendered":"https:\/\/lucacastelli.com\/prodotto\/milwaukee-perforateur-sds-plus-a-trois-modes-avec-capacite-de-percage-jusqua-28-mm-3\/"},"modified":"2025-08-08T13:48:40","modified_gmt":"2025-08-08T11:48:40","slug":"milwaukee-perforateur-sds-plus-a-trois-modes-avec-capacite-de-percage-jusqua-28-mm-3","status":"publish","type":"product","link":"https:\/\/lucacastelli.com\/fr\/produit\/milwaukee-perforateur-sds-plus-a-trois-modes-avec-capacite-de-percage-jusqua-28-mm-3\/","title":{"rendered":"MILWAUKEE Perforateur SDS-Plus \u00e0 trois modes avec capacit\u00e9 de per\u00e7age jusqu\u2019\u00e0 28 mm"},"content":{"rendered":"<p>PLH 28 E\/PERFORATEURS<br \/>\nPerforateur robuste haute performance d\u00e9livrant jusqu\u2019\u00e0 4,1 J de force de frappe ; Puissant moteur de 800 W pour de grandes performances de per\u00e7age dans le b\u00e9ton ; Faibles vibrations de 10,6 m\/s\u00b2 gr\u00e2ce \u00e0 la poign\u00e9e anti-vibrations ; Excellent \u00e9quilibre et maniabilit\u00e9 gr\u00e2ce au design en L avec syst\u00e8me AVS (Anti-Vibration) ; D\u00e9brayage de s\u00e9curit\u00e9 pour la protection de l\u2019op\u00e9rateur et de l\u2019outil ; 4 modes et fonction Roto-stop avec orientation du burin pour les travaux de burinage l\u00e9ger <\/p>\n<p>4933446790<br \/>\n4002395005482<\/p>\n","protected":false},"excerpt":{"rendered":"<p>PLH 28 E\/PERFORATEURS<\/p>\n","protected":false},"featured_media":570546,"template":"","meta":{"_seopress_robots_primary_cat":"","_seopress_titles_title":"","_seopress_titles_desc":"","_seopress_robots_index":""},"product_brand":[3407],"product_cat":[29,514,549],"product_tag":[3270],"class_list":{"0":"post-831045","1":"product","2":"type-product","3":"status-publish","4":"has-post-thumbnail","6":"product_brand-milwaukee","7":"product_cat-macchinari","8":"product_cat-altri-dispositivi","9":"product_cat-trapani-e-avvitatori","10":"product_tag-import-milwau","11":"sws-conto-ricavi-merci-rivendita-macchinari-fr","12":"sws-gruppo-iva-iva81-fr","14":"first","15":"onbackorder","16":"sale","17":"shipping-taxable","18":"purchasable","19":"product-type-simple"},"_links":{"self":[{"href":"https:\/\/lucacastelli.com\/fr\/wp-json\/wp\/v2\/product\/831045","targetHints":{"allow":["GET"]}}],"collection":[{"href":"https:\/\/lucacastelli.com\/fr\/wp-json\/wp\/v2\/product"}],"about":[{"href":"https:\/\/lucacastelli.com\/fr\/wp-json\/wp\/v2\/types\/product"}],"wp:featuredmedia":[{"embeddable":true,"href":"https:\/\/lucacastelli.com\/fr\/wp-json\/wp\/v2\/media\/570546"}],"wp:attachment":[{"href":"https:\/\/lucacastelli.com\/fr\/wp-json\/wp\/v2\/media?parent=831045"}],"wp:term":[{"taxonomy":"product_brand","embeddable":true,"href":"https:\/\/lucacastelli.com\/fr\/wp-json\/wp\/v2\/product_brand?post=831045"},{"taxonomy":"product_cat","embeddable":true,"href":"https:\/\/lucacastelli.com\/fr\/wp-json\/wp\/v2\/product_cat?post=831045"},{"taxonomy":"product_tag","embeddable":true,"href":"https:\/\/lucacastelli.com\/fr\/wp-json\/wp\/v2\/product_tag?post=831045"}],"curies":[{"name":"wp","href":"https:\/\/api.w.org\/{rel}","templated":true}]}}