{"id":831042,"date":"2025-08-08T12:06:47","date_gmt":"2025-08-08T10:06:47","guid":{"rendered":"https:\/\/lucacastelli.com\/prodotto\/coupe-cables-milwaukee-125-mm-m18-force-logic-avec-demarrage-a-distance\/"},"modified":"2025-08-08T12:06:47","modified_gmt":"2025-08-08T10:06:47","slug":"coupe-cables-milwaukee-125-mm-m18-force-logic-avec-demarrage-a-distance","status":"publish","type":"product","link":"https:\/\/lucacastelli.com\/fr\/produit\/coupe-cables-milwaukee-125-mm-m18-force-logic-avec-demarrage-a-distance\/","title":{"rendered":"Coupe-c\u00e2bles MILWAUKEE 125 mm M18\u2122 FORCE LOGIC\u2122 avec d\u00e9marrage \u00e0 distance"},"content":{"rendered":"<p>M18 HSFC125R-802C\/COUPE-C\u00c2BLES<br \/>\nLe coupe-c\u00e2bles FORCE LOGIC\u2122 coupe les c\u00e2bles en aluminium, en cuivre et les c\u00e2bles arm\u00e9s jusqu\u2019\u00e0 125 mm de diam\u00e8tre ; La t\u00e9l\u00e9commande sans fil communique avec l\u2019outil via une connexion Bluetooth\u00ae, \u00e9liminant toute connexion physique avec l\u2019outil et permettant aux techniciens de ligne d\u2019effectuer des coupes \u00e0 distance en toute s\u00e9curit\u00e9 et sans fils ; Le voyant vert sur la t\u00e9l\u00e9commande certifie la r\u00e9ussite de la coupe ; Possibilit\u00e9 d\u2019actionner le coupe-c\u00e2bles \u00e0 distance ou manuellement ; La batterie est prot\u00e9g\u00e9e par une coque rendant la machine certifi\u00e9e IP54, r\u00e9sistante \u00e0 la poussi\u00e8re et \u00e0 l\u2019humidit\u00e9 ; Jusqu\u2019\u00e0 40 coupes avec une batterie de 8 Ah ; Poign\u00e9e lat\u00e9rale r\u00e9glable, design en ligne et anneau pour pouvoir l\u2019accrocher aux c\u00e2bles et aux crochets ; Point de connexion rapide situ\u00e9 sur la t\u00eate de coupe pour r\u00e9gler rapidement l\u2019outil ; La t\u00eate pivotante \u00e0 180 degr\u00e9s facilite l\u2019alignement de la machine avec les c\u00e2bles \u00e0 couper ; Le syst\u00e8me ONE-KEY\u2122 Tracking &amp; Security offre gratuitement un service de suivi et de gestion de l\u2019inventaire bas\u00e9 sur le cloud, disposant \u00e9galement de fonctionnalit\u00e9s de verrouillage \u00e0 distance et de rapports d\u2019applications ; Le moteur brushless, l\u2019\u00e9lectronique REDLINK PLUS\u2122 et le bloc-batterie REDLITHIUM\u2122 offrent des performances et une dur\u00e9e de vie sup\u00e9rieures ; Fonctionne avec toutes les batteries M18\u2122 MILWAUKEE\u00ae<\/p>\n<p>4933492421<br \/>\n4058546417888<\/p>\n","protected":false},"excerpt":{"rendered":"<p>M18 HSFC125R-802C\/COUPE-C\u00c2BLES<\/p>\n","protected":false},"featured_media":583622,"template":"","meta":{"_seopress_robots_primary_cat":"","_seopress_titles_title":"","_seopress_titles_desc":"","_seopress_robots_index":""},"product_brand":[3658],"product_cat":[5532,167,1453],"product_tag":[3273],"class_list":{"0":"post-831042","1":"product","2":"type-product","3":"status-publish","4":"has-post-thumbnail","6":"product_brand-milwaukee-fr","7":"product_cat-diverses-machines-milwaukee","8":"product_cat-machines","9":"product_cat-autres-appareils","10":"product_tag-import-milwau-fr","11":"sws-conto-ricavi-merci-rivendita-macchinari-fr","12":"sws-gruppo-iva-iva81-fr","14":"first","15":"onbackorder","16":"sale","17":"shipping-taxable","18":"purchasable","19":"product-type-simple"},"_links":{"self":[{"href":"https:\/\/lucacastelli.com\/fr\/wp-json\/wp\/v2\/product\/831042","targetHints":{"allow":["GET"]}}],"collection":[{"href":"https:\/\/lucacastelli.com\/fr\/wp-json\/wp\/v2\/product"}],"about":[{"href":"https:\/\/lucacastelli.com\/fr\/wp-json\/wp\/v2\/types\/product"}],"wp:featuredmedia":[{"embeddable":true,"href":"https:\/\/lucacastelli.com\/fr\/wp-json\/wp\/v2\/media\/583622"}],"wp:attachment":[{"href":"https:\/\/lucacastelli.com\/fr\/wp-json\/wp\/v2\/media?parent=831042"}],"wp:term":[{"taxonomy":"product_brand","embeddable":true,"href":"https:\/\/lucacastelli.com\/fr\/wp-json\/wp\/v2\/product_brand?post=831042"},{"taxonomy":"product_cat","embeddable":true,"href":"https:\/\/lucacastelli.com\/fr\/wp-json\/wp\/v2\/product_cat?post=831042"},{"taxonomy":"product_tag","embeddable":true,"href":"https:\/\/lucacastelli.com\/fr\/wp-json\/wp\/v2\/product_tag?post=831042"}],"curies":[{"name":"wp","href":"https:\/\/api.w.org\/{rel}","templated":true}]}}