{"id":831033,"date":"2025-08-08T13:48:51","date_gmt":"2025-08-08T11:48:51","guid":{"rendered":"https:\/\/lucacastelli.com\/prodotto\/milwaukee-perforateur-10\/"},"modified":"2025-08-08T13:48:51","modified_gmt":"2025-08-08T11:48:51","slug":"milwaukee-perforateur-10","status":"publish","type":"product","link":"https:\/\/lucacastelli.com\/fr\/produit\/milwaukee-perforateur-10\/","title":{"rendered":"MILWAUKEE Perforateur"},"content":{"rendered":"<p>M18FHAC16-0X MARTEAU PERFO. SANS FIL<br \/>\nPuissant et compact : 1,7 J d\u2019\u00e9nergie de frappe ; Infatigable : jusqu\u2019\u00e0 58 trous de 10 x 50 mm de diam\u00e8tre avec 1 batterie M18\u2122 HIGH OUTPUT\u2122 de 3,0 Ah (M18 HB3) ; Syst\u00e8me AUTOSTOP\u2122, arr\u00eate l\u2019outil pour prot\u00e9ger l\u2019utilisateur en cas de rotation brusque ; 4 modes de fonctionnement : per\u00e7age \u00e0 percussion, burinage, per\u00e7age et orientation du burin ; Compatible avec l\u2019extracteur de poussi\u00e8re M18 FDDEC ; Syst\u00e8me anti-vibration (AVS) pour r\u00e9duire la fatigue de l\u2019utilisateur et l\u2019exposition aux vibrations. Poign\u00e9e lat\u00e9rale suppl\u00e9mentaire pour r\u00e9duire davantage les vibrations ; La technologie FUEL\u2122 red\u00e9finit les outils sans fil. Le moteur brushless, l\u2019\u00e9lectronique REDLINK PLUS\u2122 et la batterie REDLITHIUM\u2122 offrent des performances et une durabilit\u00e9 sup\u00e9rieures ; Fonctionne avec toutes les batteries M18\u2122 MILWAUKEE\u00ae  <\/p>\n<p>4933498583<br \/>\n4058546524524<\/p>\n","protected":false},"excerpt":{"rendered":"<p>M18FHAC16-0X MARTEAU PERFO. SANS FIL<\/p>\n","protected":false},"featured_media":589122,"template":"","meta":{"_seopress_robots_primary_cat":"","_seopress_titles_title":"","_seopress_titles_desc":"","_seopress_robots_index":""},"product_brand":[3407],"product_cat":[29,514,549],"product_tag":[3270],"class_list":{"0":"post-831033","1":"product","2":"type-product","3":"status-publish","4":"has-post-thumbnail","6":"product_brand-milwaukee","7":"product_cat-macchinari","8":"product_cat-altri-dispositivi","9":"product_cat-trapani-e-avvitatori","10":"product_tag-import-milwau","11":"sws-conto-ricavi-merci-rivendita-macchinari-fr","12":"sws-gruppo-iva-iva81-fr","14":"first","15":"onbackorder","16":"sale","17":"shipping-taxable","18":"purchasable","19":"product-type-simple"},"_links":{"self":[{"href":"https:\/\/lucacastelli.com\/fr\/wp-json\/wp\/v2\/product\/831033","targetHints":{"allow":["GET"]}}],"collection":[{"href":"https:\/\/lucacastelli.com\/fr\/wp-json\/wp\/v2\/product"}],"about":[{"href":"https:\/\/lucacastelli.com\/fr\/wp-json\/wp\/v2\/types\/product"}],"wp:featuredmedia":[{"embeddable":true,"href":"https:\/\/lucacastelli.com\/fr\/wp-json\/wp\/v2\/media\/589122"}],"wp:attachment":[{"href":"https:\/\/lucacastelli.com\/fr\/wp-json\/wp\/v2\/media?parent=831033"}],"wp:term":[{"taxonomy":"product_brand","embeddable":true,"href":"https:\/\/lucacastelli.com\/fr\/wp-json\/wp\/v2\/product_brand?post=831033"},{"taxonomy":"product_cat","embeddable":true,"href":"https:\/\/lucacastelli.com\/fr\/wp-json\/wp\/v2\/product_cat?post=831033"},{"taxonomy":"product_tag","embeddable":true,"href":"https:\/\/lucacastelli.com\/fr\/wp-json\/wp\/v2\/product_tag?post=831033"}],"curies":[{"name":"wp","href":"https:\/\/api.w.org\/{rel}","templated":true}]}}