{"id":831029,"date":"2025-08-08T13:48:50","date_gmt":"2025-08-08T11:48:50","guid":{"rendered":"https:\/\/lucacastelli.com\/prodotto\/milwaukee-perforateur-9\/"},"modified":"2025-08-08T13:48:50","modified_gmt":"2025-08-08T11:48:50","slug":"milwaukee-perforateur-9","status":"publish","type":"product","link":"https:\/\/lucacastelli.com\/fr\/produit\/milwaukee-perforateur-9\/","title":{"rendered":"MILWAUKEE Perforateur"},"content":{"rendered":"<p>M18FHACDDE-0C MARTEAU PERFORATEUR SANS FIL<br \/>\nPuissant, dans un format compact : 1,7 J d&#8217;\u00e9nergie d&#8217;impact ; Infatigable : jusqu&#8217;\u00e0 58 trous de diam\u00e8tre 10 x 50 mm avec 1 batterie M18\u2122 HIGH OUTPUT\u2122 de 3,0 Ah (M18 HB3) ; Syst\u00e8me AUTOSTOP\u2122, \u00e9teint l&#8217;outil pour prot\u00e9ger l&#8217;utilisateur en cas de rotations brusques ; 4 modes de fonctionnement : perforateur, burinage, rotation et position neutre pour l&#8217;orientation du burin ; Syst\u00e8me anti-vibrations (AVS) pour r\u00e9duire la fatigue de l&#8217;utilisateur et l&#8217;exposition aux vibrations. Poign\u00e9e lat\u00e9rale suppl\u00e9mentaire pour r\u00e9duire davantage les vibrations ; La technologie FUEL\u2122 red\u00e9finit les outils \u00e9lectroportatifs sans fil. Le moteur brushless, l&#8217;\u00e9lectronique REDLINK PLUS\u2122 et le pack batterie REDLITHIUM\u2122 offrent des performances et une durabilit\u00e9 sup\u00e9rieures ; Filtre HEPA avec efficacit\u00e9 de collecte de poussi\u00e8re de 99,75 % (particules inf\u00e9rieures \u00e0 0,3 micron) ; Grand r\u00e9servoir de collecte de poussi\u00e8re ; Le tube en aluminium pour l&#8217;aspiration de la poussi\u00e8re est r\u00e9glable en fonction des dimensions du foret, avec une longueur maximale de 16 mm et une profondeur de 90 mm ; Fonctionne avec toutes les batteries M18\u2122 MILWAUKEE\u00ae  <\/p>\n<p>4933498586<br \/>\n4058546524555<\/p>\n","protected":false},"excerpt":{"rendered":"<p>M18FHACDDE-0C MARTEAU PERFORATEUR SANS FIL<\/p>\n","protected":false},"featured_media":589147,"template":"","meta":{"_seopress_robots_primary_cat":"","_seopress_titles_title":"","_seopress_titles_desc":"","_seopress_robots_index":""},"product_brand":[3407],"product_cat":[29,514,549],"product_tag":[3270],"class_list":{"0":"post-831029","1":"product","2":"type-product","3":"status-publish","4":"has-post-thumbnail","6":"product_brand-milwaukee","7":"product_cat-macchinari","8":"product_cat-altri-dispositivi","9":"product_cat-trapani-e-avvitatori","10":"product_tag-import-milwau","11":"sws-conto-ricavi-merci-rivendita-macchinari-fr","12":"sws-gruppo-iva-iva81-fr","14":"first","15":"onbackorder","16":"sale","17":"shipping-taxable","18":"purchasable","19":"product-type-simple"},"_links":{"self":[{"href":"https:\/\/lucacastelli.com\/fr\/wp-json\/wp\/v2\/product\/831029","targetHints":{"allow":["GET"]}}],"collection":[{"href":"https:\/\/lucacastelli.com\/fr\/wp-json\/wp\/v2\/product"}],"about":[{"href":"https:\/\/lucacastelli.com\/fr\/wp-json\/wp\/v2\/types\/product"}],"wp:featuredmedia":[{"embeddable":true,"href":"https:\/\/lucacastelli.com\/fr\/wp-json\/wp\/v2\/media\/589147"}],"wp:attachment":[{"href":"https:\/\/lucacastelli.com\/fr\/wp-json\/wp\/v2\/media?parent=831029"}],"wp:term":[{"taxonomy":"product_brand","embeddable":true,"href":"https:\/\/lucacastelli.com\/fr\/wp-json\/wp\/v2\/product_brand?post=831029"},{"taxonomy":"product_cat","embeddable":true,"href":"https:\/\/lucacastelli.com\/fr\/wp-json\/wp\/v2\/product_cat?post=831029"},{"taxonomy":"product_tag","embeddable":true,"href":"https:\/\/lucacastelli.com\/fr\/wp-json\/wp\/v2\/product_tag?post=831029"}],"curies":[{"name":"wp","href":"https:\/\/api.w.org\/{rel}","templated":true}]}}