{"id":831023,"date":"2025-08-08T13:48:49","date_gmt":"2025-08-08T11:48:49","guid":{"rendered":"https:\/\/lucacastelli.com\/prodotto\/milwaukee-perforateur-8\/"},"modified":"2025-08-08T13:48:49","modified_gmt":"2025-08-08T11:48:49","slug":"milwaukee-perforateur-8","status":"publish","type":"product","link":"https:\/\/lucacastelli.com\/fr\/produit\/milwaukee-perforateur-8\/","title":{"rendered":"MILWAUKEE Perforateur"},"content":{"rendered":"<p>M18 FHM-121C \/ SDS-MAX<br \/>\nLe marteau M18 FHM est le marteau SDS-MAX le plus productif jamais lanc\u00e9 par MILWAUKEE\u00ae, offrant la m\u00eame puissance qu\u2019un outil filaire avec la flexibilit\u00e9 de la batterie sur la plateforme M18\u2122 ; Le syst\u00e8me HIGH OUTPUT\u2122 am\u00e9liore les performances et l\u2019autonomie de la technologie M18 FUEL\u2122 ; Le syst\u00e8me de suivi et de s\u00e9curit\u00e9 ONE-KEY\u2122 propose gratuitement un service de suivi et de gestion d\u2019inventaire bas\u00e9 sur le cloud, avec \u00e9galement des fonctionnalit\u00e9s de verrouillage \u00e0 distance ; La nouvelle batterie REDLITHIUM\u2122 HIGH OUTPUT\u2122 de 12,0 Ah b\u00e9n\u00e9ficie d\u2019une construction sup\u00e9rieure, de performances constantes garantissant une plus grande autonomie et plus de travail sur toute sa dur\u00e9e de vie ; Fonctions ONE-KEY\u2122 incluses telles que la localisation et la gestion de l\u2019inventaire ; Le blocage de l\u2019interrupteur \u00e9vite de devoir le maintenir enfonc\u00e9 lors d\u2019applications de d\u00e9molition prolong\u00e9es ; La large poign\u00e9e antivibration permet une utilisation \u00e0 deux mains en minimisant l\u2019exposition aux vibrations ; Indicateur LED d\u2019\u00e9tat de maintenance ; Fonctionne avec toutes les batteries M18\u2122 MILWAUKEE\u00ae<\/p>\n<p>4933499269<br \/>\n4058546564339<\/p>\n","protected":false},"excerpt":{"rendered":"<p>M18 FHM-121C \/ SDS-MAX<\/p>\n","protected":false},"featured_media":440963,"template":"","meta":{"_seopress_robots_primary_cat":"","_seopress_titles_title":"","_seopress_titles_desc":"","_seopress_robots_index":""},"product_brand":[3407],"product_cat":[29,514,549],"product_tag":[3270],"class_list":{"0":"post-831023","1":"product","2":"type-product","3":"status-publish","4":"has-post-thumbnail","6":"product_brand-milwaukee","7":"product_cat-macchinari","8":"product_cat-altri-dispositivi","9":"product_cat-trapani-e-avvitatori","10":"product_tag-import-milwau","11":"sws-conto-ricavi-merci-rivendita-macchinari-fr","12":"sws-gruppo-iva-iva81-fr","14":"first","15":"onbackorder","16":"sale","17":"shipping-taxable","18":"purchasable","19":"product-type-simple"},"_links":{"self":[{"href":"https:\/\/lucacastelli.com\/fr\/wp-json\/wp\/v2\/product\/831023","targetHints":{"allow":["GET"]}}],"collection":[{"href":"https:\/\/lucacastelli.com\/fr\/wp-json\/wp\/v2\/product"}],"about":[{"href":"https:\/\/lucacastelli.com\/fr\/wp-json\/wp\/v2\/types\/product"}],"wp:featuredmedia":[{"embeddable":true,"href":"https:\/\/lucacastelli.com\/fr\/wp-json\/wp\/v2\/media\/440963"}],"wp:attachment":[{"href":"https:\/\/lucacastelli.com\/fr\/wp-json\/wp\/v2\/media?parent=831023"}],"wp:term":[{"taxonomy":"product_brand","embeddable":true,"href":"https:\/\/lucacastelli.com\/fr\/wp-json\/wp\/v2\/product_brand?post=831023"},{"taxonomy":"product_cat","embeddable":true,"href":"https:\/\/lucacastelli.com\/fr\/wp-json\/wp\/v2\/product_cat?post=831023"},{"taxonomy":"product_tag","embeddable":true,"href":"https:\/\/lucacastelli.com\/fr\/wp-json\/wp\/v2\/product_tag?post=831023"}],"curies":[{"name":"wp","href":"https:\/\/api.w.org\/{rel}","templated":true}]}}