{"id":831019,"date":"2025-08-08T13:48:48","date_gmt":"2025-08-08T11:48:48","guid":{"rendered":"https:\/\/lucacastelli.com\/prodotto\/milwaukee-perforateur-6\/"},"modified":"2025-08-08T13:48:48","modified_gmt":"2025-08-08T11:48:48","slug":"milwaukee-perforateur-6","status":"publish","type":"product","link":"https:\/\/lucacastelli.com\/fr\/produit\/milwaukee-perforateur-6\/","title":{"rendered":"MILWAUKEE Perforateur"},"content":{"rendered":"<p>M12 FHAC16-0 \/ SDS-PLUS<br \/>\nPerforateur 12 V compact et \u00e9quilibr\u00e9, avec une force de frappe de 1,15 J ; 4 modes de fonctionnement : per\u00e7age \u00e0 percussion, burinage, rotation et position neutre pour l\u2019orientation du burin ; Syst\u00e8me anti-vibration (AVS) pour r\u00e9duire la fatigue de l\u2019utilisateur et l\u2019exposition aux vibrations, plus une poign\u00e9e lat\u00e9rale anti-vibration pour r\u00e9duire davantage l\u2019exposition aux vibrations ; Capacit\u00e9 de per\u00e7age jusqu\u2019\u00e0 16 mm, optimis\u00e9 jusqu\u2019\u00e0 10 mm ; La technologie FUEL\u2122 red\u00e9finit les outils \u00e9lectroportatifs sans fil. Le moteur sans charbon, l\u2019\u00e9lectronique REDLINK PLUS\u2122 et la batterie REDLITHIUM\u2122 offrent des performances et une durabilit\u00e9 sup\u00e9rieures ; Fonctionne avec toutes les batteries M12\u2122 MILWAUKEE\u00ae <\/p>\n<p>4933499183<br \/>\n4058546563479<\/p>\n","protected":false},"excerpt":{"rendered":"<p>M12 FHAC16-0 \/ SDS-PLUS<\/p>\n","protected":false},"featured_media":590000,"template":"","meta":{"_seopress_robots_primary_cat":"none","_seopress_titles_title":"","_seopress_titles_desc":"","_seopress_robots_index":""},"product_brand":[3407],"product_cat":[29,514,549],"product_tag":[3270],"class_list":{"0":"post-831019","1":"product","2":"type-product","3":"status-publish","4":"has-post-thumbnail","6":"product_brand-milwaukee","7":"product_cat-macchinari","8":"product_cat-altri-dispositivi","9":"product_cat-trapani-e-avvitatori","10":"product_tag-import-milwau","11":"sws-conto-ricavi-merci-rivendita-macchinari-fr","12":"sws-gruppo-iva-iva81-fr","14":"first","15":"instock","16":"sale","17":"shipping-taxable","18":"purchasable","19":"product-type-simple"},"_links":{"self":[{"href":"https:\/\/lucacastelli.com\/fr\/wp-json\/wp\/v2\/product\/831019","targetHints":{"allow":["GET"]}}],"collection":[{"href":"https:\/\/lucacastelli.com\/fr\/wp-json\/wp\/v2\/product"}],"about":[{"href":"https:\/\/lucacastelli.com\/fr\/wp-json\/wp\/v2\/types\/product"}],"wp:featuredmedia":[{"embeddable":true,"href":"https:\/\/lucacastelli.com\/fr\/wp-json\/wp\/v2\/media\/590000"}],"wp:attachment":[{"href":"https:\/\/lucacastelli.com\/fr\/wp-json\/wp\/v2\/media?parent=831019"}],"wp:term":[{"taxonomy":"product_brand","embeddable":true,"href":"https:\/\/lucacastelli.com\/fr\/wp-json\/wp\/v2\/product_brand?post=831019"},{"taxonomy":"product_cat","embeddable":true,"href":"https:\/\/lucacastelli.com\/fr\/wp-json\/wp\/v2\/product_cat?post=831019"},{"taxonomy":"product_tag","embeddable":true,"href":"https:\/\/lucacastelli.com\/fr\/wp-json\/wp\/v2\/product_tag?post=831019"}],"curies":[{"name":"wp","href":"https:\/\/api.w.org\/{rel}","templated":true}]}}