{"id":831016,"date":"2025-08-08T13:48:48","date_gmt":"2025-08-08T11:48:48","guid":{"rendered":"https:\/\/lucacastelli.com\/prodotto\/milwaukee-perforateur-5\/"},"modified":"2025-08-08T13:48:48","modified_gmt":"2025-08-08T11:48:48","slug":"milwaukee-perforateur-5","status":"publish","type":"product","link":"https:\/\/lucacastelli.com\/fr\/produit\/milwaukee-perforateur-5\/","title":{"rendered":"MILWAUKEE Perforateur"},"content":{"rendered":"<p>M18 CHM-121C \/ SDS-MAX<br \/>\nLe premier marteau SDS-Max sur batterie 18 V au monde : performances comparables \u00e0 un outil filaire ; Le moteur sans charbon POWERSTATE\u2122, fabriqu\u00e9 par MILWAUKEE\u00ae, garantit des performances de per\u00e7age \u00e9quivalentes \u00e0 un outil filaire ; Le syst\u00e8me intelligent REDLINK PLUS\u2122 fournit une protection num\u00e9rique avanc\u00e9e contre la surcharge pour les outils et les batteries, et am\u00e9liore de mani\u00e8re exceptionnelle les performances de l&#8217;outil sous charge ; Le pack batterie REDLITHIUM\u2122, avec batterie haute performance de 9,0 Ah, garantit non seulement une autonomie jusqu&#8217;\u00e0 5 fois sup\u00e9rieure, une puissance accrue jusqu&#8217;\u00e0 35 % et une dur\u00e9e de vie 2 fois plus longue, mais permet \u00e9galement le fonctionnement \u00e0 des temp\u00e9ratures jusqu&#8217;\u00e0 -20 degr\u00e9s (par rapport aux autres technologies au lithium) ; Bo\u00eetier d&#8217;engrenages robuste en magn\u00e9sium, pour r\u00e9sister \u00e0 l&#8217;utilisation sur chantier, avec logements d&#8217;engrenages d\u00e9di\u00e9s et un meilleur refroidissement ; Fonction roto-stop et possibilit\u00e9 d&#8217;orienter le burin dans 12 positions diff\u00e9rentes selon l&#8217;angle de burinage souhait\u00e9 ; Construction qui r\u00e9duit le niveau de vibrations (10,6 m\/s\u00b2), pour une utilisation plus confortable ; Embrayage de s\u00e9curit\u00e9 qui prot\u00e8ge \u00e0 la fois l&#8217;utilisateur et l&#8217;outil en cas de blocage de la m\u00e8che ; Fonctionne avec toutes les batteries M18\u2122 MILWAUKEE\u00ae<\/p>\n<p>4933499271<br \/>\n4058546564353<\/p>\n","protected":false},"excerpt":{"rendered":"<p>M18 CHM-121C \/ SDS-MAX<\/p>\n","protected":false},"featured_media":589670,"template":"","meta":{"_seopress_robots_primary_cat":"","_seopress_titles_title":"","_seopress_titles_desc":"","_seopress_robots_index":""},"product_brand":[3407],"product_cat":[29,514,549],"product_tag":[3270],"class_list":{"0":"post-831016","1":"product","2":"type-product","3":"status-publish","4":"has-post-thumbnail","6":"product_brand-milwaukee","7":"product_cat-macchinari","8":"product_cat-altri-dispositivi","9":"product_cat-trapani-e-avvitatori","10":"product_tag-import-milwau","11":"sws-conto-ricavi-merci-rivendita-macchinari-fr","12":"sws-gruppo-iva-iva81-fr","14":"first","15":"onbackorder","16":"sale","17":"shipping-taxable","18":"purchasable","19":"product-type-simple"},"_links":{"self":[{"href":"https:\/\/lucacastelli.com\/fr\/wp-json\/wp\/v2\/product\/831016","targetHints":{"allow":["GET"]}}],"collection":[{"href":"https:\/\/lucacastelli.com\/fr\/wp-json\/wp\/v2\/product"}],"about":[{"href":"https:\/\/lucacastelli.com\/fr\/wp-json\/wp\/v2\/types\/product"}],"wp:featuredmedia":[{"embeddable":true,"href":"https:\/\/lucacastelli.com\/fr\/wp-json\/wp\/v2\/media\/589670"}],"wp:attachment":[{"href":"https:\/\/lucacastelli.com\/fr\/wp-json\/wp\/v2\/media?parent=831016"}],"wp:term":[{"taxonomy":"product_brand","embeddable":true,"href":"https:\/\/lucacastelli.com\/fr\/wp-json\/wp\/v2\/product_brand?post=831016"},{"taxonomy":"product_cat","embeddable":true,"href":"https:\/\/lucacastelli.com\/fr\/wp-json\/wp\/v2\/product_cat?post=831016"},{"taxonomy":"product_tag","embeddable":true,"href":"https:\/\/lucacastelli.com\/fr\/wp-json\/wp\/v2\/product_tag?post=831016"}],"curies":[{"name":"wp","href":"https:\/\/api.w.org\/{rel}","templated":true}]}}