{"id":831013,"date":"2025-08-08T13:48:46","date_gmt":"2025-08-08T11:48:46","guid":{"rendered":"https:\/\/lucacastelli.com\/prodotto\/milwaukee-perforateur-4\/"},"modified":"2025-08-08T13:48:46","modified_gmt":"2025-08-08T11:48:46","slug":"milwaukee-perforateur-4","status":"publish","type":"product","link":"https:\/\/lucacastelli.com\/fr\/produit\/milwaukee-perforateur-4\/","title":{"rendered":"MILWAUKEE Perforateur"},"content":{"rendered":"<p>M12 FHAC16-502X \/ SDS-PLUS<br \/>\nPerforateur-burineur 12V compact et \u00e9quilibr\u00e9, avec 1,15 J d&#8217;\u00e9nergie d&#8217;impact ; 4 modes de fonctionnement : percussion-rotation, burinage, rotation et position neutre pour l&#8217;orientation du burin ; Syst\u00e8me anti-vibrations (AVS) pour r\u00e9duire la fatigue de l&#8217;utilisateur et l&#8217;exposition aux vibrations plus poign\u00e9e lat\u00e9rale anti-vibrations pour r\u00e9duire davantage l&#8217;exposition aux vibrations ; Capacit\u00e9 de per\u00e7age jusqu&#8217;\u00e0 16 mm, optimis\u00e9 jusqu&#8217;\u00e0 10 mm ; La technologie FUEL\u2122 red\u00e9finit les outils \u00e9lectroportatifs sans fil. Le moteur brushless, l&#8217;\u00e9lectronique REDLINK PLUS\u2122 et le pack batterie REDLITHIUM\u2122 offrent des performances et une durabilit\u00e9 sup\u00e9rieures ; Fonctionne avec toutes les batteries M12\u2122 MILWAUKEE\u00ae <\/p>\n<p>4933499185<br \/>\n4058546563493<\/p>\n","protected":false},"excerpt":{"rendered":"<p>M12 FHAC16-502X \/ SDS-PLUS<\/p>\n","protected":false},"featured_media":590067,"template":"","meta":{"_seopress_robots_primary_cat":"","_seopress_titles_title":"","_seopress_titles_desc":"","_seopress_robots_index":""},"product_brand":[3407],"product_cat":[29,514,549],"product_tag":[3270],"class_list":{"0":"post-831013","1":"product","2":"type-product","3":"status-publish","4":"has-post-thumbnail","6":"product_brand-milwaukee","7":"product_cat-macchinari","8":"product_cat-altri-dispositivi","9":"product_cat-trapani-e-avvitatori","10":"product_tag-import-milwau","11":"sws-conto-ricavi-merci-rivendita-macchinari-fr","12":"sws-gruppo-iva-iva81-fr","14":"first","15":"onbackorder","16":"sale","17":"shipping-taxable","18":"purchasable","19":"product-type-simple"},"_links":{"self":[{"href":"https:\/\/lucacastelli.com\/fr\/wp-json\/wp\/v2\/product\/831013","targetHints":{"allow":["GET"]}}],"collection":[{"href":"https:\/\/lucacastelli.com\/fr\/wp-json\/wp\/v2\/product"}],"about":[{"href":"https:\/\/lucacastelli.com\/fr\/wp-json\/wp\/v2\/types\/product"}],"wp:featuredmedia":[{"embeddable":true,"href":"https:\/\/lucacastelli.com\/fr\/wp-json\/wp\/v2\/media\/590067"}],"wp:attachment":[{"href":"https:\/\/lucacastelli.com\/fr\/wp-json\/wp\/v2\/media?parent=831013"}],"wp:term":[{"taxonomy":"product_brand","embeddable":true,"href":"https:\/\/lucacastelli.com\/fr\/wp-json\/wp\/v2\/product_brand?post=831013"},{"taxonomy":"product_cat","embeddable":true,"href":"https:\/\/lucacastelli.com\/fr\/wp-json\/wp\/v2\/product_cat?post=831013"},{"taxonomy":"product_tag","embeddable":true,"href":"https:\/\/lucacastelli.com\/fr\/wp-json\/wp\/v2\/product_tag?post=831013"}],"curies":[{"name":"wp","href":"https:\/\/api.w.org\/{rel}","templated":true}]}}