{"id":831012,"date":"2025-08-08T13:48:36","date_gmt":"2025-08-08T11:48:36","guid":{"rendered":"https:\/\/lucacastelli.com\/prodotto\/milwaukee-perforateur-sds-plus-a-trois-modes-avec-capacite-de-percage-jusqua-28-mm-2\/"},"modified":"2025-08-08T13:48:36","modified_gmt":"2025-08-08T11:48:36","slug":"milwaukee-perforateur-sds-plus-a-trois-modes-avec-capacite-de-percage-jusqua-28-mm-2","status":"publish","type":"product","link":"https:\/\/lucacastelli.com\/fr\/produit\/milwaukee-perforateur-sds-plus-a-trois-modes-avec-capacite-de-percage-jusqua-28-mm-2\/","title":{"rendered":"MILWAUKEE Perforateur SDS-plus \u00e0 trois modes avec capacit\u00e9 de per\u00e7age jusqu\u2019\u00e0 28 mm"},"content":{"rendered":"<p>PH 28\/PERFORATEURS<br \/>\nM\u00e9canisme de frappe surdimensionn\u00e9 d\u00e9livrant jusqu\u2019\u00e0 3,4 J ; Puissant moteur de 820 W ; D\u00e9marrage progressif ; Faibles vibrations gr\u00e2ce aux poign\u00e9es caoutchout\u00e9es ; Poign\u00e9e secondaire ; Durabilit\u00e9 maximale gr\u00e2ce \u00e0 la technologie IMB am\u00e9liorant l\u2019ajustement des composants internes ; R\u00e9versibilit\u00e9 ; D\u00e9brayage de s\u00e9curit\u00e9 prot\u00e9geant l\u2019utilisateur en cas de blocage du foret ; Version X avec mandrin FIXTEC\u2122 ; C\u00e2ble 4 m<\/p>\n<p>4933396396<br \/>\n4002395234936<\/p>\n","protected":false},"excerpt":{"rendered":"<p>PH 28\/PERFORATEURS<\/p>\n","protected":false},"featured_media":568558,"template":"","meta":{"_seopress_robots_primary_cat":"","_seopress_titles_title":"","_seopress_titles_desc":"","_seopress_robots_index":""},"product_brand":[3407],"product_cat":[29,514,549],"product_tag":[3270],"class_list":{"0":"post-831012","1":"product","2":"type-product","3":"status-publish","4":"has-post-thumbnail","6":"product_brand-milwaukee","7":"product_cat-macchinari","8":"product_cat-altri-dispositivi","9":"product_cat-trapani-e-avvitatori","10":"product_tag-import-milwau","11":"sws-conto-ricavi-merci-rivendita-macchinari-fr","12":"sws-gruppo-iva-iva81-fr","14":"first","15":"onbackorder","16":"sale","17":"shipping-taxable","18":"purchasable","19":"product-type-simple"},"_links":{"self":[{"href":"https:\/\/lucacastelli.com\/fr\/wp-json\/wp\/v2\/product\/831012","targetHints":{"allow":["GET"]}}],"collection":[{"href":"https:\/\/lucacastelli.com\/fr\/wp-json\/wp\/v2\/product"}],"about":[{"href":"https:\/\/lucacastelli.com\/fr\/wp-json\/wp\/v2\/types\/product"}],"wp:featuredmedia":[{"embeddable":true,"href":"https:\/\/lucacastelli.com\/fr\/wp-json\/wp\/v2\/media\/568558"}],"wp:attachment":[{"href":"https:\/\/lucacastelli.com\/fr\/wp-json\/wp\/v2\/media?parent=831012"}],"wp:term":[{"taxonomy":"product_brand","embeddable":true,"href":"https:\/\/lucacastelli.com\/fr\/wp-json\/wp\/v2\/product_brand?post=831012"},{"taxonomy":"product_cat","embeddable":true,"href":"https:\/\/lucacastelli.com\/fr\/wp-json\/wp\/v2\/product_cat?post=831012"},{"taxonomy":"product_tag","embeddable":true,"href":"https:\/\/lucacastelli.com\/fr\/wp-json\/wp\/v2\/product_tag?post=831012"}],"curies":[{"name":"wp","href":"https:\/\/api.w.org\/{rel}","templated":true}]}}