{"id":831009,"date":"2025-08-08T13:48:38","date_gmt":"2025-08-08T11:48:38","guid":{"rendered":"https:\/\/lucacastelli.com\/prodotto\/milwaukee-perforateur-sds-plus-trois-modes-avec-capacite-de-percage-jusqua-32-mm\/"},"modified":"2025-08-08T13:48:38","modified_gmt":"2025-08-08T11:48:38","slug":"milwaukee-perforateur-sds-plus-trois-modes-avec-capacite-de-percage-jusqua-32-mm","status":"publish","type":"product","link":"https:\/\/lucacastelli.com\/fr\/produit\/milwaukee-perforateur-sds-plus-trois-modes-avec-capacite-de-percage-jusqua-32-mm\/","title":{"rendered":"MILWAUKEE Perforateur SDS-plus trois modes avec capacit\u00e9 de per\u00e7age jusqu&#8217;\u00e0 32 mm"},"content":{"rendered":"<p>PLH 32 XE\/PERFORATEURS<br \/>\nMarteau puissant et polyvalent avec excellente performance de per\u00e7age dans le b\u00e9ton gr\u00e2ce au moteur et aux engrenages \u00e0 couple \u00e9lev\u00e9, \u00e9nergie d&#8217;impact 3,8 J ; Moteur puissant de 900 W ; Interrupteur \u00e9lectronique \u00e0 vitesse variable pour un meilleur contr\u00f4le du burinage ; Bon \u00e9quilibre et prise en main facile gr\u00e2ce au design en forme de L avec syst\u00e8me anti-vibration et poign\u00e9e Softgrip ; FIXTEC\u2122 pour un changement facile des accessoires ; Bo\u00eetier d&#8217;engrenages robuste en magn\u00e9sium pour un positionnement optimal et une dur\u00e9e de fonctionnement prolong\u00e9e ; L&#8217;embrayage de s\u00e9curit\u00e9 prot\u00e8ge la machine et l&#8217;utilisateur ; Blocage de rotation et vario-lock pour un contr\u00f4le maximal lors de travaux l\u00e9gers de burinage ; C\u00e2ble 4 m<\/p>\n<p>4933400069<br \/>\n4002395233342<\/p>\n","protected":false},"excerpt":{"rendered":"<p>PLH 32 XE\/PERFORATEURS<\/p>\n","protected":false},"featured_media":568711,"template":"","meta":{"_seopress_robots_primary_cat":"","_seopress_titles_title":"","_seopress_titles_desc":"","_seopress_robots_index":""},"product_brand":[3407],"product_cat":[29,514,549],"product_tag":[3270],"class_list":{"0":"post-831009","1":"product","2":"type-product","3":"status-publish","4":"has-post-thumbnail","6":"product_brand-milwaukee","7":"product_cat-macchinari","8":"product_cat-altri-dispositivi","9":"product_cat-trapani-e-avvitatori","10":"product_tag-import-milwau","11":"sws-conto-ricavi-merci-rivendita-macchinari-fr","12":"sws-gruppo-iva-iva81-fr","14":"first","15":"onbackorder","16":"sale","17":"shipping-taxable","18":"purchasable","19":"product-type-simple"},"_links":{"self":[{"href":"https:\/\/lucacastelli.com\/fr\/wp-json\/wp\/v2\/product\/831009","targetHints":{"allow":["GET"]}}],"collection":[{"href":"https:\/\/lucacastelli.com\/fr\/wp-json\/wp\/v2\/product"}],"about":[{"href":"https:\/\/lucacastelli.com\/fr\/wp-json\/wp\/v2\/types\/product"}],"wp:featuredmedia":[{"embeddable":true,"href":"https:\/\/lucacastelli.com\/fr\/wp-json\/wp\/v2\/media\/568711"}],"wp:attachment":[{"href":"https:\/\/lucacastelli.com\/fr\/wp-json\/wp\/v2\/media?parent=831009"}],"wp:term":[{"taxonomy":"product_brand","embeddable":true,"href":"https:\/\/lucacastelli.com\/fr\/wp-json\/wp\/v2\/product_brand?post=831009"},{"taxonomy":"product_cat","embeddable":true,"href":"https:\/\/lucacastelli.com\/fr\/wp-json\/wp\/v2\/product_cat?post=831009"},{"taxonomy":"product_tag","embeddable":true,"href":"https:\/\/lucacastelli.com\/fr\/wp-json\/wp\/v2\/product_tag?post=831009"}],"curies":[{"name":"wp","href":"https:\/\/api.w.org\/{rel}","templated":true}]}}