{"id":830998,"date":"2025-08-08T12:06:40","date_gmt":"2025-08-08T10:06:40","guid":{"rendered":"https:\/\/lucacastelli.com\/prodotto\/coupe-cable-hydraulique-milwaukee-m18-force-logic-2\/"},"modified":"2025-08-08T12:06:40","modified_gmt":"2025-08-08T10:06:40","slug":"coupe-cable-hydraulique-milwaukee-m18-force-logic-2","status":"publish","type":"product","link":"https:\/\/lucacastelli.com\/fr\/produit\/coupe-cable-hydraulique-milwaukee-m18-force-logic-2\/","title":{"rendered":"Coupe-c\u00e2ble hydraulique MILWAUKEE M18\u2122 FORCE LOGIC\u2122"},"content":{"rendered":"<p>M18 ONEHCC-0C CU\/AL-SET\/UT SECTEUR<br \/>\nLe coupe-c\u00e2ble hydraulique FORCE LOGIC\u2122 coupe les c\u00e2bles \u00e9lectriques en moins de 3 secondes avec une force de 53 kN ; Le moteur sans charbons POWERSTATE\u2122, con\u00e7u par Milwaukee\u00ae, offre plus de puissance, plus d\u2019autonomie et une dur\u00e9e de vie accrue ; Excellent \u00e9quilibre pour une utilisation \u00e0 une seule main ; Un seul outil offre des solutions pour la coupe de c\u00e2bles \u00e9lectriques ACSR, de c\u00e2bles \u00e9lectriques en cuivre et aluminium et de haubans en acier ; L\u2019utilisation simple des m\u00e2choires permet \u00e0 l\u2019utilisateur de se r\u00e9\u00e9quiper pour une nouvelle application en moins de 15 secondes ; Le design en ligne et la m\u00e2choire compacte, avec la possibilit\u00e9 de faire pivoter la t\u00eate \u00e0 350\u00b0, permettent des coupes ais\u00e9es m\u00eame dans les espaces restreints ; Le syst\u00e8me ONE-KEY\u2122 Tracking &amp; Security offre gratuitement un service de suivi et de gestion de l\u2019inventaire bas\u00e9 sur le cloud, avec \u00e9galement des fonctionnalit\u00e9s de verrouillage \u00e0 distance et de rapports d\u2019application ; Le moteur brushless, l\u2019\u00e9lectronique REDLINK PLUS\u2122 et la batterie REDLITHIUM\u2122 offrent des performances et une durabilit\u00e9 sup\u00e9rieures ; Fonctionne avec toutes les batteries M18\u2122 MILWAUKEE\u00ae<\/p>\n<p>4933464300<br \/>\n4058546222451<\/p>\n","protected":false},"excerpt":{"rendered":"<p>M18 ONEHCC-0C CU\/AL-SET\/UT SECTEUR<\/p>\n","protected":false},"featured_media":573294,"template":"","meta":{"_seopress_robots_primary_cat":"","_seopress_titles_title":"","_seopress_titles_desc":"","_seopress_robots_index":""},"product_brand":[3407],"product_cat":[5531,29,514],"product_tag":[3270],"class_list":{"0":"post-830998","1":"product","2":"type-product","3":"status-publish","4":"has-post-thumbnail","6":"product_brand-milwaukee","7":"product_cat-vari-macchinari-milwaukee","8":"product_cat-macchinari","9":"product_cat-altri-dispositivi","10":"product_tag-import-milwau","11":"sws-conto-ricavi-merci-rivendita-macchinari-fr","12":"sws-gruppo-iva-iva81-fr","14":"first","15":"onbackorder","16":"sale","17":"shipping-taxable","18":"purchasable","19":"product-type-simple"},"_links":{"self":[{"href":"https:\/\/lucacastelli.com\/fr\/wp-json\/wp\/v2\/product\/830998","targetHints":{"allow":["GET"]}}],"collection":[{"href":"https:\/\/lucacastelli.com\/fr\/wp-json\/wp\/v2\/product"}],"about":[{"href":"https:\/\/lucacastelli.com\/fr\/wp-json\/wp\/v2\/types\/product"}],"wp:featuredmedia":[{"embeddable":true,"href":"https:\/\/lucacastelli.com\/fr\/wp-json\/wp\/v2\/media\/573294"}],"wp:attachment":[{"href":"https:\/\/lucacastelli.com\/fr\/wp-json\/wp\/v2\/media?parent=830998"}],"wp:term":[{"taxonomy":"product_brand","embeddable":true,"href":"https:\/\/lucacastelli.com\/fr\/wp-json\/wp\/v2\/product_brand?post=830998"},{"taxonomy":"product_cat","embeddable":true,"href":"https:\/\/lucacastelli.com\/fr\/wp-json\/wp\/v2\/product_cat?post=830998"},{"taxonomy":"product_tag","embeddable":true,"href":"https:\/\/lucacastelli.com\/fr\/wp-json\/wp\/v2\/product_tag?post=830998"}],"curies":[{"name":"wp","href":"https:\/\/api.w.org\/{rel}","templated":true}]}}