{"id":830991,"date":"2025-08-08T13:48:39","date_gmt":"2025-08-08T11:48:39","guid":{"rendered":"https:\/\/lucacastelli.com\/prodotto\/milwaukee-perforateur-sds-plus-a-deux-modes-avec-capacite-de-percage-jusqua-26-mm\/"},"modified":"2025-08-08T13:48:39","modified_gmt":"2025-08-08T11:48:39","slug":"milwaukee-perforateur-sds-plus-a-deux-modes-avec-capacite-de-percage-jusqua-26-mm","status":"publish","type":"product","link":"https:\/\/lucacastelli.com\/fr\/produit\/milwaukee-perforateur-sds-plus-a-deux-modes-avec-capacite-de-percage-jusqua-26-mm\/","title":{"rendered":"MILWAUKEE Perforateur SDS-plus \u00e0 deux modes avec capacit\u00e9 de per\u00e7age jusqu&#8217;\u00e0 26 mm"},"content":{"rendered":"<p>PFH 26\/PERFORATEURS<br \/>\nLe plus compact de sa cat\u00e9gorie;Impact maximal de 2,4 J avec 4500 percussions par minute;Vibrations minimales, seulement 13,5 m\/s\u00b2;Durabilit\u00e9 extr\u00eame gr\u00e2ce \u00e0 la construction m\u00e9tallique des composants internes;R\u00e9duction du poids;Fonction rotation sans percussion pour vissage ou per\u00e7age sur m\u00e9tal-bois;R\u00e9versible;C\u00e2ble 4 m<\/p>\n<p>4933428230<br \/>\n4002395239832<\/p>\n","protected":false},"excerpt":{"rendered":"<p>PFH 26\/PERFORATEURS<\/p>\n","protected":false},"featured_media":569438,"template":"","meta":{"_seopress_robots_primary_cat":"","_seopress_titles_title":"","_seopress_titles_desc":"","_seopress_robots_index":""},"product_brand":[3407],"product_cat":[29,514,549],"product_tag":[3270],"class_list":{"0":"post-830991","1":"product","2":"type-product","3":"status-publish","4":"has-post-thumbnail","6":"product_brand-milwaukee","7":"product_cat-macchinari","8":"product_cat-altri-dispositivi","9":"product_cat-trapani-e-avvitatori","10":"product_tag-import-milwau","11":"sws-conto-ricavi-merci-rivendita-macchinari-fr","12":"sws-gruppo-iva-iva81-fr","14":"first","15":"onbackorder","16":"sale","17":"shipping-taxable","18":"purchasable","19":"product-type-simple"},"_links":{"self":[{"href":"https:\/\/lucacastelli.com\/fr\/wp-json\/wp\/v2\/product\/830991","targetHints":{"allow":["GET"]}}],"collection":[{"href":"https:\/\/lucacastelli.com\/fr\/wp-json\/wp\/v2\/product"}],"about":[{"href":"https:\/\/lucacastelli.com\/fr\/wp-json\/wp\/v2\/types\/product"}],"wp:featuredmedia":[{"embeddable":true,"href":"https:\/\/lucacastelli.com\/fr\/wp-json\/wp\/v2\/media\/569438"}],"wp:attachment":[{"href":"https:\/\/lucacastelli.com\/fr\/wp-json\/wp\/v2\/media?parent=830991"}],"wp:term":[{"taxonomy":"product_brand","embeddable":true,"href":"https:\/\/lucacastelli.com\/fr\/wp-json\/wp\/v2\/product_brand?post=830991"},{"taxonomy":"product_cat","embeddable":true,"href":"https:\/\/lucacastelli.com\/fr\/wp-json\/wp\/v2\/product_cat?post=830991"},{"taxonomy":"product_tag","embeddable":true,"href":"https:\/\/lucacastelli.com\/fr\/wp-json\/wp\/v2\/product_tag?post=830991"}],"curies":[{"name":"wp","href":"https:\/\/api.w.org\/{rel}","templated":true}]}}