{"id":830990,"date":"2025-08-08T17:36:52","date_gmt":"2025-08-08T15:36:52","guid":{"rendered":"https:\/\/lucacastelli.com\/prodotto\/milwaukee-lampe-de-poche-300l\/"},"modified":"2025-08-08T17:36:52","modified_gmt":"2025-08-08T15:36:52","slug":"milwaukee-lampe-de-poche-300l","status":"publish","type":"product","link":"https:\/\/lucacastelli.com\/fr\/produit\/milwaukee-lampe-de-poche-300l\/","title":{"rendered":"MILWAUKEE Lampe de poche 300L"},"content":{"rendered":"<p>FL-LED\/\u00c9CLAIRAGE<br \/>\n\u00c9clairage haute d\u00e9finition TRUEVIEW\u2122 capable de fournir 300 lumens ; 2 modes d&#8217;\u00e9clairage diff\u00e9rents, \u00e9quip\u00e9e d&#8217;aimants et d&#8217;un clip polyvalent ; Dimensions compactes ; Classe de protection IP54 ; Lentille r\u00e9sistante aux chocs et aux agents chimiques ; 2 x AA incluses<\/p>\n<p>4933464824<br \/>\n4058546227692<\/p>\n","protected":false},"excerpt":{"rendered":"<p>FL-LED\/\u00c9CLAIRAGE<\/p>\n","protected":false},"featured_media":573878,"template":"","meta":{"_seopress_robots_primary_cat":"","_seopress_titles_title":"","_seopress_titles_desc":"","_seopress_robots_index":""},"product_brand":[3407],"product_cat":[5531,29,514],"product_tag":[3270],"class_list":{"0":"post-830990","1":"product","2":"type-product","3":"status-publish","4":"has-post-thumbnail","6":"product_brand-milwaukee","7":"product_cat-vari-macchinari-milwaukee","8":"product_cat-macchinari","9":"product_cat-altri-dispositivi","10":"product_tag-import-milwau","11":"sws-conto-ricavi-merci-rivendita-macchinari-fr","12":"sws-gruppo-iva-iva81-fr","14":"first","15":"onbackorder","16":"sale","17":"shipping-taxable","18":"purchasable","19":"product-type-simple"},"_links":{"self":[{"href":"https:\/\/lucacastelli.com\/fr\/wp-json\/wp\/v2\/product\/830990","targetHints":{"allow":["GET"]}}],"collection":[{"href":"https:\/\/lucacastelli.com\/fr\/wp-json\/wp\/v2\/product"}],"about":[{"href":"https:\/\/lucacastelli.com\/fr\/wp-json\/wp\/v2\/types\/product"}],"wp:featuredmedia":[{"embeddable":true,"href":"https:\/\/lucacastelli.com\/fr\/wp-json\/wp\/v2\/media\/573878"}],"wp:attachment":[{"href":"https:\/\/lucacastelli.com\/fr\/wp-json\/wp\/v2\/media?parent=830990"}],"wp:term":[{"taxonomy":"product_brand","embeddable":true,"href":"https:\/\/lucacastelli.com\/fr\/wp-json\/wp\/v2\/product_brand?post=830990"},{"taxonomy":"product_cat","embeddable":true,"href":"https:\/\/lucacastelli.com\/fr\/wp-json\/wp\/v2\/product_cat?post=830990"},{"taxonomy":"product_tag","embeddable":true,"href":"https:\/\/lucacastelli.com\/fr\/wp-json\/wp\/v2\/product_tag?post=830990"}],"curies":[{"name":"wp","href":"https:\/\/api.w.org\/{rel}","templated":true}]}}