{"id":830989,"date":"2025-08-08T17:36:48","date_gmt":"2025-08-08T15:36:48","guid":{"rendered":"https:\/\/lucacastelli.com\/prodotto\/milwaukee-tour-declairage-compacte-mx-fuel-packout-batterie-secteur-2\/"},"modified":"2025-08-08T17:36:48","modified_gmt":"2025-08-08T15:36:48","slug":"milwaukee-tour-declairage-compacte-mx-fuel-packout-batterie-secteur-2","status":"publish","type":"product","link":"https:\/\/lucacastelli.com\/fr\/produit\/milwaukee-tour-declairage-compacte-mx-fuel-packout-batterie-secteur-2\/","title":{"rendered":"MILWAUKEE Tour d&#8217;\u00e9clairage compacte MX FUEL\u2122 PACKOUT\u2122 Batterie\/Secteur"},"content":{"rendered":"<p>MXF TLIC-601\/TOUR \u00c9CLAIRAGE COMPACT PACKOUT<br \/>\n\u00c9clairage TRUEVIEW\u2122 capable de fournir jusqu&#8217;\u00e0 15 000 lumens sur batterie ou sur secteur ; La t\u00eate lumineuse est orientable dans plusieurs directions ; Poids de seulement 17 kg (sans batterie), facilement transportable sur terrains irr\u00e9guliers gr\u00e2ce aux deux grandes roues ; Compatibilit\u00e9 PACKOUT\u2122 : peut \u00eatre empil\u00e9e sur un chariot ou une caisse PACKOUT\u2122 pour un transport ais\u00e9 ; Temps de configuration d&#8217;environ 7 secondes, gr\u00e2ce au m\u00e2t extensible manuellement jusqu&#8217;\u00e0 2,4 m\u00e8tres de hauteur ; Les deux stabilisateurs assurent la stabilit\u00e9 lors de l&#8217;utilisation du projecteur ; Le syst\u00e8me ONE-KEY\u2122 Tracking &amp; Security offre gratuitement un service de tra\u00e7abilit\u00e9 et de gestion d&#8217;inventaire bas\u00e9 sur le cloud, disposant \u00e9galement de fonctionnalit\u00e9s de verrouillage \u00e0 distance et de personnalisation des performances de l&#8217;outil ; Classification IP56 ; Utilisable \u00e9galement sur secteur ; Construite avec des lentilles en polycarbonate extr\u00eamement r\u00e9sistantes qui offrent une durabilit\u00e9 sup\u00e9rieure<\/p>\n<p>4933498072<br \/>\n4058546512323<\/p>\n","protected":false},"excerpt":{"rendered":"<p>MXF TLIC-601\/TOUR \u00c9CLAIRAGE COMPACT PACKOUT<\/p>\n","protected":false},"featured_media":586986,"template":"","meta":{"_seopress_robots_primary_cat":"","_seopress_titles_title":"","_seopress_titles_desc":"","_seopress_robots_index":""},"product_brand":[3407],"product_cat":[5531,29,514],"product_tag":[3270],"class_list":{"0":"post-830989","1":"product","2":"type-product","3":"status-publish","4":"has-post-thumbnail","6":"product_brand-milwaukee","7":"product_cat-vari-macchinari-milwaukee","8":"product_cat-macchinari","9":"product_cat-altri-dispositivi","10":"product_tag-import-milwau","11":"sws-conto-ricavi-merci-rivendita-macchinari-fr","12":"sws-gruppo-iva-iva81-fr","14":"first","15":"onbackorder","16":"sale","17":"shipping-taxable","18":"purchasable","19":"product-type-simple"},"_links":{"self":[{"href":"https:\/\/lucacastelli.com\/fr\/wp-json\/wp\/v2\/product\/830989","targetHints":{"allow":["GET"]}}],"collection":[{"href":"https:\/\/lucacastelli.com\/fr\/wp-json\/wp\/v2\/product"}],"about":[{"href":"https:\/\/lucacastelli.com\/fr\/wp-json\/wp\/v2\/types\/product"}],"wp:featuredmedia":[{"embeddable":true,"href":"https:\/\/lucacastelli.com\/fr\/wp-json\/wp\/v2\/media\/586986"}],"wp:attachment":[{"href":"https:\/\/lucacastelli.com\/fr\/wp-json\/wp\/v2\/media?parent=830989"}],"wp:term":[{"taxonomy":"product_brand","embeddable":true,"href":"https:\/\/lucacastelli.com\/fr\/wp-json\/wp\/v2\/product_brand?post=830989"},{"taxonomy":"product_cat","embeddable":true,"href":"https:\/\/lucacastelli.com\/fr\/wp-json\/wp\/v2\/product_cat?post=830989"},{"taxonomy":"product_tag","embeddable":true,"href":"https:\/\/lucacastelli.com\/fr\/wp-json\/wp\/v2\/product_tag?post=830989"}],"curies":[{"name":"wp","href":"https:\/\/api.w.org\/{rel}","templated":true}]}}