{"id":830981,"date":"2025-08-08T12:06:54","date_gmt":"2025-08-08T10:06:54","guid":{"rendered":"https:\/\/lucacastelli.com\/prodotto\/milwaukee-coupe-tubes-inox\/"},"modified":"2025-08-08T12:06:54","modified_gmt":"2025-08-08T10:06:54","slug":"milwaukee-coupe-tubes-inox","status":"publish","type":"product","link":"https:\/\/lucacastelli.com\/fr\/produit\/milwaukee-coupe-tubes-inox\/","title":{"rendered":"MILWAUKEE Coupe-tubes INOX"},"content":{"rendered":"<p>M12PCSS54-402C COUPE-TUBES SUR ACCU<br \/>\nRAPTOR XL\u2122 est capable de couper des tubes install\u00e9s en acier inoxydable, en acier doux et en cuivre ; Coupe un tube en acier inoxydable de 54 mm en moins de 30 secondes ; Jusqu\u2019\u00e0 45 coupes avec une batterie M12\u2122 de 4,0 Ah ; Utilisable d\u2019une seule main avec seulement 4 cm d\u2019espace entre la tuyauterie et le mur ; Les m\u00e2choires s\u2019adaptent automatiquement au diam\u00e8tre du tube ; Coupe des tuyauteries de diam\u00e8tres 35, 42 et 54 mm ; T\u00eate en m\u00e9tal scell\u00e9e et syst\u00e8me de drainage pour une r\u00e9sistance maximale \u00e0 l\u2019eau ; La LED situ\u00e9e \u00e0 l\u2019avant am\u00e9liore la visibilit\u00e9 m\u00eame dans les environnements peu \u00e9clair\u00e9s ; Indicateur de charge de la batterie et \u00e9clairage LED pour illuminer la zone de travail ; Le moteur brushless, l\u2019\u00e9lectronique REDLINK PLUS\u2122 et la batterie REDLITHIUM\u2122 offrent des performances et une durabilit\u00e9 sup\u00e9rieures ; Fonctionne avec toutes les batteries M12\u2122 MILWAUKEE\u00ae<\/p>\n<p>4933498605<br \/>\n4058546524746<\/p>\n","protected":false},"excerpt":{"rendered":"<p>M12PCSS54-402C COUPE-TUBES SUR ACCU<\/p>\n","protected":false},"featured_media":588912,"template":"","meta":{"_seopress_robots_primary_cat":"","_seopress_titles_title":"","_seopress_titles_desc":"","_seopress_robots_index":""},"product_brand":[3407],"product_cat":[5531,29,514],"product_tag":[3270],"class_list":{"0":"post-830981","1":"product","2":"type-product","3":"status-publish","4":"has-post-thumbnail","6":"product_brand-milwaukee","7":"product_cat-vari-macchinari-milwaukee","8":"product_cat-macchinari","9":"product_cat-altri-dispositivi","10":"product_tag-import-milwau","11":"sws-conto-ricavi-merci-rivendita-macchinari-fr","12":"sws-gruppo-iva-iva81-fr","14":"first","15":"onbackorder","16":"sale","17":"shipping-taxable","18":"purchasable","19":"product-type-simple"},"_links":{"self":[{"href":"https:\/\/lucacastelli.com\/fr\/wp-json\/wp\/v2\/product\/830981","targetHints":{"allow":["GET"]}}],"collection":[{"href":"https:\/\/lucacastelli.com\/fr\/wp-json\/wp\/v2\/product"}],"about":[{"href":"https:\/\/lucacastelli.com\/fr\/wp-json\/wp\/v2\/types\/product"}],"wp:featuredmedia":[{"embeddable":true,"href":"https:\/\/lucacastelli.com\/fr\/wp-json\/wp\/v2\/media\/588912"}],"wp:attachment":[{"href":"https:\/\/lucacastelli.com\/fr\/wp-json\/wp\/v2\/media?parent=830981"}],"wp:term":[{"taxonomy":"product_brand","embeddable":true,"href":"https:\/\/lucacastelli.com\/fr\/wp-json\/wp\/v2\/product_brand?post=830981"},{"taxonomy":"product_cat","embeddable":true,"href":"https:\/\/lucacastelli.com\/fr\/wp-json\/wp\/v2\/product_cat?post=830981"},{"taxonomy":"product_tag","embeddable":true,"href":"https:\/\/lucacastelli.com\/fr\/wp-json\/wp\/v2\/product_tag?post=830981"}],"curies":[{"name":"wp","href":"https:\/\/api.w.org\/{rel}","templated":true}]}}