{"id":830980,"date":"2025-08-08T12:06:50","date_gmt":"2025-08-08T10:06:50","guid":{"rendered":"https:\/\/lucacastelli.com\/prodotto\/milwaukee-coupe-cables-125-mm-m18-force-logic\/"},"modified":"2025-08-08T12:06:50","modified_gmt":"2025-08-08T10:06:50","slug":"milwaukee-coupe-cables-125-mm-m18-force-logic","status":"publish","type":"product","link":"https:\/\/lucacastelli.com\/fr\/produit\/milwaukee-coupe-cables-125-mm-m18-force-logic\/","title":{"rendered":"MILWAUKEE Coupe-c\u00e2bles 125 mm M18\u2122 FORCE LOGIC\u2122"},"content":{"rendered":"<p>Coupe-c\u00e2bles 125 mm M18\u2122 FORCE LOGIC\u2122<br \/>\nM18 HCC125-801C \/ COUPE-C\u00c2BLES<br \/>\nLe coupe-c\u00e2bles avec d\u00e9marrage \u00e0 distance FORCE LOGIC\u2122 coupe l&#8217;aluminium, le cuivre et les c\u00e2bles arm\u00e9s jusqu&#8217;\u00e0 125 mm de diam\u00e8tre ; Poign\u00e9e lat\u00e9rale r\u00e9glable, design en ligne et anneau pour pouvoir l&#8217;accrocher \u00e0 des c\u00e2bles et crochets ; Le syst\u00e8me de fermeture Quick Lock permet aux utilisateurs d&#8217;ouvrir et fermer facilement le crochet sans probl\u00e8me d&#8217;alignement ; Permet de s\u00e9parer les c\u00e2bles afin de faciliter la coupe ; La batterie est prot\u00e9g\u00e9e par une coque qui rend la machine certifi\u00e9e IP54, r\u00e9sistante \u00e0 la poussi\u00e8re et \u00e0 l&#8217;humidit\u00e9 ; Remplacement facile de la lame \u00e0 vue, \u00e9vitant les temps morts ; La t\u00eate rotative \u00e0 180 degr\u00e9s facilite l&#8217;alignement de la machine avec les c\u00e2bles \u00e0 couper ; Le syst\u00e8me ONE-KEY\u2122 Tracking &amp; Security offre gratuitement un service de tra\u00e7age et de gestion d&#8217;inventaire bas\u00e9 sur le cloud, disposant \u00e9galement de fonctionnalit\u00e9s de blocage \u00e0 distance et de rapports d&#8217;applications ; Le moteur brushless, l&#8217;\u00e9lectronique REDLINK PLUS\u2122 et le pack de batteries REDLITHIUM\u2122 offrent des performances et une durabilit\u00e9 sup\u00e9rieures ; Fonctionne avec toutes les batteries M18\u2122 MILWAUKEE\u00ae<\/p>\n<p>4933499333<br \/>\n4058546564971<\/p>\n","protected":false},"excerpt":{"rendered":"<p>M18 HCC125-801C \/ COUPE-C\u00c2BLES<\/p>\n","protected":false},"featured_media":590376,"template":"","meta":{"_seopress_robots_primary_cat":"","_seopress_titles_title":"","_seopress_titles_desc":"","_seopress_robots_index":""},"product_brand":[3407],"product_cat":[5531,29,514],"product_tag":[3270],"class_list":{"0":"post-830980","1":"product","2":"type-product","3":"status-publish","4":"has-post-thumbnail","6":"product_brand-milwaukee","7":"product_cat-vari-macchinari-milwaukee","8":"product_cat-macchinari","9":"product_cat-altri-dispositivi","10":"product_tag-import-milwau","11":"sws-conto-ricavi-merci-rivendita-macchinari-fr","12":"sws-gruppo-iva-iva81-fr","14":"first","15":"onbackorder","16":"sale","17":"shipping-taxable","18":"purchasable","19":"product-type-simple"},"_links":{"self":[{"href":"https:\/\/lucacastelli.com\/fr\/wp-json\/wp\/v2\/product\/830980","targetHints":{"allow":["GET"]}}],"collection":[{"href":"https:\/\/lucacastelli.com\/fr\/wp-json\/wp\/v2\/product"}],"about":[{"href":"https:\/\/lucacastelli.com\/fr\/wp-json\/wp\/v2\/types\/product"}],"wp:featuredmedia":[{"embeddable":true,"href":"https:\/\/lucacastelli.com\/fr\/wp-json\/wp\/v2\/media\/590376"}],"wp:attachment":[{"href":"https:\/\/lucacastelli.com\/fr\/wp-json\/wp\/v2\/media?parent=830980"}],"wp:term":[{"taxonomy":"product_brand","embeddable":true,"href":"https:\/\/lucacastelli.com\/fr\/wp-json\/wp\/v2\/product_brand?post=830980"},{"taxonomy":"product_cat","embeddable":true,"href":"https:\/\/lucacastelli.com\/fr\/wp-json\/wp\/v2\/product_cat?post=830980"},{"taxonomy":"product_tag","embeddable":true,"href":"https:\/\/lucacastelli.com\/fr\/wp-json\/wp\/v2\/product_tag?post=830980"}],"curies":[{"name":"wp","href":"https:\/\/api.w.org\/{rel}","templated":true}]}}