{"id":830974,"date":"2025-08-08T12:06:59","date_gmt":"2025-08-08T10:06:59","guid":{"rendered":"https:\/\/lucacastelli.com\/prodotto\/milwaukee-tambour-pour-cables-sectionnables-de-22-mm\/"},"modified":"2025-08-08T12:06:59","modified_gmt":"2025-08-08T10:06:59","slug":"milwaukee-tambour-pour-cables-sectionnables-de-22-mm","status":"publish","type":"product","link":"https:\/\/lucacastelli.com\/fr\/produit\/milwaukee-tambour-pour-cables-sectionnables-de-22-mm\/","title":{"rendered":"MILWAUKEE Tambour pour c\u00e2bles sectionnables de 22 mm"},"content":{"rendered":"<p>TAMBOUR POUR SPIRALES DE 22 MM<br \/>\nTambours pour spirales Milwaukee\u00ae enti\u00e8rement scell\u00e9s : pour un transport plus facile et un meilleur confinement de la salet\u00e9 ; Compatible avec les sections MILWAUKEE\u00ae ou les solutions les plus courantes du march\u00e9<\/p>\n<p>4932478411<br \/>\n4058546346027<\/p>\n","protected":false},"excerpt":{"rendered":"<p>TAMBOUR POUR SPIRALES DE 22 MM<\/p>\n","protected":false},"featured_media":537582,"template":"","meta":{"_seopress_robots_primary_cat":"","_seopress_titles_title":"","_seopress_titles_desc":"","_seopress_robots_index":""},"product_brand":[3407],"product_cat":[5531,29,514],"product_tag":[3270],"class_list":{"0":"post-830974","1":"product","2":"type-product","3":"status-publish","4":"has-post-thumbnail","6":"product_brand-milwaukee","7":"product_cat-vari-macchinari-milwaukee","8":"product_cat-macchinari","9":"product_cat-altri-dispositivi","10":"product_tag-import-milwau","11":"sws-conto-ricavi-merci-rivendita-macchinari-fr","12":"sws-gruppo-iva-iva81-fr","14":"first","15":"onbackorder","16":"sale","17":"shipping-taxable","18":"purchasable","19":"product-type-simple"},"_links":{"self":[{"href":"https:\/\/lucacastelli.com\/fr\/wp-json\/wp\/v2\/product\/830974","targetHints":{"allow":["GET"]}}],"collection":[{"href":"https:\/\/lucacastelli.com\/fr\/wp-json\/wp\/v2\/product"}],"about":[{"href":"https:\/\/lucacastelli.com\/fr\/wp-json\/wp\/v2\/types\/product"}],"wp:featuredmedia":[{"embeddable":true,"href":"https:\/\/lucacastelli.com\/fr\/wp-json\/wp\/v2\/media\/537582"}],"wp:attachment":[{"href":"https:\/\/lucacastelli.com\/fr\/wp-json\/wp\/v2\/media?parent=830974"}],"wp:term":[{"taxonomy":"product_brand","embeddable":true,"href":"https:\/\/lucacastelli.com\/fr\/wp-json\/wp\/v2\/product_brand?post=830974"},{"taxonomy":"product_cat","embeddable":true,"href":"https:\/\/lucacastelli.com\/fr\/wp-json\/wp\/v2\/product_cat?post=830974"},{"taxonomy":"product_tag","embeddable":true,"href":"https:\/\/lucacastelli.com\/fr\/wp-json\/wp\/v2\/product_tag?post=830974"}],"curies":[{"name":"wp","href":"https:\/\/api.w.org\/{rel}","templated":true}]}}