{"id":830963,"date":"2025-08-08T17:36:43","date_gmt":"2025-08-08T15:36:43","guid":{"rendered":"https:\/\/lucacastelli.com\/prodotto\/milwaukee-tour-declairage-led-multidirectionnelle-avec-trepied-m18-2-800-lumens\/"},"modified":"2025-08-08T17:36:43","modified_gmt":"2025-08-08T15:36:43","slug":"milwaukee-tour-declairage-led-multidirectionnelle-avec-trepied-m18-2-800-lumens","status":"publish","type":"product","link":"https:\/\/lucacastelli.com\/fr\/produit\/milwaukee-tour-declairage-led-multidirectionnelle-avec-trepied-m18-2-800-lumens\/","title":{"rendered":"MILWAUKEE Tour d&#8217;\u00e9clairage LED multidirectionnelle avec tr\u00e9pied M18\u2122 2 800 lumens"},"content":{"rendered":"<p>M18 SAL2-0 \/\u00c9CLAIRAGE<br \/>\n\u00c9clairage haute d\u00e9finition TRUEVIEW\u2122 ; 12 LED haute performance fournissant jusqu&#8217;\u00e0 2 800 lumens ; T\u00eate r\u00e9sistante aux chocs construite avec lentilles en polycarbonate, r\u00e9glable de 230\u00b0 en vertical et 240\u00b0 en horizontal ; Protection de la t\u00eate et des lentilles lorsque la tour d&#8217;\u00e9clairage est ferm\u00e9e pour le stockage ou le transport ; Extensible de 1,10 \u00e0 2,20 m ; Classification IP54 pour protection contre l&#8217;eau et la poussi\u00e8re ; Encombrement r\u00e9duit avec centre de gravit\u00e9 bas et pieds renforc\u00e9s en nylon pour protection contre les chocs et les conditions difficiles sur le chantier ; Deux poign\u00e9es pour transport facile d&#8217;une main gr\u00e2ce au poids \u00e9quilibr\u00e9 en position ferm\u00e9e ; Indicateur d&#8217;\u00e9tat de charge de la batterie &#8211; clignote lorsque la batterie se d\u00e9charge ; Fonctionne avec toutes les batteries M18\u2122 MILWAUKEE\u00ae<\/p>\n<p>4933492486<br \/>\n4058546418533<\/p>\n","protected":false},"excerpt":{"rendered":"<p>M18 SAL2-0 \/\u00c9CLAIRAGE<\/p>\n","protected":false},"featured_media":583737,"template":"","meta":{"_seopress_robots_primary_cat":"","_seopress_titles_title":"","_seopress_titles_desc":"","_seopress_robots_index":""},"product_brand":[3407],"product_cat":[5531,29,514],"product_tag":[3270],"class_list":{"0":"post-830963","1":"product","2":"type-product","3":"status-publish","4":"has-post-thumbnail","6":"product_brand-milwaukee","7":"product_cat-vari-macchinari-milwaukee","8":"product_cat-macchinari","9":"product_cat-altri-dispositivi","10":"product_tag-import-milwau","11":"sws-conto-ricavi-merci-rivendita-macchinari-fr","12":"sws-gruppo-iva-iva81-fr","14":"first","15":"onbackorder","16":"sale","17":"shipping-taxable","18":"purchasable","19":"product-type-simple"},"_links":{"self":[{"href":"https:\/\/lucacastelli.com\/fr\/wp-json\/wp\/v2\/product\/830963","targetHints":{"allow":["GET"]}}],"collection":[{"href":"https:\/\/lucacastelli.com\/fr\/wp-json\/wp\/v2\/product"}],"about":[{"href":"https:\/\/lucacastelli.com\/fr\/wp-json\/wp\/v2\/types\/product"}],"wp:featuredmedia":[{"embeddable":true,"href":"https:\/\/lucacastelli.com\/fr\/wp-json\/wp\/v2\/media\/583737"}],"wp:attachment":[{"href":"https:\/\/lucacastelli.com\/fr\/wp-json\/wp\/v2\/media?parent=830963"}],"wp:term":[{"taxonomy":"product_brand","embeddable":true,"href":"https:\/\/lucacastelli.com\/fr\/wp-json\/wp\/v2\/product_brand?post=830963"},{"taxonomy":"product_cat","embeddable":true,"href":"https:\/\/lucacastelli.com\/fr\/wp-json\/wp\/v2\/product_cat?post=830963"},{"taxonomy":"product_tag","embeddable":true,"href":"https:\/\/lucacastelli.com\/fr\/wp-json\/wp\/v2\/product_tag?post=830963"}],"curies":[{"name":"wp","href":"https:\/\/api.w.org\/{rel}","templated":true}]}}