{"id":830954,"date":"2025-08-08T17:36:44","date_gmt":"2025-08-08T15:36:44","guid":{"rendered":"https:\/\/lucacastelli.com\/prodotto\/milwaukee-projecteur-de-chantier-led-multidirectionnel-avec-trepied-m18-2-800-lumens\/"},"modified":"2025-08-08T17:36:44","modified_gmt":"2025-08-08T15:36:44","slug":"milwaukee-projecteur-de-chantier-led-multidirectionnel-avec-trepied-m18-2-800-lumens","status":"publish","type":"product","link":"https:\/\/lucacastelli.com\/fr\/produit\/milwaukee-projecteur-de-chantier-led-multidirectionnel-avec-trepied-m18-2-800-lumens\/","title":{"rendered":"MILWAUKEE Projecteur de chantier LED multidirectionnel avec tr\u00e9pied M18\u2122 2 800 lumens"},"content":{"rendered":"<p>M18SAL2-502B LAMPE TORCHE \u00c0 BATTERIE<br \/>\n\u00c9clairage haute d\u00e9finition TRUEVIEW\u2122 ; 12 LED haute performance fournissant jusqu\u2019\u00e0 2 800 lumens ; T\u00eate r\u00e9sistante aux chocs avec lentilles en polycarbonate, orientable \u00e0 230\u00b0 verticalement et 240\u00b0 horizontalement ; Protection de la t\u00eate et des lentilles lors du repliage pour le stockage ou le transport ; Extensible de 1,10 \u00e0 2,20 m ; Indice de protection IP54 contre l\u2019eau et la poussi\u00e8re ; Encombrement r\u00e9duit avec centre de gravit\u00e9 bas et pieds en nylon renforc\u00e9 pour une protection contre les chocs et les conditions difficiles sur le chantier ; Deux poign\u00e9es pour un transport facile d\u2019une seule main gr\u00e2ce au poids \u00e9quilibr\u00e9 une fois repli\u00e9 ; Indicateur de charge &#8211; clignote quand la batterie est faible ; Fonctionne avec toutes les batteries M18\u2122 MILWAUKEE\u00ae<\/p>\n<p>4933492903<br \/>\n4058546477745<\/p>\n","protected":false},"excerpt":{"rendered":"<p>M18SAL2-502B LAMPE TORCHE \u00c0 BATTERIE<\/p>\n","protected":false},"featured_media":584738,"template":"","meta":{"_seopress_robots_primary_cat":"","_seopress_titles_title":"","_seopress_titles_desc":"","_seopress_robots_index":""},"product_brand":[3407],"product_cat":[5531,29,514],"product_tag":[3270],"class_list":{"0":"post-830954","1":"product","2":"type-product","3":"status-publish","4":"has-post-thumbnail","6":"product_brand-milwaukee","7":"product_cat-vari-macchinari-milwaukee","8":"product_cat-macchinari","9":"product_cat-altri-dispositivi","10":"product_tag-import-milwau","11":"sws-conto-ricavi-merci-rivendita-macchinari-fr","12":"sws-gruppo-iva-iva81-fr","14":"first","15":"onbackorder","16":"sale","17":"shipping-taxable","18":"purchasable","19":"product-type-simple"},"_links":{"self":[{"href":"https:\/\/lucacastelli.com\/fr\/wp-json\/wp\/v2\/product\/830954","targetHints":{"allow":["GET"]}}],"collection":[{"href":"https:\/\/lucacastelli.com\/fr\/wp-json\/wp\/v2\/product"}],"about":[{"href":"https:\/\/lucacastelli.com\/fr\/wp-json\/wp\/v2\/types\/product"}],"wp:featuredmedia":[{"embeddable":true,"href":"https:\/\/lucacastelli.com\/fr\/wp-json\/wp\/v2\/media\/584738"}],"wp:attachment":[{"href":"https:\/\/lucacastelli.com\/fr\/wp-json\/wp\/v2\/media?parent=830954"}],"wp:term":[{"taxonomy":"product_brand","embeddable":true,"href":"https:\/\/lucacastelli.com\/fr\/wp-json\/wp\/v2\/product_brand?post=830954"},{"taxonomy":"product_cat","embeddable":true,"href":"https:\/\/lucacastelli.com\/fr\/wp-json\/wp\/v2\/product_cat?post=830954"},{"taxonomy":"product_tag","embeddable":true,"href":"https:\/\/lucacastelli.com\/fr\/wp-json\/wp\/v2\/product_tag?post=830954"}],"curies":[{"name":"wp","href":"https:\/\/api.w.org\/{rel}","templated":true}]}}