{"id":830951,"date":"2025-08-08T13:48:58","date_gmt":"2025-08-08T11:48:58","guid":{"rendered":"https:\/\/lucacastelli.com\/prodotto\/milwaukee-perforateur-sds-plus-26-mm-en-ligne-m18-brushless\/"},"modified":"2025-08-08T13:48:58","modified_gmt":"2025-08-08T11:48:58","slug":"milwaukee-perforateur-sds-plus-26-mm-en-ligne-m18-brushless","status":"publish","type":"product","link":"https:\/\/lucacastelli.com\/fr\/produit\/milwaukee-perforateur-sds-plus-26-mm-en-ligne-m18-brushless\/","title":{"rendered":"MILWAUKEE Perforateur SDS-Plus 26 mm en ligne M18\u2122 Brushless"},"content":{"rendered":"<p>M18 BLHACD26-0X \/PERFORATEURS \u00c0 POIGN\u00c9E EN D<br \/>\nPoign\u00e9e en D avec design l\u00e9ger et ergonomique pour un confort maximal de l&#8217;utilisateur;Le m\u00e9canisme puissant et le moteur sans charbon fournissent une force d&#8217;impact de 2,6 J;4 modes de fonctionnement : perforateur, burinage, rotation et position neutre pour orientation du burin;Syst\u00e8me anti-vibration (AVS) pour r\u00e9duire la fatigue de l&#8217;utilisateur et diminuer l&#8217;exposition aux vibrations;Bo\u00eetier d&#8217;engrenages en m\u00e9tal, pour une r\u00e9sistance maximale;\u00c9lectronique optimis\u00e9e pour une autonomie maximale;Indicateur de l&#8217;\u00e9tat de charge de la batterie;Le moteur brushless, l&#8217;\u00e9lectronique REDLINK PLUS\u2122 et le pack batterie REDLITHIUM\u2122 offrent des performances et une dur\u00e9e de vie sup\u00e9rieures;Fonctionne avec toutes les batteries M18\u2122 MILWAUKEE\u00ae<\/p>\n<p>4933492482<br \/>\n4058546418496<\/p>\n","protected":false},"excerpt":{"rendered":"<p>M18 BLHACD26-0X \/PERFORATEURS \u00c0 POIGN\u00c9E EN D<\/p>\n","protected":false},"featured_media":583704,"template":"","meta":{"_seopress_robots_primary_cat":"","_seopress_titles_title":"","_seopress_titles_desc":"","_seopress_robots_index":""},"product_brand":[3658],"product_cat":[167,1453,1552],"product_tag":[3273],"class_list":{"0":"post-830951","1":"product","2":"type-product","3":"status-publish","4":"has-post-thumbnail","6":"product_brand-milwaukee-fr","7":"product_cat-machines","8":"product_cat-autres-appareils","9":"product_cat-perceuses-et-tournevis","10":"product_tag-import-milwau-fr","11":"sws-conto-ricavi-merci-rivendita-macchinari-fr","12":"sws-gruppo-iva-iva81-fr","14":"first","15":"onbackorder","16":"sale","17":"shipping-taxable","18":"purchasable","19":"product-type-simple"},"_links":{"self":[{"href":"https:\/\/lucacastelli.com\/fr\/wp-json\/wp\/v2\/product\/830951","targetHints":{"allow":["GET"]}}],"collection":[{"href":"https:\/\/lucacastelli.com\/fr\/wp-json\/wp\/v2\/product"}],"about":[{"href":"https:\/\/lucacastelli.com\/fr\/wp-json\/wp\/v2\/types\/product"}],"wp:featuredmedia":[{"embeddable":true,"href":"https:\/\/lucacastelli.com\/fr\/wp-json\/wp\/v2\/media\/583704"}],"wp:attachment":[{"href":"https:\/\/lucacastelli.com\/fr\/wp-json\/wp\/v2\/media?parent=830951"}],"wp:term":[{"taxonomy":"product_brand","embeddable":true,"href":"https:\/\/lucacastelli.com\/fr\/wp-json\/wp\/v2\/product_brand?post=830951"},{"taxonomy":"product_cat","embeddable":true,"href":"https:\/\/lucacastelli.com\/fr\/wp-json\/wp\/v2\/product_cat?post=830951"},{"taxonomy":"product_tag","embeddable":true,"href":"https:\/\/lucacastelli.com\/fr\/wp-json\/wp\/v2\/product_tag?post=830951"}],"curies":[{"name":"wp","href":"https:\/\/api.w.org\/{rel}","templated":true}]}}