{"id":830950,"date":"2025-08-08T13:48:59","date_gmt":"2025-08-08T11:48:59","guid":{"rendered":"https:\/\/lucacastelli.com\/prodotto\/perforateur-sds-plus-26-mm-en-ligne-m18-brushless-milwaukee\/"},"modified":"2025-08-08T13:48:59","modified_gmt":"2025-08-08T11:48:59","slug":"perforateur-sds-plus-26-mm-en-ligne-m18-brushless-milwaukee","status":"publish","type":"product","link":"https:\/\/lucacastelli.com\/fr\/produit\/perforateur-sds-plus-26-mm-en-ligne-m18-brushless-milwaukee\/","title":{"rendered":"Perforateur SDS-Plus 26 mm en ligne M18\u2122 Brushless MILWAUKEE"},"content":{"rendered":"<p>M18 BLHACD26-402X \/ PERFORATEURS EN D<br \/>\nPoign\u00e9e en D au design l\u00e9ger et ergonomique pour un confort maximal de l\u2019utilisateur ; Le m\u00e9canisme puissant et le moteur sans charbons fournissent une force de frappe de 2,6 J ; 4 modes de fonctionnement : per\u00e7age \u00e0 percussion, burinage, rotation et position neutre pour l\u2019orientation du burin ; Syst\u00e8me anti-vibration (AVS) pour une fatigue r\u00e9duite de l\u2019utilisateur et une moindre exposition aux vibrations ; Carter d\u2019engrenage en m\u00e9tal pour une r\u00e9sistance maximale ; \u00c9lectronique optimis\u00e9e pour une autonomie maximale ; Indicateur de charge de la batterie ; Le moteur brushless, l\u2019\u00e9lectronique REDLINK PLUS\u2122 et la batterie REDLITHIUM\u2122 offrent des performances et une durabilit\u00e9 sup\u00e9rieures ; Fonctionne avec toutes les batteries M18\u2122 MILWAUKEE\u00ae ; Compatible avec l\u2019extracteur de poussi\u00e8re M12 UDEL ; Longueur totale 378 mm<\/p>\n<p>4933492480<br \/>\n4058546418472<\/p>\n","protected":false},"excerpt":{"rendered":"<p>M18 BLHACD26-402X \/ PERFORATEURS EN D<\/p>\n","protected":false},"featured_media":583639,"template":"","meta":{"_seopress_robots_primary_cat":"","_seopress_titles_title":"","_seopress_titles_desc":"","_seopress_robots_index":""},"product_brand":[3658],"product_cat":[1453,167,1552],"product_tag":[3273],"class_list":{"0":"post-830950","1":"product","2":"type-product","3":"status-publish","4":"has-post-thumbnail","6":"product_brand-milwaukee-fr","7":"product_cat-autres-appareils","8":"product_cat-machines","9":"product_cat-perceuses-et-tournevis","10":"product_tag-import-milwau-fr","11":"sws-conto-ricavi-merci-rivendita-macchinari-fr","12":"sws-gruppo-iva-iva81-fr","14":"first","15":"onbackorder","16":"sale","17":"shipping-taxable","18":"purchasable","19":"product-type-simple"},"_links":{"self":[{"href":"https:\/\/lucacastelli.com\/fr\/wp-json\/wp\/v2\/product\/830950","targetHints":{"allow":["GET"]}}],"collection":[{"href":"https:\/\/lucacastelli.com\/fr\/wp-json\/wp\/v2\/product"}],"about":[{"href":"https:\/\/lucacastelli.com\/fr\/wp-json\/wp\/v2\/types\/product"}],"wp:featuredmedia":[{"embeddable":true,"href":"https:\/\/lucacastelli.com\/fr\/wp-json\/wp\/v2\/media\/583639"}],"wp:attachment":[{"href":"https:\/\/lucacastelli.com\/fr\/wp-json\/wp\/v2\/media?parent=830950"}],"wp:term":[{"taxonomy":"product_brand","embeddable":true,"href":"https:\/\/lucacastelli.com\/fr\/wp-json\/wp\/v2\/product_brand?post=830950"},{"taxonomy":"product_cat","embeddable":true,"href":"https:\/\/lucacastelli.com\/fr\/wp-json\/wp\/v2\/product_cat?post=830950"},{"taxonomy":"product_tag","embeddable":true,"href":"https:\/\/lucacastelli.com\/fr\/wp-json\/wp\/v2\/product_tag?post=830950"}],"curies":[{"name":"wp","href":"https:\/\/api.w.org\/{rel}","templated":true}]}}