{"id":830947,"date":"2025-08-08T17:36:54","date_gmt":"2025-08-08T15:36:54","guid":{"rendered":"https:\/\/lucacastelli.com\/prodotto\/milwaukee-lampe-de-poche-pliable-avec-batterie-interne-rechargeable\/"},"modified":"2025-08-08T17:36:54","modified_gmt":"2025-08-08T15:36:54","slug":"milwaukee-lampe-de-poche-pliable-avec-batterie-interne-rechargeable","status":"publish","type":"product","link":"https:\/\/lucacastelli.com\/fr\/produit\/milwaukee-lampe-de-poche-pliable-avec-batterie-interne-rechargeable\/","title":{"rendered":"MILWAUKEE Lampe de poche pliable avec batterie interne rechargeable"},"content":{"rendered":"<p>IRFFL LAMPE \u00c0 BATTERIE<br \/>\nLa haute r\u00e9solution 500 lumens TRUEVIEW\u2122 cr\u00e9e un faisceau lumineux uniforme, une temp\u00e9rature de couleur optimale et garantit une reproduction fid\u00e8le des couleurs et des d\u00e9tails ; 3 modes pour la gestion de l\u2019\u00e9clairage et de l\u2019autonomie ; La lampe peut \u00eatre fix\u00e9e par un double aimant ou suspendue par un mousqueton int\u00e9gr\u00e9 ; Ses dimensions compactes permettent un rangement facile dans le sac ; Indice de protection IP54, la lampe est prot\u00e9g\u00e9e contre la poussi\u00e8re et les projections d\u2019eau ; Verre r\u00e9sistant aux chocs et aux agents chimiques pour une long\u00e9vit\u00e9 accrue sur le chantier ; La fonction de s\u00e9curit\u00e9 informe l\u2019utilisateur du faible niveau de la batterie ; Recharge pratique de la batterie interne MILWAUKEE\u00ae via c\u00e2ble USB-C sur une source d\u2019\u00e9nergie USB ou une prise (adaptateur secteur non inclus) ; C\u00e2ble USB-C tress\u00e9 r\u00e9sistant aux conditions de chantier, avec embouts m\u00e9talliques<\/p>\n<p>4933493528<br \/>\n4058546483999<\/p>\n","protected":false},"excerpt":{"rendered":"<p>IRFFL LAMPE \u00c0 BATTERIE<\/p>\n","protected":false},"featured_media":585977,"template":"","meta":{"_seopress_robots_primary_cat":"","_seopress_titles_title":"","_seopress_titles_desc":"","_seopress_robots_index":""},"product_brand":[3407],"product_cat":[5531,29,514],"product_tag":[3270],"class_list":{"0":"post-830947","1":"product","2":"type-product","3":"status-publish","4":"has-post-thumbnail","6":"product_brand-milwaukee","7":"product_cat-vari-macchinari-milwaukee","8":"product_cat-macchinari","9":"product_cat-altri-dispositivi","10":"product_tag-import-milwau","11":"sws-conto-ricavi-merci-rivendita-macchinari-fr","12":"sws-gruppo-iva-iva81-fr","14":"first","15":"onbackorder","16":"sale","17":"shipping-taxable","18":"purchasable","19":"product-type-simple"},"_links":{"self":[{"href":"https:\/\/lucacastelli.com\/fr\/wp-json\/wp\/v2\/product\/830947","targetHints":{"allow":["GET"]}}],"collection":[{"href":"https:\/\/lucacastelli.com\/fr\/wp-json\/wp\/v2\/product"}],"about":[{"href":"https:\/\/lucacastelli.com\/fr\/wp-json\/wp\/v2\/types\/product"}],"wp:featuredmedia":[{"embeddable":true,"href":"https:\/\/lucacastelli.com\/fr\/wp-json\/wp\/v2\/media\/585977"}],"wp:attachment":[{"href":"https:\/\/lucacastelli.com\/fr\/wp-json\/wp\/v2\/media?parent=830947"}],"wp:term":[{"taxonomy":"product_brand","embeddable":true,"href":"https:\/\/lucacastelli.com\/fr\/wp-json\/wp\/v2\/product_brand?post=830947"},{"taxonomy":"product_cat","embeddable":true,"href":"https:\/\/lucacastelli.com\/fr\/wp-json\/wp\/v2\/product_cat?post=830947"},{"taxonomy":"product_tag","embeddable":true,"href":"https:\/\/lucacastelli.com\/fr\/wp-json\/wp\/v2\/product_tag?post=830947"}],"curies":[{"name":"wp","href":"https:\/\/api.w.org\/{rel}","templated":true}]}}