{"id":830942,"date":"2025-08-08T12:06:40","date_gmt":"2025-08-08T10:06:40","guid":{"rendered":"https:\/\/lucacastelli.com\/prodotto\/milwaukee-coupe-cable-hydraulique-m18-force-logic\/"},"modified":"2025-08-08T12:06:40","modified_gmt":"2025-08-08T10:06:40","slug":"milwaukee-coupe-cable-hydraulique-m18-force-logic","status":"publish","type":"product","link":"https:\/\/lucacastelli.com\/fr\/produit\/milwaukee-coupe-cable-hydraulique-m18-force-logic\/","title":{"rendered":"MILWAUKEE Coupe-c\u00e2ble hydraulique M18\u2122 FORCE LOGIC\u2122"},"content":{"rendered":"<p>M18 HCC45-522C\/UT DE SECTEUR<br \/>\nFORCE LOGIC\u2122 pour la coupe de c\u00e2bles ACSR\/ACSS en moins de 9 secondes avec une force de 77,8 kN ; La conception de la m\u00e2choire en attente de brevet permet une ouverture avec seulement deux doigts, am\u00e9liorant l\u2019alignement tout en garantissant une utilisation simplifi\u00e9e avec des gants de classe 3 ; Fermeture automatique de la m\u00e2choire d\u00e8s l\u2019insertion du c\u00e2ble, sans avoir \u00e0 la fermer manuellement ; Coupe les c\u00e2bles de transmission ACSR et ACSS jusqu\u2019\u00e0 44 mm ; La t\u00eate pivotante \u00e0 340\u00b0 aliment\u00e9e par une pompe hydraulique de 77,8 kN offre des coupes plus rapides de c\u00e2bles de transmission, garantissant une productivit\u00e9 accrue ; Le syst\u00e8me ONE-KEY\u2122 Tracking &amp; Security offre gratuitement un service de suivi et de gestion d\u2019inventaire bas\u00e9 sur le cloud, avec des fonctionnalit\u00e9s de verrouillage \u00e0 distance et de rapports d\u2019application ; Le moteur sans charbons, l\u2019\u00e9lectronique REDLINK PLUS\u2122 et la batterie REDLITHIUM\u2122 offrent des performances et une durabilit\u00e9 sup\u00e9rieures ; Fonctionne avec toutes les batteries M18\u2122 MILWAUKEE\u00ae<\/p>\n<p>4933459266<br \/>\n4058546002329<\/p>\n","protected":false},"excerpt":{"rendered":"<p>M18 HCC45-522C\/UT DE SECTEUR<\/p>\n","protected":false},"featured_media":572093,"template":"","meta":{"_seopress_robots_primary_cat":"","_seopress_titles_title":"","_seopress_titles_desc":"","_seopress_robots_index":""},"product_brand":[3407],"product_cat":[5531,29,514],"product_tag":[3270],"class_list":{"0":"post-830942","1":"product","2":"type-product","3":"status-publish","4":"has-post-thumbnail","6":"product_brand-milwaukee","7":"product_cat-vari-macchinari-milwaukee","8":"product_cat-macchinari","9":"product_cat-altri-dispositivi","10":"product_tag-import-milwau","11":"sws-conto-ricavi-merci-rivendita-macchinari-fr","12":"sws-gruppo-iva-iva81-fr","14":"first","15":"onbackorder","16":"sale","17":"shipping-taxable","18":"purchasable","19":"product-type-simple"},"_links":{"self":[{"href":"https:\/\/lucacastelli.com\/fr\/wp-json\/wp\/v2\/product\/830942","targetHints":{"allow":["GET"]}}],"collection":[{"href":"https:\/\/lucacastelli.com\/fr\/wp-json\/wp\/v2\/product"}],"about":[{"href":"https:\/\/lucacastelli.com\/fr\/wp-json\/wp\/v2\/types\/product"}],"wp:featuredmedia":[{"embeddable":true,"href":"https:\/\/lucacastelli.com\/fr\/wp-json\/wp\/v2\/media\/572093"}],"wp:attachment":[{"href":"https:\/\/lucacastelli.com\/fr\/wp-json\/wp\/v2\/media?parent=830942"}],"wp:term":[{"taxonomy":"product_brand","embeddable":true,"href":"https:\/\/lucacastelli.com\/fr\/wp-json\/wp\/v2\/product_brand?post=830942"},{"taxonomy":"product_cat","embeddable":true,"href":"https:\/\/lucacastelli.com\/fr\/wp-json\/wp\/v2\/product_cat?post=830942"},{"taxonomy":"product_tag","embeddable":true,"href":"https:\/\/lucacastelli.com\/fr\/wp-json\/wp\/v2\/product_tag?post=830942"}],"curies":[{"name":"wp","href":"https:\/\/api.w.org\/{rel}","templated":true}]}}