{"id":830937,"date":"2025-08-08T17:36:45","date_gmt":"2025-08-08T15:36:45","guid":{"rendered":"https:\/\/lucacastelli.com\/prodotto\/milwaukee-tour-declairage-led-avec-trepied-m18-one-key\/"},"modified":"2025-08-08T17:36:45","modified_gmt":"2025-08-08T15:36:45","slug":"milwaukee-tour-declairage-led-avec-trepied-m18-one-key","status":"publish","type":"product","link":"https:\/\/lucacastelli.com\/fr\/produit\/milwaukee-tour-declairage-led-avec-trepied-m18-one-key\/","title":{"rendered":"MILWAUKEE Tour d&#8217;\u00e9clairage LED avec tr\u00e9pied M18\u2122 ONE-KEY\u2122"},"content":{"rendered":"<p>M18 ONERSAL-0\/\u00c9CLAIRAGE<br \/>\nOptimisez la luminosit\u00e9 et l&#8217;autonomie en r\u00e9glant la puissance lumineuse de 0 \u00e0 5400 lumens ; Personnalisation ONE-KEY\u2122 : possibilit\u00e9 de r\u00e9gler la luminosit\u00e9 de l&#8217;outil via l&#8217;application (0-5400 lumens) ; Le syst\u00e8me ONE-KEY\u2122 Tracking &amp; Security offre gratuitement un service de suivi et de gestion d&#8217;inventaire bas\u00e9 sur le cloud, avec \u00e9galement des fonctionnalit\u00e9s de verrouillage \u00e0 distance ; Design des pieds renforc\u00e9 et 3 options d&#8217;extension diff\u00e9rentes pour une durabilit\u00e9 et une stabilit\u00e9 accrues ; Lentille en polycarbonate hautement r\u00e9sistante aux chocs et came enti\u00e8rement en aluminium pour prot\u00e9ger la lumi\u00e8re des conditions de travail difficiles ; La technologie TRUEVIEW\u2122 haute d\u00e9finition garantit un faisceau uniforme, une temp\u00e9rature optimis\u00e9e et une repr\u00e9sentation fid\u00e8le des couleurs et des d\u00e9tails ; Possibilit\u00e9 de fixer deux batteries pour doubler la dur\u00e9e de charge ; Hauteur r\u00e9glable de 0,5 m \u00e0 1,65 m ; Facile \u00e0 transporter une fois repli\u00e9e, ne mesure que 55 cm ; La technologie ONE-KEY\u2122 offre une plateforme avec inventaire num\u00e9rique qui favorise la localisation de l&#8217;outil et sert \u00e0 pr\u00e9venir les vols ; Fonctionne avec toutes les batteries M18\u2122 MILWAUKEE\u00ae<\/p>\n<p>4933459431<br \/>\n4058546010928<\/p>\n","protected":false},"excerpt":{"rendered":"<p>M18 ONERSAL-0\/\u00c9CLAIRAGE<\/p>\n","protected":false},"featured_media":572476,"template":"","meta":{"_seopress_robots_primary_cat":"","_seopress_titles_title":"","_seopress_titles_desc":"","_seopress_robots_index":""},"product_brand":[3407],"product_cat":[5531,29,514],"product_tag":[3270],"class_list":{"0":"post-830937","1":"product","2":"type-product","3":"status-publish","4":"has-post-thumbnail","6":"product_brand-milwaukee","7":"product_cat-vari-macchinari-milwaukee","8":"product_cat-macchinari","9":"product_cat-altri-dispositivi","10":"product_tag-import-milwau","11":"sws-conto-ricavi-merci-rivendita-macchinari-fr","12":"sws-gruppo-iva-iva81-fr","14":"first","15":"onbackorder","16":"sale","17":"shipping-taxable","18":"purchasable","19":"product-type-simple"},"_links":{"self":[{"href":"https:\/\/lucacastelli.com\/fr\/wp-json\/wp\/v2\/product\/830937","targetHints":{"allow":["GET"]}}],"collection":[{"href":"https:\/\/lucacastelli.com\/fr\/wp-json\/wp\/v2\/product"}],"about":[{"href":"https:\/\/lucacastelli.com\/fr\/wp-json\/wp\/v2\/types\/product"}],"wp:featuredmedia":[{"embeddable":true,"href":"https:\/\/lucacastelli.com\/fr\/wp-json\/wp\/v2\/media\/572476"}],"wp:attachment":[{"href":"https:\/\/lucacastelli.com\/fr\/wp-json\/wp\/v2\/media?parent=830937"}],"wp:term":[{"taxonomy":"product_brand","embeddable":true,"href":"https:\/\/lucacastelli.com\/fr\/wp-json\/wp\/v2\/product_brand?post=830937"},{"taxonomy":"product_cat","embeddable":true,"href":"https:\/\/lucacastelli.com\/fr\/wp-json\/wp\/v2\/product_cat?post=830937"},{"taxonomy":"product_tag","embeddable":true,"href":"https:\/\/lucacastelli.com\/fr\/wp-json\/wp\/v2\/product_tag?post=830937"}],"curies":[{"name":"wp","href":"https:\/\/api.w.org\/{rel}","templated":true}]}}