{"id":830926,"date":"2025-08-08T17:36:53","date_gmt":"2025-08-08T15:36:53","guid":{"rendered":"https:\/\/lucacastelli.com\/prodotto\/milwaukee-lampe-torche-rechargeable-usb-pour-tire-fils-electriques\/"},"modified":"2025-08-08T17:36:53","modified_gmt":"2025-08-08T15:36:53","slug":"milwaukee-lampe-torche-rechargeable-usb-pour-tire-fils-electriques","status":"publish","type":"product","link":"https:\/\/lucacastelli.com\/fr\/produit\/milwaukee-lampe-torche-rechargeable-usb-pour-tire-fils-electriques\/","title":{"rendered":"MILWAUKEE Lampe torche rechargeable USB pour tire-fils \u00e9lectriques"},"content":{"rendered":"<p>L4 HSL-301 \/ \u00c9CLAIRAGE<br \/>\nLampe torche \u00e0 fixer sur les tire-fils \u00e9lectriques, pour \u00e9clairer les c\u00e2bles \u00e9lectriques de pr\u00e8s ; deux lampes LED s\u00e9par\u00e9es fournissent 350 lumens d\u2019\u00e9clairage haute intensit\u00e9 ; gr\u00e2ce \u00e0 diff\u00e9rents r\u00e9glages de luminosit\u00e9, l\u2019\u00e9clairage peut garantir jusqu\u2019\u00e0 10 heures d\u2019autonomie avec une charge de batterie ; la lampe torche pour tire-fils \u00e9lectriques est con\u00e7ue pour r\u00e9sister aux conditions les plus difficiles et pr\u00e9sente un corps en aluminium ainsi qu\u2019un indice de protection IP54 pour la r\u00e9sistance \u00e0 l\u2019eau et \u00e0 la poussi\u00e8re ; la lampe torche rechargeable USB pour tire-fils \u00e9lectriques est aliment\u00e9e par une batterie rechargeable USB de 3,0 Ah, garantissant une autonomie pour toute la journ\u00e9e de travail ; la batterie rechargeable USB MILWAUKEE\u00ae peut \u00eatre recharg\u00e9e dans la lampe via USB-C ou remplac\u00e9e par d\u2019autres batteries rechargeables USB Milwaukee\u00ae pour \u00e9viter tout temps d\u2019arr\u00eat<\/p>\n<p>4933493968<br \/>\n4058546511289<\/p>\n","protected":false},"excerpt":{"rendered":"<p>L4 HSL-301 \/ \u00c9CLAIRAGE<\/p>\n","protected":false},"featured_media":586724,"template":"","meta":{"_seopress_robots_primary_cat":"","_seopress_titles_title":"","_seopress_titles_desc":"","_seopress_robots_index":""},"product_brand":[3407],"product_cat":[5531,29,514],"product_tag":[3270],"class_list":{"0":"post-830926","1":"product","2":"type-product","3":"status-publish","4":"has-post-thumbnail","6":"product_brand-milwaukee","7":"product_cat-vari-macchinari-milwaukee","8":"product_cat-macchinari","9":"product_cat-altri-dispositivi","10":"product_tag-import-milwau","11":"sws-conto-ricavi-merci-rivendita-macchinari-fr","12":"sws-gruppo-iva-iva81-fr","14":"first","15":"onbackorder","16":"sale","17":"shipping-taxable","18":"purchasable","19":"product-type-simple"},"_links":{"self":[{"href":"https:\/\/lucacastelli.com\/fr\/wp-json\/wp\/v2\/product\/830926","targetHints":{"allow":["GET"]}}],"collection":[{"href":"https:\/\/lucacastelli.com\/fr\/wp-json\/wp\/v2\/product"}],"about":[{"href":"https:\/\/lucacastelli.com\/fr\/wp-json\/wp\/v2\/types\/product"}],"wp:featuredmedia":[{"embeddable":true,"href":"https:\/\/lucacastelli.com\/fr\/wp-json\/wp\/v2\/media\/586724"}],"wp:attachment":[{"href":"https:\/\/lucacastelli.com\/fr\/wp-json\/wp\/v2\/media?parent=830926"}],"wp:term":[{"taxonomy":"product_brand","embeddable":true,"href":"https:\/\/lucacastelli.com\/fr\/wp-json\/wp\/v2\/product_brand?post=830926"},{"taxonomy":"product_cat","embeddable":true,"href":"https:\/\/lucacastelli.com\/fr\/wp-json\/wp\/v2\/product_cat?post=830926"},{"taxonomy":"product_tag","embeddable":true,"href":"https:\/\/lucacastelli.com\/fr\/wp-json\/wp\/v2\/product_tag?post=830926"}],"curies":[{"name":"wp","href":"https:\/\/api.w.org\/{rel}","templated":true}]}}