{"id":830924,"date":"2025-08-08T17:36:55","date_gmt":"2025-08-08T15:36:55","guid":{"rendered":"https:\/\/lucacastelli.com\/prodotto\/milwaukee-projecteur-led-longue-portee-m18\/"},"modified":"2025-08-08T17:36:55","modified_gmt":"2025-08-08T15:36:55","slug":"milwaukee-projecteur-led-longue-portee-m18","status":"publish","type":"product","link":"https:\/\/lucacastelli.com\/fr\/produit\/milwaukee-projecteur-led-longue-portee-m18\/","title":{"rendered":"MILWAUKEE Projecteur LED longue port\u00e9e M18\u2122"},"content":{"rendered":"<p>M18 SLED-0\/\u00c9CLAIRAGE<br \/>\nL\u2019\u00e9clairage professionnel TRUEVIEW\u2122 offre une excellente visibilit\u00e9 des d\u00e9tails et une restitution fid\u00e8le des couleurs, tout en r\u00e9duisant les reflets et les ombres ; La t\u00eate pivotante offre une puissance maximale de 1 250 lumens et une port\u00e9e allant jusqu\u2019\u00e0 650 m ; 4 modes d\u2019\u00e9clairage : spot, large, spot\/large, clignotant ; Mode \u00ab spot \u00bb pour l\u2019\u00e9clairage longue port\u00e9e : inspection de c\u00e2bles haute tension, \u00e9clairage de conduits, inspection souterraine, etc. ; Mode \u00ab large \u00bb pour l\u2019\u00e9clairage de zones int\u00e9rieures ; Indice de protection IP54 (poussi\u00e8re et \u00e9claboussures d\u2019eau) ; Poign\u00e9e ergonomique en caoutchouc pour un confort accru ; Trou de suspension ; Fonctionne avec toutes les batteries MILWAUKEE\u00ae M18\u2122<\/p>\n<p>4933459159<br \/>\n4002395287147<\/p>\n","protected":false},"excerpt":{"rendered":"<p>M18 SLED-0\/\u00c9CLAIRAGE<\/p>\n","protected":false},"featured_media":571904,"template":"","meta":{"_seopress_robots_primary_cat":"","_seopress_titles_title":"","_seopress_titles_desc":"","_seopress_robots_index":""},"product_brand":[3407],"product_cat":[5531,29,514],"product_tag":[3270],"class_list":{"0":"post-830924","1":"product","2":"type-product","3":"status-publish","4":"has-post-thumbnail","6":"product_brand-milwaukee","7":"product_cat-vari-macchinari-milwaukee","8":"product_cat-macchinari","9":"product_cat-altri-dispositivi","10":"product_tag-import-milwau","11":"sws-conto-ricavi-merci-rivendita-macchinari-fr","12":"sws-gruppo-iva-iva81-fr","14":"first","15":"onbackorder","16":"sale","17":"shipping-taxable","18":"purchasable","19":"product-type-simple"},"_links":{"self":[{"href":"https:\/\/lucacastelli.com\/fr\/wp-json\/wp\/v2\/product\/830924","targetHints":{"allow":["GET"]}}],"collection":[{"href":"https:\/\/lucacastelli.com\/fr\/wp-json\/wp\/v2\/product"}],"about":[{"href":"https:\/\/lucacastelli.com\/fr\/wp-json\/wp\/v2\/types\/product"}],"wp:featuredmedia":[{"embeddable":true,"href":"https:\/\/lucacastelli.com\/fr\/wp-json\/wp\/v2\/media\/571904"}],"wp:attachment":[{"href":"https:\/\/lucacastelli.com\/fr\/wp-json\/wp\/v2\/media?parent=830924"}],"wp:term":[{"taxonomy":"product_brand","embeddable":true,"href":"https:\/\/lucacastelli.com\/fr\/wp-json\/wp\/v2\/product_brand?post=830924"},{"taxonomy":"product_cat","embeddable":true,"href":"https:\/\/lucacastelli.com\/fr\/wp-json\/wp\/v2\/product_cat?post=830924"},{"taxonomy":"product_tag","embeddable":true,"href":"https:\/\/lucacastelli.com\/fr\/wp-json\/wp\/v2\/product_tag?post=830924"}],"curies":[{"name":"wp","href":"https:\/\/api.w.org\/{rel}","templated":true}]}}