{"id":830922,"date":"2025-08-08T17:36:49","date_gmt":"2025-08-08T15:36:49","guid":{"rendered":"https:\/\/lucacastelli.com\/prodotto\/milwaukee-tour-declairage-compacte-mx-fuel-packout-batterie-secteur\/"},"modified":"2025-08-08T17:36:49","modified_gmt":"2025-08-08T15:36:49","slug":"milwaukee-tour-declairage-compacte-mx-fuel-packout-batterie-secteur","status":"publish","type":"product","link":"https:\/\/lucacastelli.com\/fr\/produit\/milwaukee-tour-declairage-compacte-mx-fuel-packout-batterie-secteur\/","title":{"rendered":"MILWAUKEE Tour d\u2019\u00e9clairage compacte MX FUEL\u2122 PACKOUT\u2122 Batterie\/Secteur"},"content":{"rendered":"<p>MXF TLIC-0\/TOUR D\u2019\u00c9CLAIRAGE COMPACTE PACKOUT<br \/>\n\u00c9clairage TRUEVIEW\u2122 fournissant jusqu\u2019\u00e0 15 000 lumens sur batterie ou secteur ; La t\u00eate d\u2019\u00e9clairage est orientable dans plusieurs directions ; Poids de seulement 17 kg (sans batterie), facilement transportable sur terrains irr\u00e9guliers gr\u00e2ce aux deux grandes roues ; Compatibilit\u00e9 PACKOUT\u2122 : peut \u00eatre empil\u00e9e sur un trolley ou un coffret PACKOUT\u2122 pour un transport facile ; Temps de configuration d\u2019environ 7 secondes, gr\u00e2ce au m\u00e2t extensible manuellement jusqu\u2019\u00e0 2,4 m\u00e8tres de hauteur ; Les deux stabilisateurs assurent la stabilit\u00e9 pendant l\u2019utilisation du projecteur ; Le syst\u00e8me ONE-KEY\u2122 Tracking &amp; Security offre gratuitement un service de suivi et de gestion d\u2019inventaire bas\u00e9 sur le cloud, avec des fonctionnalit\u00e9s de verrouillage \u00e0 distance et de personnalisation des performances de l\u2019outil ; Indice de protection IP56 ; Utilisable \u00e9galement sur secteur ; Construite avec des lentilles en polycarbonate extr\u00eamement r\u00e9sistantes offrant une durabilit\u00e9 accrue<\/p>\n<p>4933498075<br \/>\n4058546512354<\/p>\n","protected":false},"excerpt":{"rendered":"<p>MXF TLIC-0\/TOUR D\u2019\u00c9CLAIRAGE COMPACTE PACKOUT<\/p>\n","protected":false},"featured_media":587019,"template":"","meta":{"_seopress_robots_primary_cat":"","_seopress_titles_title":"","_seopress_titles_desc":"","_seopress_robots_index":""},"product_brand":[3407],"product_cat":[5531,29,514],"product_tag":[3270],"class_list":{"0":"post-830922","1":"product","2":"type-product","3":"status-publish","4":"has-post-thumbnail","6":"product_brand-milwaukee","7":"product_cat-vari-macchinari-milwaukee","8":"product_cat-macchinari","9":"product_cat-altri-dispositivi","10":"product_tag-import-milwau","11":"sws-conto-ricavi-merci-rivendita-macchinari-fr","12":"sws-gruppo-iva-iva81-fr","14":"first","15":"onbackorder","16":"sale","17":"shipping-taxable","18":"purchasable","19":"product-type-simple"},"_links":{"self":[{"href":"https:\/\/lucacastelli.com\/fr\/wp-json\/wp\/v2\/product\/830922","targetHints":{"allow":["GET"]}}],"collection":[{"href":"https:\/\/lucacastelli.com\/fr\/wp-json\/wp\/v2\/product"}],"about":[{"href":"https:\/\/lucacastelli.com\/fr\/wp-json\/wp\/v2\/types\/product"}],"wp:featuredmedia":[{"embeddable":true,"href":"https:\/\/lucacastelli.com\/fr\/wp-json\/wp\/v2\/media\/587019"}],"wp:attachment":[{"href":"https:\/\/lucacastelli.com\/fr\/wp-json\/wp\/v2\/media?parent=830922"}],"wp:term":[{"taxonomy":"product_brand","embeddable":true,"href":"https:\/\/lucacastelli.com\/fr\/wp-json\/wp\/v2\/product_brand?post=830922"},{"taxonomy":"product_cat","embeddable":true,"href":"https:\/\/lucacastelli.com\/fr\/wp-json\/wp\/v2\/product_cat?post=830922"},{"taxonomy":"product_tag","embeddable":true,"href":"https:\/\/lucacastelli.com\/fr\/wp-json\/wp\/v2\/product_tag?post=830922"}],"curies":[{"name":"wp","href":"https:\/\/api.w.org\/{rel}","templated":true}]}}