{"id":830919,"date":"2025-08-08T13:48:55","date_gmt":"2025-08-08T11:48:55","guid":{"rendered":"https:\/\/lucacastelli.com\/prodotto\/milwaukee-perforateur-pour-percage-au-plafond-avec-aspiration-integree-16-mm-m18-fuel\/"},"modified":"2025-08-08T13:48:55","modified_gmt":"2025-08-08T11:48:55","slug":"milwaukee-perforateur-pour-percage-au-plafond-avec-aspiration-integree-16-mm-m18-fuel","status":"publish","type":"product","link":"https:\/\/lucacastelli.com\/fr\/produit\/milwaukee-perforateur-pour-percage-au-plafond-avec-aspiration-integree-16-mm-m18-fuel\/","title":{"rendered":"MILWAUKEE Perforateur pour per\u00e7age au plafond avec aspiration int\u00e9gr\u00e9e 16 mm M18 FUEL\u2122"},"content":{"rendered":"<p>M18FHAFOH16-0X\/SDS-PLUS<br \/>\nLe premier perforateur avec aspiration int\u00e9gr\u00e9e existant;Filtre HEPA avec efficacit\u00e9 de collecte des poussi\u00e8res de 99,97% (particules inf\u00e9rieures \u00e0 0,3 micron);Le syst\u00e8me AUTOSTOP\u2122 \u00e9teint automatiquement l&#8217;outil en cas de mouvements brusques, pour prot\u00e9ger l&#8217;utilisateur;Optimis\u00e9 pour le per\u00e7age au plafond;M\u00e9canisme de nettoyage automatique du filtre AUTOPULSE\u2122 int\u00e9gr\u00e9 directement dans l&#8217;outil, augmente la circulation de l&#8217;air et la dur\u00e9e de vie du filtre;Syst\u00e8me anti-vibrations (AVS) pour minimiser la fatigue de l&#8217;utilisateur et l&#8217;exposition aux vibrations. \u00c9quip\u00e9 \u00e9galement d&#8217;une poign\u00e9e lat\u00e9rale anti-vibrations;Le r\u00e9servoir \u00e0 poussi\u00e8re translucide permet \u00e0 l&#8217;utilisateur de voir le niveau actuel de poussi\u00e8re \u00e0 l&#8217;int\u00e9rieur et quand le r\u00e9servoir est plein;Le syst\u00e8me ONE-KEY\u2122 Tracking &amp; Security offre gratuitement un service de tra\u00e7age et de gestion d&#8217;inventaire bas\u00e9 sur le cloud, disposant \u00e9galement de fonctionnalit\u00e9s de verrouillage \u00e0 distance;La technologie FUEL\u2122 red\u00e9finit les outils \u00e9lectroportatifs sans fil. Le moteur brushless, l&#8217;\u00e9lectronique REDLINK PLUS\u2122 et le pack batterie REDLITHIUM\u2122 offrent des performances et une durabilit\u00e9 sup\u00e9rieures;Le pare-poussi\u00e8re flexible augmente le confort et l&#8217;efficacit\u00e9 de l&#8217;utilisateur, surtout lors du per\u00e7age en hauteur entre les tuyaux et dans les espaces restreints;Fonctionne avec toutes les batteries M18\u2122 MILWAUKEE\u00ae  <\/p>\n<p>4933493532<br \/>\n4058546484033<\/p>\n","protected":false},"excerpt":{"rendered":"<p>M18FHAFOH16-0X\/SDS-PLUS<\/p>\n","protected":false},"featured_media":586056,"template":"","meta":{"_seopress_robots_primary_cat":"","_seopress_titles_title":"","_seopress_titles_desc":"","_seopress_robots_index":""},"product_brand":[3407],"product_cat":[29,514,549],"product_tag":[3270],"class_list":{"0":"post-830919","1":"product","2":"type-product","3":"status-publish","4":"has-post-thumbnail","6":"product_brand-milwaukee","7":"product_cat-macchinari","8":"product_cat-altri-dispositivi","9":"product_cat-trapani-e-avvitatori","10":"product_tag-import-milwau","11":"sws-conto-ricavi-merci-rivendita-macchinari-fr","12":"sws-gruppo-iva-iva81-fr","14":"first","15":"onbackorder","16":"sale","17":"shipping-taxable","18":"purchasable","19":"product-type-simple"},"_links":{"self":[{"href":"https:\/\/lucacastelli.com\/fr\/wp-json\/wp\/v2\/product\/830919","targetHints":{"allow":["GET"]}}],"collection":[{"href":"https:\/\/lucacastelli.com\/fr\/wp-json\/wp\/v2\/product"}],"about":[{"href":"https:\/\/lucacastelli.com\/fr\/wp-json\/wp\/v2\/types\/product"}],"wp:featuredmedia":[{"embeddable":true,"href":"https:\/\/lucacastelli.com\/fr\/wp-json\/wp\/v2\/media\/586056"}],"wp:attachment":[{"href":"https:\/\/lucacastelli.com\/fr\/wp-json\/wp\/v2\/media?parent=830919"}],"wp:term":[{"taxonomy":"product_brand","embeddable":true,"href":"https:\/\/lucacastelli.com\/fr\/wp-json\/wp\/v2\/product_brand?post=830919"},{"taxonomy":"product_cat","embeddable":true,"href":"https:\/\/lucacastelli.com\/fr\/wp-json\/wp\/v2\/product_cat?post=830919"},{"taxonomy":"product_tag","embeddable":true,"href":"https:\/\/lucacastelli.com\/fr\/wp-json\/wp\/v2\/product_tag?post=830919"}],"curies":[{"name":"wp","href":"https:\/\/api.w.org\/{rel}","templated":true}]}}