{"id":830894,"date":"2025-08-08T17:37:47","date_gmt":"2025-08-08T15:37:47","guid":{"rendered":"https:\/\/lucacastelli.com\/prodotto\/milwaukee-tuyau-de-guidage-switch-pack\/"},"modified":"2025-08-08T17:37:47","modified_gmt":"2025-08-08T15:37:47","slug":"milwaukee-tuyau-de-guidage-switch-pack","status":"publish","type":"product","link":"https:\/\/lucacastelli.com\/fr\/produit\/milwaukee-tuyau-de-guidage-switch-pack\/","title":{"rendered":"MILWAUKEE Tuyau de guidage SWITCH PACK\u2122"},"content":{"rendered":"<p>TUYAU DE GUIDAGE pour M18FFSDC<br \/>\nTuyau de guidage 65 cm pour M18 FFSDC avec syst\u00e8me d\u2019alimentation automatique ; permet \u00e0 l\u2019utilisateur de retirer compl\u00e8tement la spirale, en alimentant le c\u00e2ble dans le drain pour une protection maximale et un meilleur confinement de la salet\u00e9<\/p>\n<p>4932471994<br \/>\n4058546298937<\/p>\n","protected":false},"excerpt":{"rendered":"<p>TUYAU DE GUIDAGE pour M18FFSDC<\/p>\n","protected":false},"featured_media":538763,"template":"","meta":{"_seopress_robots_primary_cat":"","_seopress_titles_title":"","_seopress_titles_desc":"","_seopress_robots_index":""},"product_brand":[3407],"product_cat":[5531,29,514],"product_tag":[3270],"class_list":{"0":"post-830894","1":"product","2":"type-product","3":"status-publish","4":"has-post-thumbnail","6":"product_brand-milwaukee","7":"product_cat-vari-macchinari-milwaukee","8":"product_cat-macchinari","9":"product_cat-altri-dispositivi","10":"product_tag-import-milwau","11":"sws-conto-ricavi-merci-rivendita-macchinari-fr","12":"sws-gruppo-iva-iva81-fr","14":"first","15":"onbackorder","16":"sale","17":"shipping-taxable","18":"purchasable","19":"product-type-simple"},"_links":{"self":[{"href":"https:\/\/lucacastelli.com\/fr\/wp-json\/wp\/v2\/product\/830894","targetHints":{"allow":["GET"]}}],"collection":[{"href":"https:\/\/lucacastelli.com\/fr\/wp-json\/wp\/v2\/product"}],"about":[{"href":"https:\/\/lucacastelli.com\/fr\/wp-json\/wp\/v2\/types\/product"}],"wp:featuredmedia":[{"embeddable":true,"href":"https:\/\/lucacastelli.com\/fr\/wp-json\/wp\/v2\/media\/538763"}],"wp:attachment":[{"href":"https:\/\/lucacastelli.com\/fr\/wp-json\/wp\/v2\/media?parent=830894"}],"wp:term":[{"taxonomy":"product_brand","embeddable":true,"href":"https:\/\/lucacastelli.com\/fr\/wp-json\/wp\/v2\/product_brand?post=830894"},{"taxonomy":"product_cat","embeddable":true,"href":"https:\/\/lucacastelli.com\/fr\/wp-json\/wp\/v2\/product_cat?post=830894"},{"taxonomy":"product_tag","embeddable":true,"href":"https:\/\/lucacastelli.com\/fr\/wp-json\/wp\/v2\/product_tag?post=830894"}],"curies":[{"name":"wp","href":"https:\/\/api.w.org\/{rel}","templated":true}]}}