{"id":830890,"date":"2025-08-08T17:37:54","date_gmt":"2025-08-08T15:37:54","guid":{"rendered":"https:\/\/lucacastelli.com\/prodotto\/milwaukee-outil-rotatif-brushless-m12\/"},"modified":"2025-08-08T17:37:54","modified_gmt":"2025-08-08T15:37:54","slug":"milwaukee-outil-rotatif-brushless-m12","status":"publish","type":"product","link":"https:\/\/lucacastelli.com\/fr\/produit\/milwaukee-outil-rotatif-brushless-m12\/","title":{"rendered":"MILWAUKEE Outil rotatif Brushless M12\u2122"},"content":{"rendered":"<p>M12 BLROT-0 \/OUTIL ROTATIF<br \/>\nL&#8217;outil est compact et bien \u00e9quilibr\u00e9, permettant de travailler tr\u00e8s pr\u00e8s du support ; La vitesse variable de 5 000 \u00e0 27 500 tr\/min, avec 12 r\u00e9glages, permet \u00e0 l&#8217;utilisateur de s\u00e9lectionner celle pr\u00e9f\u00e9r\u00e9e pour chaque application ; La pince de 3,2 mm, incluse, est compatible avec la plupart des accessoires du march\u00e9 ; L&#8217;outil g\u00e9n\u00e8re de faibles vibrations qui facilitent l&#8217;utilisation m\u00eame pendant de longues p\u00e9riodes ; Lumi\u00e8res LED pour \u00e9clairer la surface de travail ; P\u00e8se seulement 360 grammes ; Blocage de l&#8217;arbre pour changer les accessoires rapidement<\/p>\n<p>4933493591<br \/>\n4058546484620<\/p>\n","protected":false},"excerpt":{"rendered":"<p>M12 BLROT-0 \/OUTIL ROTATIF<\/p>\n","protected":false},"featured_media":586338,"template":"","meta":{"_seopress_robots_primary_cat":"","_seopress_titles_title":"","_seopress_titles_desc":"","_seopress_robots_index":""},"product_brand":[3407],"product_cat":[5531,29,514],"product_tag":[3270],"class_list":{"0":"post-830890","1":"product","2":"type-product","3":"status-publish","4":"has-post-thumbnail","6":"product_brand-milwaukee","7":"product_cat-vari-macchinari-milwaukee","8":"product_cat-macchinari","9":"product_cat-altri-dispositivi","10":"product_tag-import-milwau","11":"sws-conto-ricavi-merci-rivendita-macchinari-fr","12":"sws-gruppo-iva-iva81-fr","14":"first","15":"onbackorder","16":"sale","17":"shipping-taxable","18":"purchasable","19":"product-type-simple"},"_links":{"self":[{"href":"https:\/\/lucacastelli.com\/fr\/wp-json\/wp\/v2\/product\/830890","targetHints":{"allow":["GET"]}}],"collection":[{"href":"https:\/\/lucacastelli.com\/fr\/wp-json\/wp\/v2\/product"}],"about":[{"href":"https:\/\/lucacastelli.com\/fr\/wp-json\/wp\/v2\/types\/product"}],"wp:featuredmedia":[{"embeddable":true,"href":"https:\/\/lucacastelli.com\/fr\/wp-json\/wp\/v2\/media\/586338"}],"wp:attachment":[{"href":"https:\/\/lucacastelli.com\/fr\/wp-json\/wp\/v2\/media?parent=830890"}],"wp:term":[{"taxonomy":"product_brand","embeddable":true,"href":"https:\/\/lucacastelli.com\/fr\/wp-json\/wp\/v2\/product_brand?post=830890"},{"taxonomy":"product_cat","embeddable":true,"href":"https:\/\/lucacastelli.com\/fr\/wp-json\/wp\/v2\/product_cat?post=830890"},{"taxonomy":"product_tag","embeddable":true,"href":"https:\/\/lucacastelli.com\/fr\/wp-json\/wp\/v2\/product_tag?post=830890"}],"curies":[{"name":"wp","href":"https:\/\/api.w.org\/{rel}","templated":true}]}}