{"id":830886,"date":"2025-08-08T17:37:56","date_gmt":"2025-08-08T15:37:56","guid":{"rendered":"https:\/\/lucacastelli.com\/prodotto\/ventilateur-milwaukee\/"},"modified":"2025-08-08T17:37:56","modified_gmt":"2025-08-08T15:37:56","slug":"ventilateur-milwaukee","status":"publish","type":"product","link":"https:\/\/lucacastelli.com\/fr\/produit\/ventilateur-milwaukee\/","title":{"rendered":"Ventilateur MILWAUKEE"},"content":{"rendered":"<p>M18 AFG2-0 \/ VENTILATEURS<br \/>\nDiam\u00e8tre de t\u00eate 180 mm, vitesse variable et d\u00e9bit d&#8217;air jusqu&#8217;\u00e0 1444 m\u00b3\/h ; T\u00eate r\u00e9glable \u00e0 300 degr\u00e9s pour utiliser le ventilateur \u00e0 diff\u00e9rentes hauteurs et positions ; Design compact avec poign\u00e9e int\u00e9gr\u00e9e, pour une portabilit\u00e9 maximale ; Base compatible avec le syst\u00e8me PACKOUT\u2122 ; Les trous au fond offrent \u00e0 l&#8217;utilisateur la possibilit\u00e9 de monter le ventilateur au mur, si n\u00e9cessaire, tandis que les trous traversants sur les c\u00f4t\u00e9s permettent de suspendre le ventilateur ; 13,5 heures d&#8217;autonomie \u00e0 puissance moyenne, 3 heures \u00e0 puissance maximale avec batterie M18 B5 (5,0 Ah) ; Fonctionne avec toutes les batteries M18\u2122 MILWAUKEE\u00ae ; Alimentation hybride sur batterie ou sur secteur ; Fourni avec c\u00e2ble pour utilisation sur secteur<\/p>\n<p>4933493443<br \/>\n4058546483142<\/p>\n","protected":false},"excerpt":{"rendered":"<p>M18 AFG2-0 \/ VENTILATEURS<\/p>\n","protected":false},"featured_media":589967,"template":"","meta":{"_seopress_robots_primary_cat":"","_seopress_titles_title":"","_seopress_titles_desc":"","_seopress_robots_index":""},"product_brand":[3407],"product_cat":[5531,29,514],"product_tag":[3270],"class_list":{"0":"post-830886","1":"product","2":"type-product","3":"status-publish","4":"has-post-thumbnail","6":"product_brand-milwaukee","7":"product_cat-vari-macchinari-milwaukee","8":"product_cat-macchinari","9":"product_cat-altri-dispositivi","10":"product_tag-import-milwau","11":"sws-conto-ricavi-merci-rivendita-macchinari-fr","12":"sws-gruppo-iva-iva81-fr","14":"first","15":"onbackorder","16":"sale","17":"shipping-taxable","18":"purchasable","19":"product-type-simple"},"_links":{"self":[{"href":"https:\/\/lucacastelli.com\/fr\/wp-json\/wp\/v2\/product\/830886","targetHints":{"allow":["GET"]}}],"collection":[{"href":"https:\/\/lucacastelli.com\/fr\/wp-json\/wp\/v2\/product"}],"about":[{"href":"https:\/\/lucacastelli.com\/fr\/wp-json\/wp\/v2\/types\/product"}],"wp:featuredmedia":[{"embeddable":true,"href":"https:\/\/lucacastelli.com\/fr\/wp-json\/wp\/v2\/media\/589967"}],"wp:attachment":[{"href":"https:\/\/lucacastelli.com\/fr\/wp-json\/wp\/v2\/media?parent=830886"}],"wp:term":[{"taxonomy":"product_brand","embeddable":true,"href":"https:\/\/lucacastelli.com\/fr\/wp-json\/wp\/v2\/product_brand?post=830886"},{"taxonomy":"product_cat","embeddable":true,"href":"https:\/\/lucacastelli.com\/fr\/wp-json\/wp\/v2\/product_cat?post=830886"},{"taxonomy":"product_tag","embeddable":true,"href":"https:\/\/lucacastelli.com\/fr\/wp-json\/wp\/v2\/product_tag?post=830886"}],"curies":[{"name":"wp","href":"https:\/\/api.w.org\/{rel}","templated":true}]}}