{"id":830885,"date":"2025-08-08T17:37:59","date_gmt":"2025-08-08T15:37:59","guid":{"rendered":"https:\/\/lucacastelli.com\/prodotto\/milwaukee-vibreur-a-beton-haute-frequence-mx-fuel\/"},"modified":"2025-08-08T17:37:59","modified_gmt":"2025-08-08T15:37:59","slug":"milwaukee-vibreur-a-beton-haute-frequence-mx-fuel","status":"publish","type":"product","link":"https:\/\/lucacastelli.com\/fr\/produit\/milwaukee-vibreur-a-beton-haute-frequence-mx-fuel\/","title":{"rendered":"MILWAUKEE Vibreur \u00e0 b\u00e9ton haute fr\u00e9quence MX FUEL\u2122"},"content":{"rendered":"<p>MXFCVHF-802 CONCRETE VIBRATOR<br \/>\nLe vibreur \u00e0 b\u00e9ton haute fr\u00e9quence MX FUEL\u2122 est la solution id\u00e9ale pour les travaux sur de grandes surfaces, offrant des performances comparables \u00e0 celles des vibreurs filaires, sans les contraintes de pose de c\u00e2bles ou de prise de courant sur le chantier ; Capable de consolider jusqu&#8217;\u00e0 55 m\u00b3 de b\u00e9ton avec 1 batterie MXF FORGE\u2122 de 8 Ah (MXF XC608) ; D\u00e9marrage instantan\u00e9 gr\u00e2ce \u00e0 un seul bouton, \u00e9liminant les mouvements r\u00e9p\u00e9titifs du d\u00e9marrage \u00e0 lanceur et r\u00e9duisant les temps d&#8217;arr\u00eat, permettant de r\u00e9aliser les travaux plus rapidement sans sacrifier la puissance et l&#8217;autonomie attendues ; La conception modulaire permet un retrait facile du sac \u00e0 dos lors du travail avec des murs et des colonnes ; Conception modulaire &#8211; passe de sac \u00e0 dos \u00e0 mallette en un clic ; Aiguilles vibrantes disponibles en longueurs de 1,5 m \u00e0 10 m ; La t\u00e9l\u00e9commande sans fil permet d&#8217;allumer la machine jusqu&#8217;\u00e0 9 m\u00e8tres de distance, pour une plus grande libert\u00e9 lors de l&#8217;utilisation de longues aiguilles ; Accessoires syst\u00e8me et aiguilles vibrantes disponibles s\u00e9par\u00e9ment ; Le syst\u00e8me MX FUEL\u2122 permet d&#8217;atteindre de nouveaux horizons sans fil : performances des solutions \u00e0 essence, filaires ou pneumatiques, \u00e9liminant les dangers associ\u00e9s aux \u00e9missions, au bruit, aux vibrations, aux risques de tr\u00e9buchement ainsi qu&#8217;\u00e0 la maintenance complexe ; Le syst\u00e8me ONE-KEY\u2122 Tracking &amp; Security offre gratuitement un service de suivi et de gestion d&#8217;inventaire bas\u00e9 sur le cloud, disposant \u00e9galement de fonctionnalit\u00e9s de verrouillage \u00e0 distance<\/p>\n<p>4933498133<br \/>\n4058546512934<\/p>\n","protected":false},"excerpt":{"rendered":"<p>MXFCVHF-802 CONCRETE VIBRATOR<\/p>\n","protected":false},"featured_media":587117,"template":"","meta":{"_seopress_robots_primary_cat":"","_seopress_titles_title":"","_seopress_titles_desc":"","_seopress_robots_index":""},"product_brand":[3407],"product_cat":[5531,29,514],"product_tag":[3270],"class_list":{"0":"post-830885","1":"product","2":"type-product","3":"status-publish","4":"has-post-thumbnail","6":"product_brand-milwaukee","7":"product_cat-vari-macchinari-milwaukee","8":"product_cat-macchinari","9":"product_cat-altri-dispositivi","10":"product_tag-import-milwau","11":"sws-conto-ricavi-merci-rivendita-macchinari-fr","12":"sws-gruppo-iva-iva81-fr","14":"first","15":"onbackorder","16":"sale","17":"shipping-taxable","18":"purchasable","19":"product-type-simple"},"_links":{"self":[{"href":"https:\/\/lucacastelli.com\/fr\/wp-json\/wp\/v2\/product\/830885","targetHints":{"allow":["GET"]}}],"collection":[{"href":"https:\/\/lucacastelli.com\/fr\/wp-json\/wp\/v2\/product"}],"about":[{"href":"https:\/\/lucacastelli.com\/fr\/wp-json\/wp\/v2\/types\/product"}],"wp:featuredmedia":[{"embeddable":true,"href":"https:\/\/lucacastelli.com\/fr\/wp-json\/wp\/v2\/media\/587117"}],"wp:attachment":[{"href":"https:\/\/lucacastelli.com\/fr\/wp-json\/wp\/v2\/media?parent=830885"}],"wp:term":[{"taxonomy":"product_brand","embeddable":true,"href":"https:\/\/lucacastelli.com\/fr\/wp-json\/wp\/v2\/product_brand?post=830885"},{"taxonomy":"product_cat","embeddable":true,"href":"https:\/\/lucacastelli.com\/fr\/wp-json\/wp\/v2\/product_cat?post=830885"},{"taxonomy":"product_tag","embeddable":true,"href":"https:\/\/lucacastelli.com\/fr\/wp-json\/wp\/v2\/product_tag?post=830885"}],"curies":[{"name":"wp","href":"https:\/\/api.w.org\/{rel}","templated":true}]}}