{"id":830880,"date":"2025-08-08T17:37:57","date_gmt":"2025-08-08T15:37:57","guid":{"rendered":"https:\/\/lucacastelli.com\/prodotto\/milwaukee-ventilateur-haute-performance-m18-batterie-secteur\/"},"modified":"2025-08-08T17:37:57","modified_gmt":"2025-08-08T15:37:57","slug":"milwaukee-ventilateur-haute-performance-m18-batterie-secteur","status":"publish","type":"product","link":"https:\/\/lucacastelli.com\/fr\/produit\/milwaukee-ventilateur-haute-performance-m18-batterie-secteur\/","title":{"rendered":"MILWAUKEE Ventilateur haute performance M18\u2122 batterie\/secteur"},"content":{"rendered":"<p>M18ARFHP-0 PI\u00c8CES POWERPACK<br \/>\nPossibilit\u00e9 de r\u00e9gler la vitesse sur 3 niveaux diff\u00e9rents, jusqu\u2019\u00e0 6 m\/s ; La t\u00eate r\u00e9glable permet \u00e0 l\u2019utilisateur d\u2019utiliser le ventilateur \u00e0 diff\u00e9rentes hauteurs et positions sur une plage de 360 degr\u00e9s ; Circulation d\u2019air efficace jusqu\u2019\u00e0 5 775 m\u00b3\/h ; Design compact avec poign\u00e9e de transport int\u00e9gr\u00e9e, pour maximiser la portabilit\u00e9 ; Pieds caoutchout\u00e9s garantissant une plus grande stabilit\u00e9 ; Jusqu\u2019\u00e0 9 heures d\u2019autonomie \u00e0 la vitesse 1 avec une batterie M18 B5 (5 Ah) ; Polyvalent : utilisation sur batterie ou sur secteur ; Fonctionne avec toutes les batteries M18\u2122 MILWAUKEE\u00ae<\/p>\n<p>4933492110<br \/>\n4058546414771<\/p>\n","protected":false},"excerpt":{"rendered":"<p>M18ARFHP-0 PI\u00c8CES POWERPACK<\/p>\n","protected":false},"featured_media":583464,"template":"","meta":{"_seopress_robots_primary_cat":"","_seopress_titles_title":"","_seopress_titles_desc":"","_seopress_robots_index":""},"product_brand":[3407],"product_cat":[5531,29,514],"product_tag":[3270],"class_list":{"0":"post-830880","1":"product","2":"type-product","3":"status-publish","4":"has-post-thumbnail","6":"product_brand-milwaukee","7":"product_cat-vari-macchinari-milwaukee","8":"product_cat-macchinari","9":"product_cat-altri-dispositivi","10":"product_tag-import-milwau","11":"sws-conto-ricavi-merci-rivendita-macchinari-fr","12":"sws-gruppo-iva-iva81-fr","14":"first","15":"onbackorder","16":"sale","17":"shipping-taxable","18":"purchasable","19":"product-type-simple"},"_links":{"self":[{"href":"https:\/\/lucacastelli.com\/fr\/wp-json\/wp\/v2\/product\/830880","targetHints":{"allow":["GET"]}}],"collection":[{"href":"https:\/\/lucacastelli.com\/fr\/wp-json\/wp\/v2\/product"}],"about":[{"href":"https:\/\/lucacastelli.com\/fr\/wp-json\/wp\/v2\/types\/product"}],"wp:featuredmedia":[{"embeddable":true,"href":"https:\/\/lucacastelli.com\/fr\/wp-json\/wp\/v2\/media\/583464"}],"wp:attachment":[{"href":"https:\/\/lucacastelli.com\/fr\/wp-json\/wp\/v2\/media?parent=830880"}],"wp:term":[{"taxonomy":"product_brand","embeddable":true,"href":"https:\/\/lucacastelli.com\/fr\/wp-json\/wp\/v2\/product_brand?post=830880"},{"taxonomy":"product_cat","embeddable":true,"href":"https:\/\/lucacastelli.com\/fr\/wp-json\/wp\/v2\/product_cat?post=830880"},{"taxonomy":"product_tag","embeddable":true,"href":"https:\/\/lucacastelli.com\/fr\/wp-json\/wp\/v2\/product_tag?post=830880"}],"curies":[{"name":"wp","href":"https:\/\/api.w.org\/{rel}","templated":true}]}}