{"id":830879,"date":"2025-08-08T17:38:00","date_gmt":"2025-08-08T15:38:00","guid":{"rendered":"https:\/\/lucacastelli.com\/prodotto\/milwaukee-vibreur-a-beton-a-haute-frequence-mx-fuel\/"},"modified":"2025-08-08T17:38:00","modified_gmt":"2025-08-08T15:38:00","slug":"milwaukee-vibreur-a-beton-a-haute-frequence-mx-fuel","status":"publish","type":"product","link":"https:\/\/lucacastelli.com\/fr\/produit\/milwaukee-vibreur-a-beton-a-haute-frequence-mx-fuel\/","title":{"rendered":"MILWAUKEE Vibreur \u00e0 b\u00e9ton \u00e0 haute fr\u00e9quence MX FUEL\u2122"},"content":{"rendered":"<p>MXFCVHF-0 VIBREUR \u00c0 B\u00c9TON<br \/>\nLe vibreur \u00e0 b\u00e9ton \u00e0 haute fr\u00e9quence MX FUEL\u2122 est la solution id\u00e9ale pour les grandes surfaces, offrant des performances comparables aux mod\u00e8les filaires, sans l\u2019encombrement des c\u00e2bles ni besoin de prise de courant sur le chantier ; Capable de consolider jusqu\u2019\u00e0 55 m\u00b3 de b\u00e9ton avec 1 batterie MXF FORGE\u2122 de 8 Ah (MXF XC608) ; D\u00e9marrage instantan\u00e9 par simple bouton, \u00e9liminant les mouvements r\u00e9p\u00e9titivi du lanceur et r\u00e9duisant les temps d\u2019arr\u00eat, pour un travail plus rapide sans sacrifier la puissance ni l\u2019autonomie attendues ; La conception modulaire permet de retirer facilement le harnais lors de travaux sur murs et colonnes ; Design modulaire &#8211; passe du harnais \u00e0 la mallette en un clic ; Aiguilles vibrantes disponibles de 1,5 m \u00e0 10 m ; La t\u00e9l\u00e9commande sans fil permet d\u2019allumer la machine jusqu\u2019\u00e0 9 m\u00e8tres de distance, pour une plus grande libert\u00e9 avec des aiguilles longues ; Accessoires syst\u00e8me et aiguilles vibrantes disponibles s\u00e9par\u00e9ment ; Le syst\u00e8me MX FUEL\u2122 repousse les limites du sans-fil : performances des solutions thermiques, filaires ou pneumatiques, sans les risques li\u00e9s aux \u00e9missions, au bruit, aux vibrations, aux tr\u00e9buchements ou \u00e0 l\u2019entretien complexe ; Le syst\u00e8me de suivi et de s\u00e9curit\u00e9 ONE-KEY\u2122 offre un service gratuit de gestion d\u2019inventaire sur le cloud, avec fonctionnalit\u00e9 de verrouillage \u00e0 distance<\/p>\n<p>4933498132<br \/>\n4058546512927<\/p>\n","protected":false},"excerpt":{"rendered":"<p>MXFCVHF-0 VIBREUR \u00c0 B\u00c9TON<\/p>\n","protected":false},"featured_media":587072,"template":"","meta":{"_seopress_robots_primary_cat":"","_seopress_titles_title":"","_seopress_titles_desc":"","_seopress_robots_index":""},"product_brand":[3407],"product_cat":[5531,29,514],"product_tag":[3270],"class_list":{"0":"post-830879","1":"product","2":"type-product","3":"status-publish","4":"has-post-thumbnail","6":"product_brand-milwaukee","7":"product_cat-vari-macchinari-milwaukee","8":"product_cat-macchinari","9":"product_cat-altri-dispositivi","10":"product_tag-import-milwau","11":"sws-conto-ricavi-merci-rivendita-macchinari-fr","12":"sws-gruppo-iva-iva81-fr","14":"first","15":"onbackorder","16":"sale","17":"shipping-taxable","18":"purchasable","19":"product-type-simple"},"_links":{"self":[{"href":"https:\/\/lucacastelli.com\/fr\/wp-json\/wp\/v2\/product\/830879","targetHints":{"allow":["GET"]}}],"collection":[{"href":"https:\/\/lucacastelli.com\/fr\/wp-json\/wp\/v2\/product"}],"about":[{"href":"https:\/\/lucacastelli.com\/fr\/wp-json\/wp\/v2\/types\/product"}],"wp:featuredmedia":[{"embeddable":true,"href":"https:\/\/lucacastelli.com\/fr\/wp-json\/wp\/v2\/media\/587072"}],"wp:attachment":[{"href":"https:\/\/lucacastelli.com\/fr\/wp-json\/wp\/v2\/media?parent=830879"}],"wp:term":[{"taxonomy":"product_brand","embeddable":true,"href":"https:\/\/lucacastelli.com\/fr\/wp-json\/wp\/v2\/product_brand?post=830879"},{"taxonomy":"product_cat","embeddable":true,"href":"https:\/\/lucacastelli.com\/fr\/wp-json\/wp\/v2\/product_cat?post=830879"},{"taxonomy":"product_tag","embeddable":true,"href":"https:\/\/lucacastelli.com\/fr\/wp-json\/wp\/v2\/product_tag?post=830879"}],"curies":[{"name":"wp","href":"https:\/\/api.w.org\/{rel}","templated":true}]}}