{"id":830850,"date":"2025-08-08T18:07:48","date_gmt":"2025-08-08T16:07:48","guid":{"rendered":"https:\/\/lucacastelli.com\/prodotto\/milwaukee-burins-auto-affutants-sds-plus-sledge-2\/"},"modified":"2025-08-08T18:07:48","modified_gmt":"2025-08-08T16:07:48","slug":"milwaukee-burins-auto-affutants-sds-plus-sledge-2","status":"publish","type":"product","link":"https:\/\/lucacastelli.com\/fr\/produit\/milwaukee-burins-auto-affutants-sds-plus-sledge-2\/","title":{"rendered":"MILWAUKEE Burins auto-aff\u00fbtants SDS-Plus SLEDGE\u2122"},"content":{"rendered":"<p>BURIN POINTU AUTO-AFF. SDS-Plus 250 mm<br \/>\nJusqu\u2019\u00e0 2 fois plus durables que les burins standards. ; Auto-aff\u00fbtant, performance maximale plus longtemps. ; Surface de travail maximale, productivit\u00e9 accrue, enl\u00e8vement de mati\u00e8re sup\u00e9rieur. ; Extr\u00e9mit\u00e9 rectifi\u00e9e. Plus tranchant, plus rapide et \u00e9vite les blocages. ; Fabriqu\u00e9 en Allemagne.<\/p>\n<p>4932493607<br \/>\n4058546484781<\/p>\n","protected":false},"excerpt":{"rendered":"<p>BURIN POINTU AUTO-AFF. SDS-Plus 250 mm<\/p>\n","protected":false},"featured_media":540546,"template":"","meta":{"_seopress_robots_primary_cat":"","_seopress_titles_title":"","_seopress_titles_desc":"","_seopress_robots_index":""},"product_brand":[3407],"product_cat":[29,514,549,550],"product_tag":[3270],"class_list":{"0":"post-830850","1":"product","2":"type-product","3":"status-publish","4":"has-post-thumbnail","6":"product_brand-milwaukee","7":"product_cat-macchinari","8":"product_cat-altri-dispositivi","9":"product_cat-trapani-e-avvitatori","10":"product_cat-accessori-per-trapani-ed-avvitatori","11":"product_tag-import-milwau","12":"sws-conto-ricavi-merci-rivendita-macchinari-fr","13":"sws-gruppo-iva-iva81-fr","15":"first","16":"onbackorder","17":"sale","18":"shipping-taxable","19":"purchasable","20":"product-type-simple"},"_links":{"self":[{"href":"https:\/\/lucacastelli.com\/fr\/wp-json\/wp\/v2\/product\/830850","targetHints":{"allow":["GET"]}}],"collection":[{"href":"https:\/\/lucacastelli.com\/fr\/wp-json\/wp\/v2\/product"}],"about":[{"href":"https:\/\/lucacastelli.com\/fr\/wp-json\/wp\/v2\/types\/product"}],"wp:featuredmedia":[{"embeddable":true,"href":"https:\/\/lucacastelli.com\/fr\/wp-json\/wp\/v2\/media\/540546"}],"wp:attachment":[{"href":"https:\/\/lucacastelli.com\/fr\/wp-json\/wp\/v2\/media?parent=830850"}],"wp:term":[{"taxonomy":"product_brand","embeddable":true,"href":"https:\/\/lucacastelli.com\/fr\/wp-json\/wp\/v2\/product_brand?post=830850"},{"taxonomy":"product_cat","embeddable":true,"href":"https:\/\/lucacastelli.com\/fr\/wp-json\/wp\/v2\/product_cat?post=830850"},{"taxonomy":"product_tag","embeddable":true,"href":"https:\/\/lucacastelli.com\/fr\/wp-json\/wp\/v2\/product_tag?post=830850"}],"curies":[{"name":"wp","href":"https:\/\/api.w.org\/{rel}","templated":true}]}}