{"id":830824,"date":"2025-08-08T17:38:01","date_gmt":"2025-08-08T15:38:01","guid":{"rendered":"https:\/\/lucacastelli.com\/prodotto\/milwaukee-pilonneuse-vibrante\/"},"modified":"2025-08-08T17:38:01","modified_gmt":"2025-08-08T15:38:01","slug":"milwaukee-pilonneuse-vibrante","status":"publish","type":"product","link":"https:\/\/lucacastelli.com\/fr\/produit\/milwaukee-pilonneuse-vibrante\/","title":{"rendered":"MILWAUKEE Pilonneuse vibrante"},"content":{"rendered":"<p>MXFRAM60-0 MX FUEL RAMMER<br \/>\nPilonneuse \u00e0 batterie : \u00e9vite les \u00e9missions et les fum\u00e9es toxiques en tranch\u00e9e ; Performances \u00e9quivalentes au thermique ; Performances \u00e9quivalentes au thermique pour une s\u00e9curit\u00e9 maximale de l\u2019utilisateur ; 2 vitesses pour un contr\u00f4le maximal et pour s\u00e9lectionner la vitesse la plus appropri\u00e9e, pour une efficacit\u00e9 accrue ; Boutons simples et intuitifs accessibles depuis la poign\u00e9e ; Indicateur d\u2019\u00e9tat de charge de la batterie ; Le syst\u00e8me MX FUEL\u2122 permet d\u2019atteindre de nouveaux horizons sur batterie : performances des solutions \u00e0 essence, filaires ou pneumatiques, en \u00e9liminating les dangers li\u00e9s aux \u00e9missions, au bruit, aux vibrations, aux tr\u00e9buchements ainsi qu\u2019\u00e0 la maintenance complexe ; Le syst\u00e8me de suivi et de s\u00e9curit\u00e9 ONE-KEY\u2122 offre gratuitement un service de suivi et de gestion d\u2019inventaire bas\u00e9 sur le cloud, avec \u00e9galement des fonctionnalit\u00e9s de verrouillage \u00e0 distance<\/p>\n<p>4933498158<br \/>\n4058546513184<\/p>\n","protected":false},"excerpt":{"rendered":"<p>MXFRAM60-0 MX FUEL RAMMER<\/p>\n","protected":false},"featured_media":589054,"template":"","meta":{"_seopress_robots_primary_cat":"","_seopress_titles_title":"","_seopress_titles_desc":"","_seopress_robots_index":""},"product_brand":[3407],"product_cat":[5531,29,514],"product_tag":[3270],"class_list":{"0":"post-830824","1":"product","2":"type-product","3":"status-publish","4":"has-post-thumbnail","6":"product_brand-milwaukee","7":"product_cat-vari-macchinari-milwaukee","8":"product_cat-macchinari","9":"product_cat-altri-dispositivi","10":"product_tag-import-milwau","11":"sws-conto-ricavi-merci-rivendita-macchinari-fr","12":"sws-gruppo-iva-iva81-fr","14":"first","15":"onbackorder","16":"sale","17":"shipping-taxable","18":"purchasable","19":"product-type-simple"},"_links":{"self":[{"href":"https:\/\/lucacastelli.com\/fr\/wp-json\/wp\/v2\/product\/830824","targetHints":{"allow":["GET"]}}],"collection":[{"href":"https:\/\/lucacastelli.com\/fr\/wp-json\/wp\/v2\/product"}],"about":[{"href":"https:\/\/lucacastelli.com\/fr\/wp-json\/wp\/v2\/types\/product"}],"wp:featuredmedia":[{"embeddable":true,"href":"https:\/\/lucacastelli.com\/fr\/wp-json\/wp\/v2\/media\/589054"}],"wp:attachment":[{"href":"https:\/\/lucacastelli.com\/fr\/wp-json\/wp\/v2\/media?parent=830824"}],"wp:term":[{"taxonomy":"product_brand","embeddable":true,"href":"https:\/\/lucacastelli.com\/fr\/wp-json\/wp\/v2\/product_brand?post=830824"},{"taxonomy":"product_cat","embeddable":true,"href":"https:\/\/lucacastelli.com\/fr\/wp-json\/wp\/v2\/product_cat?post=830824"},{"taxonomy":"product_tag","embeddable":true,"href":"https:\/\/lucacastelli.com\/fr\/wp-json\/wp\/v2\/product_tag?post=830824"}],"curies":[{"name":"wp","href":"https:\/\/api.w.org\/{rel}","templated":true}]}}