{"id":830817,"date":"2025-08-08T17:37:53","date_gmt":"2025-08-08T15:37:53","guid":{"rendered":"https:\/\/lucacastelli.com\/prodotto\/milwaukee-outil-multifonction-m12\/"},"modified":"2025-08-08T17:37:53","modified_gmt":"2025-08-08T15:37:53","slug":"milwaukee-outil-multifonction-m12","status":"publish","type":"product","link":"https:\/\/lucacastelli.com\/fr\/produit\/milwaukee-outil-multifonction-m12\/","title":{"rendered":"MILWAUKEE Outil multifonction M12\u2122"},"content":{"rendered":"<p>Outil multifonction M12\u2122<br \/>\nC12 MT-402B\/OUTILS MULTIFONCTIONS<br \/>\nPolyvalent : excellente solution pour les applications de coupe, d\u2019enl\u00e8vement et de pon\u00e7age ; L\u2019\u00e9lectronique REDLINK\u2122 prot\u00e8ge l\u2019outil et la batterie contre les surcharges ; Vitesse variable (5 000 &#8211; 20 000 osc\/min) et oscillation de 1,5\u00b0 droite\/gauche pour des performances optimales dans le m\u00e9tal, le bois et le plastique ; Compatible avec la plupart des accessoires du march\u00e9 ; Gestion individuelle des cellules pour optimiser l\u2019autonomie et la dur\u00e9e de vie de la batterie ; Indicateur de charge int\u00e9gr\u00e9 ; La batterie REDLITHIUM\u2122 offre une construction, une \u00e9lectronique et des performances sup\u00e9rieures pour plus d\u2019autonomie et de long\u00e9vit\u00e9 ; Plateforme 12 V : fonctionne avec toutes les batteries Milwaukee\u00ae M12\u2122<\/p>\n<p>4933441705<br \/>\n4002395001989<\/p>\n","protected":false},"excerpt":{"rendered":"<p>C12 MT-402B\/OUTILS MULTIFONCTIONS<\/p>\n","protected":false},"featured_media":569966,"template":"","meta":{"_seopress_robots_primary_cat":"","_seopress_titles_title":"","_seopress_titles_desc":"","_seopress_robots_index":""},"product_brand":[3407],"product_cat":[5531,29,514],"product_tag":[3270],"class_list":{"0":"post-830817","1":"product","2":"type-product","3":"status-publish","4":"has-post-thumbnail","6":"product_brand-milwaukee","7":"product_cat-vari-macchinari-milwaukee","8":"product_cat-macchinari","9":"product_cat-altri-dispositivi","10":"product_tag-import-milwau","11":"sws-conto-ricavi-merci-rivendita-macchinari-fr","12":"sws-gruppo-iva-iva81-fr","14":"first","15":"onbackorder","16":"sale","17":"shipping-taxable","18":"purchasable","19":"product-type-simple"},"_links":{"self":[{"href":"https:\/\/lucacastelli.com\/fr\/wp-json\/wp\/v2\/product\/830817","targetHints":{"allow":["GET"]}}],"collection":[{"href":"https:\/\/lucacastelli.com\/fr\/wp-json\/wp\/v2\/product"}],"about":[{"href":"https:\/\/lucacastelli.com\/fr\/wp-json\/wp\/v2\/types\/product"}],"wp:featuredmedia":[{"embeddable":true,"href":"https:\/\/lucacastelli.com\/fr\/wp-json\/wp\/v2\/media\/569966"}],"wp:attachment":[{"href":"https:\/\/lucacastelli.com\/fr\/wp-json\/wp\/v2\/media?parent=830817"}],"wp:term":[{"taxonomy":"product_brand","embeddable":true,"href":"https:\/\/lucacastelli.com\/fr\/wp-json\/wp\/v2\/product_brand?post=830817"},{"taxonomy":"product_cat","embeddable":true,"href":"https:\/\/lucacastelli.com\/fr\/wp-json\/wp\/v2\/product_cat?post=830817"},{"taxonomy":"product_tag","embeddable":true,"href":"https:\/\/lucacastelli.com\/fr\/wp-json\/wp\/v2\/product_tag?post=830817"}],"curies":[{"name":"wp","href":"https:\/\/api.w.org\/{rel}","templated":true}]}}