{"id":830798,"date":"2025-08-08T17:37:06","date_gmt":"2025-08-08T15:37:06","guid":{"rendered":"https:\/\/lucacastelli.com\/prodotto\/milwaukee-tetes-de-camera-5\/"},"modified":"2025-08-08T17:37:06","modified_gmt":"2025-08-08T15:37:06","slug":"milwaukee-tetes-de-camera-5","status":"publish","type":"product","link":"https:\/\/lucacastelli.com\/fr\/produit\/milwaukee-tetes-de-camera-5\/","title":{"rendered":"MILWAUKEE T\u00eates de cam\u00e9ra"},"content":{"rendered":"<p>C\u00e2ble de cam\u00e9ra d&#8217;inspection M12 3M avec t\u00eate de 10 mm<br \/>\nDiam\u00e8tre de la t\u00eate de cam\u00e9ra 10 mm<\/p>\n<p>4932498227<br \/>\n4058546520960<\/p>\n","protected":false},"excerpt":{"rendered":"<p>C\u00e2ble de cam\u00e9ra d&#8217;inspection M12 3M avec t\u00eate de 10 mm<\/p>\n","protected":false},"featured_media":589335,"template":"","meta":{"_seopress_robots_primary_cat":"","_seopress_titles_title":"","_seopress_titles_desc":"","_seopress_robots_index":""},"product_brand":[3658],"product_cat":[1453,5532,167],"product_tag":[3273],"class_list":{"0":"post-830798","1":"product","2":"type-product","3":"status-publish","4":"has-post-thumbnail","6":"product_brand-milwaukee-fr","7":"product_cat-autres-appareils","8":"product_cat-diverses-machines-milwaukee","9":"product_cat-machines","10":"product_tag-import-milwau-fr","11":"sws-conto-ricavi-merci-rivendita-macchinari-fr","12":"sws-gruppo-iva-iva81-fr","14":"first","15":"onbackorder","16":"sale","17":"shipping-taxable","18":"purchasable","19":"product-type-simple"},"_links":{"self":[{"href":"https:\/\/lucacastelli.com\/fr\/wp-json\/wp\/v2\/product\/830798","targetHints":{"allow":["GET"]}}],"collection":[{"href":"https:\/\/lucacastelli.com\/fr\/wp-json\/wp\/v2\/product"}],"about":[{"href":"https:\/\/lucacastelli.com\/fr\/wp-json\/wp\/v2\/types\/product"}],"wp:featuredmedia":[{"embeddable":true,"href":"https:\/\/lucacastelli.com\/fr\/wp-json\/wp\/v2\/media\/589335"}],"wp:attachment":[{"href":"https:\/\/lucacastelli.com\/fr\/wp-json\/wp\/v2\/media?parent=830798"}],"wp:term":[{"taxonomy":"product_brand","embeddable":true,"href":"https:\/\/lucacastelli.com\/fr\/wp-json\/wp\/v2\/product_brand?post=830798"},{"taxonomy":"product_cat","embeddable":true,"href":"https:\/\/lucacastelli.com\/fr\/wp-json\/wp\/v2\/product_cat?post=830798"},{"taxonomy":"product_tag","embeddable":true,"href":"https:\/\/lucacastelli.com\/fr\/wp-json\/wp\/v2\/product_tag?post=830798"}],"curies":[{"name":"wp","href":"https:\/\/api.w.org\/{rel}","templated":true}]}}