{"id":830791,"date":"2025-08-08T17:37:08","date_gmt":"2025-08-08T15:37:08","guid":{"rendered":"https:\/\/lucacastelli.com\/prodotto\/milwaukee-camera-dinspection-360-3-m-m12\/"},"modified":"2025-08-08T17:37:08","modified_gmt":"2025-08-08T15:37:08","slug":"milwaukee-camera-dinspection-360-3-m-m12","status":"publish","type":"product","link":"https:\/\/lucacastelli.com\/fr\/produit\/milwaukee-camera-dinspection-360-3-m-m12\/","title":{"rendered":"MILWAUKEE Cam\u00e9ra d\u2019inspection 360\u00b0 3 m M12\u2122"},"content":{"rendered":"<p>M12 360IC32-0C 3M\/CAM\u00c9RAS D\u2019INSPECTION<br \/>\nL\u2019\u00e9cran LCD large de 4,3 pouces transmet des images nettes et d\u00e9taill\u00e9es ; L\u2019\u00e9cran pivote \u00e0 270 degr\u00e9s pour permettre \u00e0 l\u2019op\u00e9rateur d\u2019avoir toujours une image droite et align\u00e9e ; Le c\u00e2ble de 3 m est le bon compromis entre flexibilit\u00e9 pour l\u2019inspection \u00e0 l\u2019int\u00e9rieur des tuyaux et rigidit\u00e9 pour l\u2019inspection derri\u00e8re les murs ; Possibilit\u00e9 de r\u00e9gler 5 niveaux d\u2019\u00e9clairage diff\u00e9rents sans risque d\u2019ombres ou de reflets involontaires ; Une micro SD de 32 Go est incluse pour sauvegarder images et vid\u00e9os ; Cam\u00e9ra de 10 mm pour un acc\u00e8s facile dans les espaces restreints ; Excellente qualit\u00e9 d\u2019image gr\u00e2ce \u00e0 la cam\u00e9ra avec r\u00e9solution 720p ; 3 niveaux de zoom pour mettre au point m\u00eame le plus petit d\u00e9tail ; De plus, il est possible de faire pivoter num\u00e9riquement l\u2019image de 180 degr\u00e9s ; Le c\u00e2ble et la cam\u00e9ra sont certifi\u00e9s IP67, ils sont donc totalement prot\u00e9g\u00e9s contre l\u2019entr\u00e9e de sable, de poussi\u00e8re et de liquides ; Crochet, miroir et support sph\u00e9rique pour l\u2019inspection sont inclus ; La batterie REDLITHIUM\u2122 garantit une construction avanc\u00e9e du pack batterie et des performances constantes, pour offrir plus d\u2019autonomie et maximiser la dur\u00e9e de vie de la batterie ; Fonctionne avec toutes les batteries MILWAUKEE\u00ae M12\u2122<\/p>\n<p>4933480741<br \/>\n4058546410261<\/p>\n","protected":false},"excerpt":{"rendered":"<p>M12 360IC32-0C 3M\/CAM\u00c9RAS D\u2019INSPECTION<\/p>\n","protected":false},"featured_media":582878,"template":"","meta":{"_seopress_robots_primary_cat":"","_seopress_titles_title":"","_seopress_titles_desc":"","_seopress_robots_index":""},"product_brand":[3658],"product_cat":[5532,167,1453],"product_tag":[3273],"class_list":{"0":"post-830791","1":"product","2":"type-product","3":"status-publish","4":"has-post-thumbnail","6":"product_brand-milwaukee-fr","7":"product_cat-diverses-machines-milwaukee","8":"product_cat-machines","9":"product_cat-autres-appareils","10":"product_tag-import-milwau-fr","11":"sws-conto-ricavi-merci-rivendita-macchinari-fr","12":"sws-gruppo-iva-iva81-fr","14":"first","15":"onbackorder","16":"sale","17":"shipping-taxable","18":"purchasable","19":"product-type-simple"},"_links":{"self":[{"href":"https:\/\/lucacastelli.com\/fr\/wp-json\/wp\/v2\/product\/830791","targetHints":{"allow":["GET"]}}],"collection":[{"href":"https:\/\/lucacastelli.com\/fr\/wp-json\/wp\/v2\/product"}],"about":[{"href":"https:\/\/lucacastelli.com\/fr\/wp-json\/wp\/v2\/types\/product"}],"wp:featuredmedia":[{"embeddable":true,"href":"https:\/\/lucacastelli.com\/fr\/wp-json\/wp\/v2\/media\/582878"}],"wp:attachment":[{"href":"https:\/\/lucacastelli.com\/fr\/wp-json\/wp\/v2\/media?parent=830791"}],"wp:term":[{"taxonomy":"product_brand","embeddable":true,"href":"https:\/\/lucacastelli.com\/fr\/wp-json\/wp\/v2\/product_brand?post=830791"},{"taxonomy":"product_cat","embeddable":true,"href":"https:\/\/lucacastelli.com\/fr\/wp-json\/wp\/v2\/product_cat?post=830791"},{"taxonomy":"product_tag","embeddable":true,"href":"https:\/\/lucacastelli.com\/fr\/wp-json\/wp\/v2\/product_tag?post=830791"}],"curies":[{"name":"wp","href":"https:\/\/api.w.org\/{rel}","templated":true}]}}