{"id":830790,"date":"2025-08-08T17:37:00","date_gmt":"2025-08-08T15:37:00","guid":{"rendered":"https:\/\/lucacastelli.com\/prodotto\/milwaukee-lampe-torche-compacte-325l\/"},"modified":"2025-08-08T17:37:00","modified_gmt":"2025-08-08T15:37:00","slug":"milwaukee-lampe-torche-compacte-325l","status":"publish","type":"product","link":"https:\/\/lucacastelli.com\/fr\/produit\/milwaukee-lampe-torche-compacte-325l\/","title":{"rendered":"MILWAUKEE Lampe torche compacte 325L"},"content":{"rendered":"<p>ML-LED\/ILLUMINAZIONE<br \/>\n\u00c9clairage haute d\u00e9finition TRUEVIEW\u2122 capable de fournir 325 lumens, avec une port\u00e9e jusqu&#8217;\u00e0 50 m ; Corps en aluminium avec poign\u00e9e molet\u00e9e, r\u00e9sistant aux chocs et \u00e0 la corrosion ; Classe de protection IP67, r\u00e9siste \u00e0 l&#8217;immersion jusqu&#8217;\u00e0 1 m ; Clip amovible ; Lentille r\u00e9sistante aux chocs et aux agents chimiques ; 3 x AAA incluses<\/p>\n<p>4933464825<br \/>\n4058546227708<\/p>\n","protected":false},"excerpt":{"rendered":"<p>ML-LED\/ILLUMINAZIONE<\/p>\n","protected":false},"featured_media":573919,"template":"","meta":{"_seopress_robots_primary_cat":"","_seopress_titles_title":"","_seopress_titles_desc":"","_seopress_robots_index":""},"product_brand":[3407],"product_cat":[5531,29,514],"product_tag":[3270],"class_list":{"0":"post-830790","1":"product","2":"type-product","3":"status-publish","4":"has-post-thumbnail","6":"product_brand-milwaukee","7":"product_cat-vari-macchinari-milwaukee","8":"product_cat-macchinari","9":"product_cat-altri-dispositivi","10":"product_tag-import-milwau","11":"sws-conto-ricavi-merci-rivendita-macchinari-fr","12":"sws-gruppo-iva-iva81-fr","14":"first","15":"onbackorder","16":"sale","17":"shipping-taxable","18":"purchasable","19":"product-type-simple"},"_links":{"self":[{"href":"https:\/\/lucacastelli.com\/fr\/wp-json\/wp\/v2\/product\/830790","targetHints":{"allow":["GET"]}}],"collection":[{"href":"https:\/\/lucacastelli.com\/fr\/wp-json\/wp\/v2\/product"}],"about":[{"href":"https:\/\/lucacastelli.com\/fr\/wp-json\/wp\/v2\/types\/product"}],"wp:featuredmedia":[{"embeddable":true,"href":"https:\/\/lucacastelli.com\/fr\/wp-json\/wp\/v2\/media\/573919"}],"wp:attachment":[{"href":"https:\/\/lucacastelli.com\/fr\/wp-json\/wp\/v2\/media?parent=830790"}],"wp:term":[{"taxonomy":"product_brand","embeddable":true,"href":"https:\/\/lucacastelli.com\/fr\/wp-json\/wp\/v2\/product_brand?post=830790"},{"taxonomy":"product_cat","embeddable":true,"href":"https:\/\/lucacastelli.com\/fr\/wp-json\/wp\/v2\/product_cat?post=830790"},{"taxonomy":"product_tag","embeddable":true,"href":"https:\/\/lucacastelli.com\/fr\/wp-json\/wp\/v2\/product_tag?post=830790"}],"curies":[{"name":"wp","href":"https:\/\/api.w.org\/{rel}","templated":true}]}}