{"id":830786,"date":"2025-08-08T17:37:12","date_gmt":"2025-08-08T15:37:12","guid":{"rendered":"https:\/\/lucacastelli.com\/prodotto\/milwaukee-camera-dinspection-de-canalisations\/"},"modified":"2025-08-08T17:37:12","modified_gmt":"2025-08-08T15:37:12","slug":"milwaukee-camera-dinspection-de-canalisations","status":"publish","type":"product","link":"https:\/\/lucacastelli.com\/fr\/produit\/milwaukee-camera-dinspection-de-canalisations\/","title":{"rendered":"MILWAUKEE Cam\u00e9ra d\u2019inspection de canalisations"},"content":{"rendered":"<p>M12SICO20-0 CAM. INSP. \u00c9GOUTS 20M L.16MM<br \/>\nLa nouvelle cam\u00e9ra HD de 16 mm garantit une maniabilit\u00e9 maximale dans les tuyaux de petit diam\u00e8tre avec les meilleures images de sa cat\u00e9gorie ; C\u00e2ble de 20 m de long, ultra-flexible de 7,5 mm de diam\u00e8tre, parfait pour passer les coudes \u00e0 90 degr\u00e9s dans les canalisations de 32 mm ; Smart Hub int\u00e9gr\u00e9 avec port USB ; La fonctionnalit\u00e9 Wi-Fi permet de transf\u00e9rer des donn\u00e9es via USB-A, USB-C et Wi-Fi ; Gr\u00e2ce \u00e0 son encombrement r\u00e9duit, la cam\u00e9ra est facile \u00e0 ranger dans n\u2019importe quel fourgon et peut \u00eatre utilis\u00e9e m\u00eame dans les espaces les plus restreints ; Sonde int\u00e9gr\u00e9e pour une localisation facile : 512 Hz \u00e0 utiliser avec tous les localisateurs courants ; Peut \u00eatre utilis\u00e9e avec les moniteurs M12\u2122 et M18\u2122 ou avec l\u2019application Pipeline Inspection ; Tambour enti\u00e8rement ferm\u00e9 pour un meilleur confinement des d\u00e9bris ; Poign\u00e9e pratique pour faciliter le transport ; Base en caoutchouc isol\u00e9e ; LED de derni\u00e8re g\u00e9n\u00e9ration pour \u00e9clairer les canalisations de 32 \u00e0 75 mm<\/p>\n<p>4933498231<br \/>\n4058546521004<\/p>\n","protected":false},"excerpt":{"rendered":"<p>M12SICO20-0 CAM. INSP. \u00c9GOUTS 20M L.16MM<\/p>\n","protected":false},"featured_media":599547,"template":"","meta":{"_seopress_robots_primary_cat":"","_seopress_titles_title":"","_seopress_titles_desc":"","_seopress_robots_index":""},"product_brand":[3407],"product_cat":[5531,29,514],"product_tag":[3270],"class_list":{"0":"post-830786","1":"product","2":"type-product","3":"status-publish","4":"has-post-thumbnail","6":"product_brand-milwaukee","7":"product_cat-vari-macchinari-milwaukee","8":"product_cat-macchinari","9":"product_cat-altri-dispositivi","10":"product_tag-import-milwau","11":"sws-conto-ricavi-merci-rivendita-macchinari-fr","12":"sws-gruppo-iva-iva81-fr","14":"first","15":"onbackorder","16":"sale","17":"shipping-taxable","18":"purchasable","19":"product-type-simple"},"_links":{"self":[{"href":"https:\/\/lucacastelli.com\/fr\/wp-json\/wp\/v2\/product\/830786","targetHints":{"allow":["GET"]}}],"collection":[{"href":"https:\/\/lucacastelli.com\/fr\/wp-json\/wp\/v2\/product"}],"about":[{"href":"https:\/\/lucacastelli.com\/fr\/wp-json\/wp\/v2\/types\/product"}],"wp:featuredmedia":[{"embeddable":true,"href":"https:\/\/lucacastelli.com\/fr\/wp-json\/wp\/v2\/media\/599547"}],"wp:attachment":[{"href":"https:\/\/lucacastelli.com\/fr\/wp-json\/wp\/v2\/media?parent=830786"}],"wp:term":[{"taxonomy":"product_brand","embeddable":true,"href":"https:\/\/lucacastelli.com\/fr\/wp-json\/wp\/v2\/product_brand?post=830786"},{"taxonomy":"product_cat","embeddable":true,"href":"https:\/\/lucacastelli.com\/fr\/wp-json\/wp\/v2\/product_cat?post=830786"},{"taxonomy":"product_tag","embeddable":true,"href":"https:\/\/lucacastelli.com\/fr\/wp-json\/wp\/v2\/product_tag?post=830786"}],"curies":[{"name":"wp","href":"https:\/\/api.w.org\/{rel}","templated":true}]}}