{"id":830781,"date":"2025-08-08T17:37:05","date_gmt":"2025-08-08T15:37:05","guid":{"rendered":"https:\/\/lucacastelli.com\/prodotto\/milwaukee-tete-perforante-pour-deboucheur-haute-vitesse-m12-hsfsm\/"},"modified":"2025-08-08T17:37:05","modified_gmt":"2025-08-08T15:37:05","slug":"milwaukee-tete-perforante-pour-deboucheur-haute-vitesse-m12-hsfsm","status":"publish","type":"product","link":"https:\/\/lucacastelli.com\/fr\/produit\/milwaukee-tete-perforante-pour-deboucheur-haute-vitesse-m12-hsfsm\/","title":{"rendered":"MILWAUKEE T\u00eate perforante pour d\u00e9boucheur haute vitesse M12 HSFSM"},"content":{"rendered":"<p>T\u00eate perforante pour d\u00e9boucheur haute vitesse M12 HSFSM<br \/>\nM12Flex.Shaft Machine Penetrating Head<br \/>\nT\u00eate de perforation pour machine haute vitesse rechargeable M12 avec arbre flexible ; \u00c0 utiliser devant les cha\u00eenes, pour percer des trous dans les points obstru\u00e9s<\/p>\n<p>4932499171<br \/>\n4058546563356<\/p>\n","protected":false},"excerpt":{"rendered":"<p>M12Flex.Shaft Machine Penetrating Head<\/p>\n","protected":false},"featured_media":593664,"template":"","meta":{"_seopress_robots_primary_cat":"","_seopress_titles_title":"","_seopress_titles_desc":"","_seopress_robots_index":""},"product_brand":[3658],"product_cat":[5532,167,1453],"product_tag":[3273],"class_list":{"0":"post-830781","1":"product","2":"type-product","3":"status-publish","4":"has-post-thumbnail","6":"product_brand-milwaukee-fr","7":"product_cat-diverses-machines-milwaukee","8":"product_cat-machines","9":"product_cat-autres-appareils","10":"product_tag-import-milwau-fr","11":"sws-conto-ricavi-merci-rivendita-macchinari-fr","12":"sws-gruppo-iva-iva81-fr","14":"first","15":"onbackorder","16":"sale","17":"shipping-taxable","18":"purchasable","19":"product-type-simple"},"_links":{"self":[{"href":"https:\/\/lucacastelli.com\/fr\/wp-json\/wp\/v2\/product\/830781","targetHints":{"allow":["GET"]}}],"collection":[{"href":"https:\/\/lucacastelli.com\/fr\/wp-json\/wp\/v2\/product"}],"about":[{"href":"https:\/\/lucacastelli.com\/fr\/wp-json\/wp\/v2\/types\/product"}],"wp:featuredmedia":[{"embeddable":true,"href":"https:\/\/lucacastelli.com\/fr\/wp-json\/wp\/v2\/media\/593664"}],"wp:attachment":[{"href":"https:\/\/lucacastelli.com\/fr\/wp-json\/wp\/v2\/media?parent=830781"}],"wp:term":[{"taxonomy":"product_brand","embeddable":true,"href":"https:\/\/lucacastelli.com\/fr\/wp-json\/wp\/v2\/product_brand?post=830781"},{"taxonomy":"product_cat","embeddable":true,"href":"https:\/\/lucacastelli.com\/fr\/wp-json\/wp\/v2\/product_cat?post=830781"},{"taxonomy":"product_tag","embeddable":true,"href":"https:\/\/lucacastelli.com\/fr\/wp-json\/wp\/v2\/product_tag?post=830781"}],"curies":[{"name":"wp","href":"https:\/\/api.w.org\/{rel}","templated":true}]}}